{"id":7,"date":"2022-09-01T20:26:50","date_gmt":"2022-09-01T20:26:50","guid":{"rendered":"https:\/\/unlock.green\/fr\/?page_id=7"},"modified":"2023-12-11T11:36:56","modified_gmt":"2023-12-11T11:36:56","slug":"home-page","status":"publish","type":"page","link":"https:\/\/unlock.green\/fr\/","title":{"rendered":"Accueil"},"content":{"rendered":"<section id=\"ug_heading-block_6571a9cf0ec87\" class=\"relative bg-white\">\n    <div class=\"max-w-8xl mx-auto px-8 py-8 lg:px-16 lg:py-16\">\n        <h2 class=\"text-4xl lg:text-5xl font-bold ug-heading mr-12 lg:mr-0 text-ug-green\">\n            Unlock ! Pour des logements durables !\n        <\/h2>\n    <\/div>\n\n    <div class=\"bg-ug-green absolute top-0 bottom-0 h-full w-40 right-0 transform triangle-45deg\"><\/div>\n<\/section>\n\n\n<div class=\"wp-block-columns is-layout-flex wp-container-core-columns-is-layout-9d6595d7 wp-block-columns-is-layout-flex\">\n<div class=\"wp-block-column is-layout-flow wp-block-column-is-layout-flow\">\n<p>Nous appelons les institutions fran\u00e7aises et europ\u00e9ennes \u00e0 d\u00e9bloquer les fonds n\u00e9cessaires pour r\u00e9nover nos habitations et les rendre plus \u00e9cologiques.<\/p>\n\n\n\n<p>Le 30 novembre 2023, <a href=\"https:\/\/unlock.green\/fr\/publications\/58000-signatures-de-petition-a-la-bce\/\">nous avons remis<\/a> \u00e0 la Banque centrale europ\u00e9enne (BCE) les signatures de 58 000 citoyens europ\u00e9ens. La campagne Unlock, qui s&rsquo;adresse au grand public, se conclut par la remise des signatures.&nbsp;<br>Toutefois, les organisations partenaires continueront \u00e0 faire pression pour obtenir des solutions concr\u00e8tes et ambitieuses afin de financer la transition \u00e9cologique des logements europ\u00e9ens, tant au niveau de l&rsquo;Union Europ\u00e9enne qu&rsquo;au niveau national. Suivez <a href=\"https:\/\/www.agirpourleclimat.net\/\" target=\"_blank\" rel=\"noreferrer noopener\">Agir pour le climat<\/a> pour vous tenir au courant des campagnes et des projets en cours !<\/p>\n<\/div>\n\n\n\n<div class=\"wp-block-column is-layout-flow wp-block-column-is-layout-flow\">\n<figure class=\"wp-block-embed is-type-video is-provider-youtube wp-block-embed-youtube wp-embed-aspect-4-3 wp-has-aspect-ratio\"><div class=\"wp-block-embed__wrapper\">\n<iframe loading=\"lazy\" title=\"La campagne Unlock remet 58 000 signatures de p\u00e9tition \u00e0 la BCE\" width=\"500\" height=\"375\" src=\"https:\/\/www.youtube.com\/embed\/IG-_hU76aew?feature=oembed\" frameborder=\"0\" allow=\"accelerometer; autoplay; clipboard-write; encrypted-media; gyroscope; picture-in-picture; web-share\" referrerpolicy=\"strict-origin-when-cross-origin\" allowfullscreen><\/iframe>\n<\/div><\/figure>\n<\/div>\n<\/div>\n\n\n<section id=\"ug_features-block_63119df87bfad\" class=\"w-full h-full bg-ug-lighter-gray bg-no-repeat bg-cover mobile-bg-none\" style=\"background-image: url('https:\/\/unlock.green\/fr\/wp-content\/uploads\/sites\/2\/2022\/09\/iStock-1043899576-scaled.jpg')\">\n    <div class=\"grid max-w-8xl mx-auto pb-6 lg:pb-32 pt-6 lg:pt-48 lg:px-40 gap-x-20 grid-cols-1 divide-y divide-dashed divide-ug-dark-gray lg:divide-y-0 lg:grid-cols-3\">\n                    <div class=\"text-center space-y-6 bg-transparent lg:bg-white pt-12 lg:pt-24 px-6 relative\">\n                <div class=\"bg-white border-[10px] border-ug-green w-32 h-32 mx-auto lg:mx-auto rounded-full flex items-center justify-center lg:absolute lg:-top-1\/2 lg:left-1\/2 lg:transform lg:translate-y-3\/4 lg:-translate-x-1\/2\">\n                    <img decoding=\"async\" src=\"https:\/\/unlock.green\/fr\/wp-content\/uploads\/sites\/2\/2022\/09\/Green-Energy.png\" alt=\"95% d'\u00e9missions de gaz \u00e0 effet de serre\" class=\"w-3\/4 h-3\/4\">\n                <\/div>\n\n                <strong class=\"text-xl block\">\n                    95% d&rsquo;\u00e9missions de gaz \u00e0 effet de serre\n                <\/strong>\n\n                <div class=\"text-lg pb-12\">\n                    <p><span style=\"font-weight: 400\">en moins gr\u00e2ce aux r\u00e9novations performantes de nos b\u00e2timents<\/span><\/p>\n\n                <\/div>\n            <\/div>\n                    <div class=\"text-center space-y-6 bg-transparent lg:bg-white pt-12 lg:pt-24 px-6 relative\">\n                <div class=\"bg-white border-[10px] border-ug-green w-32 h-32 mx-auto lg:mx-auto rounded-full flex items-center justify-center lg:absolute lg:-top-1\/2 lg:left-1\/2 lg:transform lg:translate-y-3\/4 lg:-translate-x-1\/2\">\n                    <img decoding=\"async\" src=\"https:\/\/unlock.green\/fr\/wp-content\/uploads\/sites\/2\/2022\/09\/Savings.png\" alt=\"Jusqu'\u00e0 2000\u20ac \u00e9conomis\u00e9s\" class=\"w-3\/4 h-3\/4\">\n                <\/div>\n\n                <strong class=\"text-xl block\">\n                    Jusqu&rsquo;\u00e0 2000\u20ac \u00e9conomis\u00e9s\n                <\/strong>\n\n                <div class=\"text-lg pb-12\">\n                    <p><span style=\"font-weight: 400\">par foyer par an sur les factures \u00e9nerg\u00e9tiques<\/span><\/p>\n\n                <\/div>\n            <\/div>\n                    <div class=\"text-center space-y-6 bg-transparent lg:bg-white pt-12 lg:pt-24 px-6 relative\">\n                <div class=\"bg-white border-[10px] border-ug-green w-32 h-32 mx-auto lg:mx-auto rounded-full flex items-center justify-center lg:absolute lg:-top-1\/2 lg:left-1\/2 lg:transform lg:translate-y-3\/4 lg:-translate-x-1\/2\">\n                    <img decoding=\"async\" src=\"https:\/\/unlock.green\/fr\/wp-content\/uploads\/sites\/2\/2022\/09\/Construction-Worker.png\" alt=\"200 000 nouveaux emplois\" class=\"w-3\/4 h-3\/4\">\n                <\/div>\n\n                <strong class=\"text-xl block\">\n                    200 000 nouveaux emplois\n                <\/strong>\n\n                <div class=\"text-lg pb-12\">\n                    <p><span style=\"font-weight: 400\">cr\u00e9\u00e9s en France gr\u00e2ce \u00e0 la transformation \u00e9nerg\u00e9tique des b\u00e2timents<\/span><\/p>\n\n                <\/div>\n            <\/div>\n            <\/div>\n<\/section>\n\n\n<section id=\"ug_text_image-block_6311a0ba7bfaf\" class=\"relative bg-ug-secondary\">\n    <div class=\"max-w-8xl mx-auto relative grid grid-cols-1 lg:grid-cols-5\">\n        <div class=\"space-y-8 py-8 lg:py-16 px-8 lg:px-16 col-span-3\">\n            <h2 class=\"text-3xl lg:text-5xl font-bold ug-heading text-white\">\n                Pourquoi la campagne Unlock ?\n            <\/h2>\n\n            <div class=\"space-y-4 lg:space-y-8 text-lg lg:text-xl text-white\">\n                <p>Nous sommes au c\u0153ur d&rsquo;une crise sociale et climatique qui trouve son origine dans notre d\u00e9pendance aux \u00e9nergies fossiles (principales \u00e9mettrices de gaz \u00e0 effet de serre). Les prix de l&rsquo;\u00e9nergie augmentent et les \u00e9v\u00e9nements m\u00e9t\u00e9orologiques sont devenus de v\u00e9ritables menaces pour chacun\u00b7e d&rsquo;entre nous. L&rsquo;ann\u00e9e 2022 a \u00e9t\u00e9 la deuxi\u00e8me ann\u00e9e la plus chaude de l&rsquo;histoire en Europe et la cinqui\u00e8me ann\u00e9e la plus chaude au niveau mondial. Le printemps et l&rsquo;\u00e9t\u00e9 apportent avec eux la menace de nouveaux ph\u00e9nom\u00e8nes m\u00e9t\u00e9orologiques extr\u00eames, tels que les s\u00e9cheresses, les vagues de chaleur et les incendies. Dans le m\u00eame temps, les gouvernements d\u00e9pensent des milliards dans des projets de combustibles fossiles pour pallier les p\u00e9nuries d&rsquo;\u00e9nergie.<\/p>\n<p>Face \u00e0 l&rsquo;urgence climatique et sociale, nous ne pouvons plus reproduire les m\u00eames erreurs. Le gouvernement et la Banque de France doivent agir d\u00e8s \u00e0 pr\u00e9sent en mettant en place des mesures structurelles ambitieuses et contribuer \u00e0 rendre nos logements plus sains et durables. La r\u00e9novation \u00e9nerg\u00e9tique performante des logements cr\u00e9erait un syst\u00e8me \u00e9nerg\u00e9tique plus juste et plus stable et permettrait de r\u00e9duire le co\u00fbt de la vie pour toutes et tous.<\/p>\n<p>Gr\u00e2ce \u00e0 une combinaison de pr\u00eats et de subventions abordables, nous pouvons rendre nos logements performants sur le plan \u00e9nerg\u00e9tique. Et en mettant fin \u00e0 notre d\u00e9pendance aux \u00e9nergies fossiles, nous pouvons faire en sorte de r\u00e9duire nos factures d&rsquo;\u00e9nergie et nos \u00e9missions de gaz \u00e0 effet de serre.<\/p>\n<p>Il faut agir maintenant.<\/p>\n\n            <\/div>\n\n                            <a href=\"https:\/\/unlock.green\/fr\/campagne-unlock\/\" class=\"inline-block py-4 px-6 text-xl font-bold text-white bg-ug-purple rounded-2xl ug-button\">\n                    En savoir plus\n                <\/a>\n                    <\/div>\n\n                    <div class=\"self-end col-span-2 z-50 xl:-mr-4 2xl:mr-0\">\n                <img decoding=\"async\" src=\"https:\/\/unlock.green\/fr\/wp-content\/uploads\/sites\/2\/2023\/04\/girl-blue-helmet-white-cutout-transparent.png\" class=\"w-full h-auto block\">\n            <\/div>\n            <\/div>\n\n            <div class=\"hidden lg:block bg-ug-green absolute top-0 bottom-0 w-1\/2 right-0 transform triangle-45deg\"><\/div>\n    <\/section>\n\n<section id=\"ug_recent_updates-block_6311a7f61857a\" class=\"relative bg-ug-lighter-gray\">\n    <div class=\"max-w-8xl mx-auto px-8 py-8 lg:px-16 lg:py-16 space-y-8 relative\">\n        <h2 class=\"text-3xl lg:text-4xl font-bold ug-heading text-ug-green\">\n            Nos derni\u00e8res publications\n        <\/h2>\n\n        <div class=\"grid grid-cols-1 lg:grid-cols-2 gap-y-8 gap-x-8\">\n                            <a href=\"https:\/\/unlock.green\/fr\/publications\/58000-signatures-de-petition-a-la-bce\/\" class=\"ug-button\">\n                    <div class=\"bg-white px-4 py-4 flex flex-col lg:flex-row space-y-4 lg:space-y-0 lg:space-x-6 shadow-lg lg:shadow\">\n                        <div class=\"w-[300px] h-[300px]\">\n                            <img decoding=\"async\" src=\"https:\/\/unlock.green\/fr\/wp-content\/uploads\/sites\/2\/2023\/11\/Unlock-petition-delivery-30-Nov.jpeg\" alt=\"\">\n                        <\/div>\n                \n                        <div class=\"flex-1 flex flex-col space-y-2\">\n                            <div class=\"flex-1\">\n                                <p class=\"text-ug-dark-gray\">\n                                    novembre 30, 2023\n                                <\/p>\n                                <h3 class=\"mt-4 font-bold text-lg ug-heading\">\n                                    La campagne Unlock remet 58 000 signatures de p\u00e9tition \u00e0 la BCE\n                                <\/h3>\n                                <div class=\"mt-4\">\n                                    Aujourd&rsquo;hui, les membres de la campagne Unlock ont remis un nombre impressionnant de 58 000 signatures de p\u00e9tition \u00e0 Boris Kisselevsky, repr\u00e9sentant permanent de la Banque centrale europ\u00e9enne (BCE) \u00e0 Bruxelles. Cette initiative intervient le jour de l&rsquo;ouverture des n\u00e9gociations des Nations Unies sur le climat (COP 28) \u00e0 Duba\u00ef,&hellip;\n                                <\/div>\n                            <\/div>\n\n                            <div class=\"flex items-center space-x-4\">\n                                                                    <span class=\"bg-[#D9D9D9] opacity-60 text-sm px-4 py-px rounded-full\">\n                                        Blog\n                                    <\/span>\n                                                                    <span class=\"bg-[#D9D9D9] opacity-60 text-sm px-4 py-px rounded-full\">\n                                        Tout\n                                    <\/span>\n                                                            <\/div>\n                        <\/div>\n                    <\/div>\n                <\/a>\n                            <a href=\"https:\/\/unlock.green\/fr\/publications\/les-partenaires-de-la-coalition-unlock-institut-rousseau\/\" class=\"ug-button\">\n                    <div class=\"bg-white px-4 py-4 flex flex-col lg:flex-row space-y-4 lg:space-y-0 lg:space-x-6 shadow-lg lg:shadow\">\n                        <div class=\"w-[300px] h-[300px]\">\n                            <img decoding=\"async\" src=\"https:\/\/unlock.green\/fr\/wp-content\/uploads\/sites\/2\/2023\/06\/Coalition-Unlock-Institut-Rousseau-banniere-scaled.jpg\" alt=\"\">\n                        <\/div>\n                \n                        <div class=\"flex-1 flex flex-col space-y-2\">\n                            <div class=\"flex-1\">\n                                <p class=\"text-ug-dark-gray\">\n                                    juin 26, 2023\n                                <\/p>\n                                <h3 class=\"mt-4 font-bold text-lg ug-heading\">\n                                    Les partenaires de la coalition Unlock : L&rsquo;Institut Rousseau\n                                <\/h3>\n                                <div class=\"mt-4\">\n                                    D\u00e9couvrez les partenaires de la coalition Unlock : L&rsquo;Institut Rousseau\n                                <\/div>\n                            <\/div>\n\n                            <div class=\"flex items-center space-x-4\">\n                                                                    <span class=\"bg-[#D9D9D9] opacity-60 text-sm px-4 py-px rounded-full\">\n                                        Blog\n                                    <\/span>\n                                                                    <span class=\"bg-[#D9D9D9] opacity-60 text-sm px-4 py-px rounded-full\">\n                                        Tout\n                                    <\/span>\n                                                            <\/div>\n                        <\/div>\n                    <\/div>\n                <\/a>\n                    <\/div>\n\n        <div class=\"flex items-center justify-end\">\n            <a href=\"https:\/\/unlock.green\/fr\/publications\/\" class=\"text-ug-purple underline font-bold ug-button\">\n                Voir plus \n            <\/a>\n        <\/div>\n    <\/div>\n<\/section>","protected":false},"excerpt":{"rendered":"<p>Nous appelons les institutions fran\u00e7aises et europ\u00e9ennes \u00e0 d\u00e9bloquer les fonds n\u00e9cessaires pour r\u00e9nover nos habitations et les rendre plus \u00e9cologiques. Le 30 novembre 2023, nous avons remis \u00e0 la Banque centrale europ\u00e9enne (BCE) les signatures de 58 000 citoyens europ\u00e9ens. La campagne Unlock, qui s&rsquo;adresse au grand public, se conclut par la remise des [&hellip;]<\/p>\n","protected":false},"author":5,"featured_media":119,"parent":0,"menu_order":0,"comment_status":"closed","ping_status":"closed","template":"","meta":{"footnotes":""},"class_list":["post-7","page","type-page","status-publish","has-post-thumbnail","hentry"],"acf":[],"yoast_head":"<!-- This site is optimized with the Yoast SEO plugin v19.6.1 - https:\/\/yoast.com\/wordpress\/plugins\/seo\/ -->\n<title>Accueil - Unlock.. Pour des \u00e9conomies d\u2019\u00e9nergie<\/title>\n<meta name=\"description\" content=\"D\u00e9bloquons les financements pour la r\u00e9novation \u00e9nerg\u00e9tique de nos logements. Unlock.. Pour des \u00e9conomies d\u2019\u00e9nergie\" \/>\n<meta name=\"robots\" content=\"index, follow, max-snippet:-1, max-image-preview:large, max-video-preview:-1\" \/>\n<link rel=\"canonical\" href=\"https:\/\/unlock.green\/fr\/\" \/>\n<meta property=\"og:locale\" content=\"fr_FR\" \/>\n<meta property=\"og:type\" content=\"article\" \/>\n<meta property=\"og:title\" content=\"Accueil - Unlock.. Pour des \u00e9conomies d\u2019\u00e9nergie\" \/>\n<meta property=\"og:description\" content=\"Alors que nous subissons les crises \u00e9nerg\u00e9tique, \u00e9conomique et climatique, nos logements ne sont pas compatibles avec la transition \u00e9nerg\u00e9tique et consomment encore trop d&#039;\u00e9nergie. Nous appelons les pouvoirs publics \u00e0 d\u00e9bloquer \ud83d\udd13des fonds pour de &quot;vraies&quot; r\u00e9novations. Soutenez-nous en signant la p\u00e9tition :\" \/>\n<meta property=\"og:url\" content=\"https:\/\/unlock.green\/fr\/\" \/>\n<meta property=\"og:site_name\" content=\"Unlock FR\" \/>\n<meta property=\"article:modified_time\" content=\"2023-12-11T11:36:56+00:00\" \/>\n<meta property=\"og:image\" content=\"https:\/\/unlock.green\/fr\/wp-content\/uploads\/sites\/2\/2022\/11\/Cover-slogan-Unlock-site-1.png\" \/>\n\t<meta property=\"og:image:width\" content=\"1600\" \/>\n\t<meta property=\"og:image:height\" content=\"900\" \/>\n\t<meta property=\"og:image:type\" content=\"image\/png\" \/>\n<meta name=\"twitter:card\" content=\"summary_large_image\" \/>\n<meta name=\"twitter:description\" content=\"Soutenez la campagne \ud83d\udd13Unlock pour r\u00e9nover nos b\u00e2timents, r\u00e9duire nos factures d&#039;\u00e9nergie et notre d\u00e9pendance aux \u00e9nergies fossiles ! Signer la p\u00e9tition :\" \/>\n<meta name=\"twitter:image\" content=\"https:\/\/unlock.green\/fr\/wp-content\/uploads\/sites\/2\/2022\/11\/Cover-slogan-Unlock-site-1.png\" \/>\n<script type=\"application\/ld+json\" class=\"yoast-schema-graph\">{\"@context\":\"https:\/\/schema.org\",\"@graph\":[{\"@type\":\"WebPage\",\"@id\":\"https:\/\/unlock.green\/fr\/\",\"url\":\"https:\/\/unlock.green\/fr\/\",\"name\":\"Accueil - Unlock.. Pour des \u00e9conomies d\u2019\u00e9nergie\",\"isPartOf\":{\"@id\":\"https:\/\/unlock.green\/fr\/#website\"},\"datePublished\":\"2022-09-01T20:26:50+00:00\",\"dateModified\":\"2023-12-11T11:36:56+00:00\",\"description\":\"D\u00e9bloquons les financements pour la r\u00e9novation \u00e9nerg\u00e9tique de nos logements. Unlock.. Pour des \u00e9conomies d\u2019\u00e9nergie\",\"breadcrumb\":{\"@id\":\"https:\/\/unlock.green\/fr\/#breadcrumb\"},\"inLanguage\":\"fr-FR\",\"potentialAction\":[{\"@type\":\"ReadAction\",\"target\":[\"https:\/\/unlock.green\/fr\/\"]}]},{\"@type\":\"BreadcrumbList\",\"@id\":\"https:\/\/unlock.green\/fr\/#breadcrumb\",\"itemListElement\":[{\"@type\":\"ListItem\",\"position\":1,\"name\":\"Home\",\"item\":\"https:\/\/unlock.green\/fr\/\"},{\"@type\":\"ListItem\",\"position\":2,\"name\":\"Accueil\"}]},{\"@type\":\"WebSite\",\"@id\":\"https:\/\/unlock.green\/fr\/#website\",\"url\":\"https:\/\/unlock.green\/fr\/\",\"name\":\"Unlock FR\",\"description\":\"Unlock home renovations\",\"potentialAction\":[{\"@type\":\"SearchAction\",\"target\":{\"@type\":\"EntryPoint\",\"urlTemplate\":\"https:\/\/unlock.green\/fr\/?s={search_term_string}\"},\"query-input\":\"required name=search_term_string\"}],\"inLanguage\":\"fr-FR\"}]}<\/script>\n<!-- \/ Yoast SEO plugin. -->","yoast_head_json":{"title":"Accueil - Unlock.. Pour des \u00e9conomies d\u2019\u00e9nergie","description":"D\u00e9bloquons les financements pour la r\u00e9novation \u00e9nerg\u00e9tique de nos logements. Unlock.. Pour des \u00e9conomies d\u2019\u00e9nergie","robots":{"index":"index","follow":"follow","max-snippet":"max-snippet:-1","max-image-preview":"max-image-preview:large","max-video-preview":"max-video-preview:-1"},"canonical":"https:\/\/unlock.green\/fr\/","og_locale":"fr_FR","og_type":"article","og_title":"Accueil - Unlock.. Pour des \u00e9conomies d\u2019\u00e9nergie","og_description":"Alors que nous subissons les crises \u00e9nerg\u00e9tique, \u00e9conomique et climatique, nos logements ne sont pas compatibles avec la transition \u00e9nerg\u00e9tique et consomment encore trop d'\u00e9nergie. Nous appelons les pouvoirs publics \u00e0 d\u00e9bloquer \ud83d\udd13des fonds pour de \"vraies\" r\u00e9novations. Soutenez-nous en signant la p\u00e9tition :","og_url":"https:\/\/unlock.green\/fr\/","og_site_name":"Unlock FR","article_modified_time":"2023-12-11T11:36:56+00:00","og_image":[{"width":1600,"height":900,"url":"https:\/\/unlock.green\/fr\/wp-content\/uploads\/sites\/2\/2022\/11\/Cover-slogan-Unlock-site-1.png","type":"image\/png"}],"twitter_card":"summary_large_image","twitter_description":"Soutenez la campagne \ud83d\udd13Unlock pour r\u00e9nover nos b\u00e2timents, r\u00e9duire nos factures d'\u00e9nergie et notre d\u00e9pendance aux \u00e9nergies fossiles ! Signer la p\u00e9tition :","twitter_image":"https:\/\/unlock.green\/fr\/wp-content\/uploads\/sites\/2\/2022\/11\/Cover-slogan-Unlock-site-1.png","schema":{"@context":"https:\/\/schema.org","@graph":[{"@type":"WebPage","@id":"https:\/\/unlock.green\/fr\/","url":"https:\/\/unlock.green\/fr\/","name":"Accueil - Unlock.. Pour des \u00e9conomies d\u2019\u00e9nergie","isPartOf":{"@id":"https:\/\/unlock.green\/fr\/#website"},"datePublished":"2022-09-01T20:26:50+00:00","dateModified":"2023-12-11T11:36:56+00:00","description":"D\u00e9bloquons les financements pour la r\u00e9novation \u00e9nerg\u00e9tique de nos logements. Unlock.. Pour des \u00e9conomies d\u2019\u00e9nergie","breadcrumb":{"@id":"https:\/\/unlock.green\/fr\/#breadcrumb"},"inLanguage":"fr-FR","potentialAction":[{"@type":"ReadAction","target":["https:\/\/unlock.green\/fr\/"]}]},{"@type":"BreadcrumbList","@id":"https:\/\/unlock.green\/fr\/#breadcrumb","itemListElement":[{"@type":"ListItem","position":1,"name":"Home","item":"https:\/\/unlock.green\/fr\/"},{"@type":"ListItem","position":2,"name":"Accueil"}]},{"@type":"WebSite","@id":"https:\/\/unlock.green\/fr\/#website","url":"https:\/\/unlock.green\/fr\/","name":"Unlock FR","description":"Unlock home renovations","potentialAction":[{"@type":"SearchAction","target":{"@type":"EntryPoint","urlTemplate":"https:\/\/unlock.green\/fr\/?s={search_term_string}"},"query-input":"required name=search_term_string"}],"inLanguage":"fr-FR"}]}},"_links":{"self":[{"href":"https:\/\/unlock.green\/fr\/wp-json\/wp\/v2\/pages\/7","targetHints":{"allow":["GET"]}}],"collection":[{"href":"https:\/\/unlock.green\/fr\/wp-json\/wp\/v2\/pages"}],"about":[{"href":"https:\/\/unlock.green\/fr\/wp-json\/wp\/v2\/types\/page"}],"author":[{"embeddable":true,"href":"https:\/\/unlock.green\/fr\/wp-json\/wp\/v2\/users\/5"}],"replies":[{"embeddable":true,"href":"https:\/\/unlock.green\/fr\/wp-json\/wp\/v2\/comments?post=7"}],"version-history":[{"count":0,"href":"https:\/\/unlock.green\/fr\/wp-json\/wp\/v2\/pages\/7\/revisions"}],"wp:featuredmedia":[{"embeddable":true,"href":"https:\/\/unlock.green\/fr\/wp-json\/wp\/v2\/media\/119"}],"wp:attachment":[{"href":"https:\/\/unlock.green\/fr\/wp-json\/wp\/v2\/media?parent=7"}],"curies":[{"name":"wp","href":"https:\/\/api.w.org\/{rel}","templated":true}]}}