{"id":69,"date":"2022-09-02T10:40:14","date_gmt":"2022-09-02T10:40:14","guid":{"rendered":"https:\/\/unlock.green\/fr\/?page_id=69"},"modified":"2022-09-14T14:11:51","modified_gmt":"2022-09-14T14:11:51","slug":"mentions-legales","status":"publish","type":"page","link":"https:\/\/unlock.green\/fr\/mentions-legales\/","title":{"rendered":"Mentions l\u00e9gales"},"content":{"rendered":"<section id=\"ug_heading-block_6311dd6a9770a\" class=\"relative bg-white\">\n    <div class=\"max-w-8xl mx-auto px-8 py-8 lg:px-16 lg:py-16\">\n        <h2 class=\"text-4xl lg:text-5xl font-bold ug-heading mr-12 lg:mr-0 text-ug-green\">\n            Mentions l\u00e9gales\n        <\/h2>\n    <\/div>\n\n    <div class=\"bg-ug-green absolute top-0 bottom-0 h-full w-40 right-0 transform triangle-45deg\"><\/div>\n<\/section>\n\n\n<div class=\"wp-block-columns is-layout-flex wp-container-core-columns-is-layout-9d6595d7 wp-block-columns-is-layout-flex\">\n<div class=\"wp-block-column is-layout-flow wp-block-column-is-layout-flow\">\n<p class=\"has-medium-font-size\">La plateforme&nbsp;<a href=\"https:\/\/unlock.green\/\">https:\/\/unlock.green<\/a>&nbsp;vous est mise \u00e0 disposition par Positive Money Europe, une association sans but lucratif Belge dont le si\u00e8ge est \u00e0 Bruxelles, Belgique.&nbsp;<\/p>\n\n\n\n<p class=\"has-medium-font-size\">Num\u00e9ro d\u2019entreprise: 0718.859.377<\/p>\n\n\n\n<p class=\"has-medium-font-size\">Forme de soci\u00e9t\u00e9:&nbsp; Association sans but lucratif<\/p>\n\n\n\n<p class=\"has-medium-font-size\">Personne d\u00e9l\u00e9gu\u00e9e \u00e0 la gestion journali\u00e8re: Stanislas Jourdan (Executive Director)<\/p>\n\n\n\n<p class=\"has-medium-font-size\">Adresse postale : Rue Ducal 67, 1000 Bruxelles, Belgique<\/p>\n\n\n\n<p class=\"has-medium-font-size\">H\u00e9bergeur du site : Gandi SAS<\/p>\n\n\n\n<p class=\"has-medium-font-size\">Courriel:&nbsp;<a href=\"mailto:info@positivemoney.eu\">info@positivemoney.eu<\/a><\/p>\n\n\n\n<p class=\"has-medium-font-size\"><strong>Politique de confidentialit\u00e9<\/strong><\/p>\n\n\n\n<p class=\"has-medium-font-size\">Notre politique de confidentialit\u00e9 d\u00e9crit comment nous obtenons des informations de votre part et ce que nous en faisons. La pr\u00e9sente politique a \u00e9t\u00e9 r\u00e9vis\u00e9e le<strong>&nbsp;24 mai 2022.<\/strong><\/p>\n\n\n\n<p class=\"has-medium-font-size\"><strong>1. Responsable du traitement et d\u00e9l\u00e9gu\u00e9 \u00e0 la protection des donn\u00e9es<\/strong><\/p>\n\n\n\n<p class=\"has-medium-font-size\">Positive Money Europe ASBL<\/p>\n\n\n\n<p class=\"has-medium-font-size\">Adresse postale : Rue Ducale 67, 1000 Bruxelles, Belgique<br>D\u00e9l\u00e9gu\u00e9 \u00e0 la protection des donn\u00e9es :&nbsp;<a href=\"mailto:dpo@positivemoney.eu\">dpo@positivemoney.eu<\/a><\/p>\n\n\n\n<p class=\"has-medium-font-size\">Vous pouvez \u00e9galement introduire une plainte aupr\u00e8s de l\u2019autorit\u00e9 de contr\u00f4le :<a href=\"https:\/\/www.autoriteprotectiondonnees.be\/\">https:\/\/www.autoriteprotectiondonnees.be&nbsp;&nbsp;&nbsp;<\/a><\/p>\n\n\n\n<p class=\"has-medium-font-size\">Autorit\u00e9 de protection des donn\u00e9es<\/p>\n\n\n\n<p class=\"has-medium-font-size\">Rue de la Presse, 35, 1000 Bruxelles<\/p>\n\n\n\n<p class=\"has-medium-font-size\">Mail : contact@apd-gba.be&nbsp;<\/p>\n\n\n\n<p class=\"has-medium-font-size\">T\u00e9l\u00e9phone : +32 (0)2 274 48 00<\/p>\n\n\n\n<p class=\"has-medium-font-size\">Fax : +32 (0)2 274 48 35<\/p>\n\n\n\n<p class=\"has-medium-font-size\"><strong>2. Renseignements personnels<\/strong><\/p>\n\n\n\n<p class=\"has-medium-font-size\">\u00c0 certains endroits de notre site web, nous vous demandons des renseignements personnels qui nous permettent d\u2019am\u00e9liorer votre visite du site ou de vous contacter en vous adressant l\u2019information que vous demandez ou qui peut vous int\u00e9resser, par exemple lorsque vous signez la p\u00e9tition ou si vous vous inscrivez pour recevoir nos bulletins. Les seuls renseignements personnels que nous vous demandons sont votre nom, votre pays de r\u00e9sidence et votre adresse \u00e9lectronique.<\/p>\n\n\n\n<p class=\"has-medium-font-size\">La plupart des informations personnelles que nous traitons nous sont fournies directement par vous-m\u00eame pour l\u2019une des raisons suivantes :<\/p>\n\n\n\n<ul class=\"has-medium-font-size wp-block-list\"><li>Si vous nous avez donn\u00e9 la permission de stocker des informations vous concernant.<\/li><li>S\u2019il existe un&nbsp;<em>int\u00e9r\u00eat l\u00e9gitime<\/em>. En tant qu\u2019organisation de changement positif, Positive Money Europe d\u00e9pendent de votre soutien pour obtenir des r\u00e9sultats. C\u2019est pourquoi nous pouvons, par exemple, vous demander de faire un don ou vous joindre \u00e0 une action telle que la signature d\u2019une p\u00e9tition ou la participation \u00e0 une r\u00e9union ou \u00e0 une action publique.&nbsp;<\/li><\/ul>\n\n\n\n<p class=\"has-medium-font-size\"><strong>3. Comment nous utilisons vos renseignements personnels<\/strong><\/p>\n\n\n\n<p class=\"has-medium-font-size\">Nous ne vous enverrons par e-mail de l\u2019information sur notre travail que si vous nous donnez votre consentement pour le faire. Cette information vous est envoy\u00e9e lorsque nous pensons qu\u2019elle peut vous int\u00e9resser. Par exemple, si vous avez consenti \u00e0 \u00eatre contact\u00e9 par e-mail, vous pourrez recevoir de nous un message vous invitant \u00e0 signer la p\u00e9tition. De m\u00eame, vous pourrez recevoir un message de bienvenue o\u00f9 vous trouverez d\u2019autres moyens de nous soutenir, par example en faisant un don. Tous nos e-mails vous offriront l\u2019option de ne plus recevoir d\u2019autres messages de nous. De m\u00eame, vous pourrez nous contacter pour vous d\u00e9sabonner.&nbsp;<\/p>\n\n\n\n<p class=\"has-medium-font-size\"><strong>4. Divulgation de vos renseignements personnels<\/strong><\/p>\n\n\n\n<p class=\"has-medium-font-size\">Positive Money Europe ne communiquera pas vos renseignements personnels \u00e0 des tiers, \u00e0 moins que cela soit indispensable. Par exemple, lorsque nous remettons la p\u00e9tition aux acteurs auxquels elle s\u2019adresse, il peut \u00eatre n\u00e9cessaire d\u2019inclure une partie de votre nom. Autrement, nous ne divulguerons vos renseignements que si nous avons l\u2019obligation l\u00e9gale de le faire.<\/p>\n\n\n\n<p class=\"has-medium-font-size\"><strong>5. Acc\u00e8s et modifications<\/strong><\/p>\n\n\n\n<p class=\"has-medium-font-size\">Selon le R\u00e8glement g\u00e9n\u00e9ral sur la protection des donn\u00e9es de l\u2019Union europ\u00e9enne, vous avez le droit de demander et d\u2019obtenir :<\/p>\n\n\n\n<ul class=\"has-medium-font-size wp-block-list\"><li>confirmation que vos donn\u00e9es sont en cours de traitement ;<\/li><li>acc\u00e8s \u00e0 vos donn\u00e9es personnelles ;<\/li><li>toute autre information \u00e0 votre sujet que nous d\u00e9tenions.<\/li><\/ul>\n\n\n\n<p class=\"has-medium-font-size\">Pour faire une demande de ce genre veuillez nous contacter. Nous veillerons \u00e0 confirmer votre identit\u00e9 avant de vous fournir l\u2019information demand\u00e9e. Vous n\u2019aurez rien \u00e0 payer pour l\u2019obtenir. Toute information incorrecte sera corrig\u00e9e ou supprim\u00e9e dans un d\u00e9lai d\u2019un mois ou d\u00e8s que possible.<\/p>\n\n\n\n<p class=\"has-medium-font-size\"><strong>6. Conservation de l\u2019information<\/strong><\/p>\n\n\n\n<p class=\"has-medium-font-size\">Nous garderons vos renseignements personnels sur nos syst\u00e8mes le temps n\u00e9cessaire \u00e0 l\u2019activit\u00e9 que vous \u00eates en train de soutenir (par exemple, en participant \u00e0 la p\u00e9tition). Si vous demandez que vos renseignements personnels soient supprim\u00e9s nous traiterons votre demande de fa\u00e7on transparente et en accord avec notre politique sur la conservation des donn\u00e9es.<\/p>\n\n\n\n<p class=\"has-medium-font-size\"><strong>7. S\u00e9curit\u00e9<\/strong><\/p>\n\n\n\n<p class=\"has-medium-font-size\">La s\u00e9curit\u00e9 de vos renseignements personnels est importante pour nous, et nous prendrons les pr\u00e9cautions appropri\u00e9es pour les prot\u00e9ger.<\/p>\n\n\n\n<p class=\"has-medium-font-size\">Certaines des plateformes tierces sont bas\u00e9es dans des pays situ\u00e9s en dehors de l\u2019Espace \u00e9conomique europ\u00e9en (EEE). Les transferts internationaux de donn\u00e9es vers ces fournisseurs sont couverts par des clauses contractuelles GDPR standard ou d\u2019autres garanties pertinentes.<\/p>\n\n\n\n<p class=\"has-medium-font-size\">Plus pr\u00e9cis\u00e9ment, nous faisons appel aux services tiers suivants :<\/p>\n\n\n\n<p class=\"has-medium-font-size\">Nous utilisons Action Network pour la collecte de donn\u00e9es, par exemple \u00e0 partir de p\u00e9titions et de formulaires de dons et d\u2019 inscription newsletter . Veuillez vous reporter \u00e0&nbsp;<a href=\"https:\/\/help.actionnetwork.org\/hc\/en-us\/articles\/360000565103-Action-Network-and-GDPR-CCPA-Compliance\">la d\u00e9claration GDPR<\/a>&nbsp;et \u00e0 la&nbsp;<a href=\"https:\/\/actionnetwork.org\/privacy\">politique de confidentialit\u00e9 d\u2019Action Network<\/a>.&nbsp;<\/p>\n\n\n\n<p class=\"has-medium-font-size\">Nous utilisons Stripe pour g\u00e9rer les paiements des dons. Positive Money Europe n\u2019a pas acc\u00e8s aux d\u00e9tails de vos paiements. Veuillez consulter&nbsp;<a href=\"https:\/\/stripe.com\/gb\/privacy\">la politique de confidentialit\u00e9 de Stripe<\/a>&nbsp;car nous ne sommes pas responsables de la mani\u00e8re dont Stripe traite les donn\u00e9es.<\/p>\n\n\n\n<p class=\"has-medium-font-size\">Malgr\u00e9 toutes les pr\u00e9cautions que nous prenons, aucune transmission de donn\u00e9es sur internet ne peut \u00eatre s\u00e9curis\u00e9e \u00e0 100 %. Ainsi, tout en faisant de notre mieux pour prot\u00e9ger vos renseignements personnels, nous ne pouvons pas garantir la s\u00e9curit\u00e9 de l\u2019information que vous nous communiquez en ligne et vous devez comprendre que vous le faites \u00e0 vos risques et p\u00e9rils. Nous faisons le n\u00e9cessaire pour que seuls les employ\u00e9s qui en ont besoin aient acc\u00e8s aux renseignements personnels, et tous les employ\u00e9s des Positive Money Europe qui manient ce genre d\u2019information sont au courant de nos pratiques en mati\u00e8re de s\u00e9curit\u00e9 et de confidentialit\u00e9.<\/p>\n\n\n\n<p class=\"has-medium-font-size\"><strong>8. Les cookies<\/strong><\/p>\n\n\n\n<p class=\"has-medium-font-size\">Pour optimiser notre site web, le site peut \u00eatre amen\u00e9 \u00e0 utiliser des cookies. Ces derniers sont des fichiers envoy\u00e9s au navigateur par le biais d\u2019un serveur web dans le but d\u2019enregistrer les activit\u00e9s de l\u2019Utilisateur pendant toute sa navigation. Ce site web utilise des cookies pour suivre la performance de notre site et les donn\u00e9es concernant les plateformes des m\u00e9dias sociaux \u00e0 partir desquelles sont visit\u00e9es nos pages. \u00c0 l\u2019heure actuelle, Positive Money Europe utilise surtout des cookies de Google et Facebook. Nous utilisons parfois des cookies pour permettre \u00e0 d\u2019autres parties de notre site de fonctionner correctement. Par exemple, un cookie peut \u00eatre utilis\u00e9 pour savoir si un utilisateur a d\u00e9j\u00e0 sign\u00e9 une p\u00e9tition.<\/p>\n\n\n\n<ul class=\"has-medium-font-size wp-block-list\"><li>Utilisation de Google Analytics pour am\u00e9liorer notre site web&nbsp;<\/li><\/ul>\n\n\n\n<p class=\"has-medium-font-size\">Nous utilisons Google Analytics pour am\u00e9liorer le site web afin d\u2019attirer des signatures de p\u00e9tition. Le site utilise Google Analytics, service d\u2019analyse web de Google Inc. Google Analytics utilise des cookies, fichiers et l\u2019analyse de l\u2019utilisation du Site afin d\u2019\u00e9tablir des rapports. &nbsp;Google Analytics utilise des cookies pour collecter des informations personnelles, tels que votre adresse IP, le navigateur que vous employez, l\u2019endroit o\u00f9 vous \u00eates et les pages que vous visitez. Vous trouverez sur le site de&nbsp;<a href=\"https:\/\/support.google.com\/analytics\/answer\/6004245?hl=fr\">Google Analytics<\/a>&nbsp;davantage d\u2019information sur les cookies et sur la protection de vos donn\u00e9es. Nous nous en servons uniquement pour analyser l\u2019utilisation de notre site web, par exemple pour savoir combien de personnes visitent le site ou une page d\u00e9termin\u00e9e, et sur quelles plateformes des m\u00e9dias sociaux elles ont trouv\u00e9 le lien pour parvenir \u00e0 notre site web. Toutes les donn\u00e9es que nous recueillons \u00e9tant agr\u00e9g\u00e9es et anonymes, elles ne permettent pas d\u2019identifier les personnes concern\u00e9es, et nous ne les utilisons que pour am\u00e9liorer notre site web et son contenu.<\/p>\n\n\n\n<p class=\"has-medium-font-size\">D\u2019autre part, nous incorporons des contenus d\u2019autres sites, comme ceux des m\u00e9dias sociaux ou des m\u00e9dias d\u2019information, et nous ins\u00e9rons des boutons des plateformes des m\u00e9dias sociaux pour que vous puissiez divulguer nos contenus. De ce fait, les cookies peuvent \u00eatre utilis\u00e9s par des tiers tels que Facebook. Il vous conviendra de visiter ces autres sites web pour vous renseigner sur leurs cookies.<\/p>\n\n\n\n<p class=\"has-medium-font-size\">Les cookies peuvent avoir \u00e9t\u00e9 ins\u00e9r\u00e9s par nous ou par des tiers. En continuant de naviguer sur notre site vous acceptez que nous les utilisions. Vous pouvez \u00e9viter l\u2019emploi de cookies en choisissant les param\u00e8tres appropri\u00e9s dans votre navigateur. Cependant, si vous le faites vous n\u2019aurez peut-\u00eatre pas acc\u00e8s \u00e0 toutes les fonctionnalit\u00e9s de notre site web.<\/p>\n\n\n\n<ul class=\"has-medium-font-size wp-block-list\"><li>Utilisation de plug-ins:<\/li><\/ul>\n\n\n\n<p class=\"has-medium-font-size\">Le Site utilise des plug-ins standards techniques pour son bon fonctionnement.<\/p>\n\n\n\n<ul class=\"has-medium-font-size wp-block-list\"><li>Utilisation Pixel Facebook:<\/li><\/ul>\n\n\n\n<p class=\"has-medium-font-size\">Le Site utilise le pixel Facebook permettant \u00e0 ce dernier d\u2019identifier, parmi les visiteurs du Site, ceux qui poss\u00e8dent un compte Facebook. Cet outil est utilis\u00e9 \u00e0 des fins marketing dans le but de proposer des publicit\u00e9s cibl\u00e9es sur les fils d\u2019actualit\u00e9 Facebook des visiteurs.<\/p>\n\n\n\n<ul class=\"has-medium-font-size wp-block-list\"><li>Utilisation reCAPTCHA:<\/li><\/ul>\n\n\n\n<p class=\"has-medium-font-size\">Le Site utilise reCAPTCHA dont l\u2019objectif est de v\u00e9rifier les donn\u00e9es saisies par les Utilisateurs. A cette fin, reCAPTCHA analyse le comportement des utilisateurs. Cette utilisation a un int\u00e9r\u00eat l\u00e9gitime \u00e0 prot\u00e9ger le Site contre l\u2019exploitation et le spam automatis\u00e9s abusifs.<\/p>\n<\/div>\n<\/div>\n","protected":false},"excerpt":{"rendered":"<p>La plateforme&nbsp;https:\/\/unlock.green&nbsp;vous est mise \u00e0 disposition par Positive Money Europe, une association sans but lucratif Belge dont le si\u00e8ge est \u00e0 Bruxelles, Belgique.&nbsp; Num\u00e9ro d\u2019entreprise: 0718.859.377 Forme de soci\u00e9t\u00e9:&nbsp; Association sans but lucratif Personne d\u00e9l\u00e9gu\u00e9e \u00e0 la gestion journali\u00e8re: Stanislas Jourdan (Executive Director) Adresse postale : Rue Ducal 67, 1000 Bruxelles, Belgique H\u00e9bergeur du site [&hellip;]<\/p>\n","protected":false},"author":6,"featured_media":0,"parent":0,"menu_order":0,"comment_status":"closed","ping_status":"closed","template":"","meta":{"footnotes":""},"class_list":["post-69","page","type-page","status-publish","hentry"],"acf":[],"yoast_head":"<!-- This site is optimized with the Yoast SEO plugin v19.6.1 - https:\/\/yoast.com\/wordpress\/plugins\/seo\/ -->\n<title>Mentions l\u00e9gales - Unlock FR<\/title>\n<meta name=\"robots\" content=\"index, follow, max-snippet:-1, max-image-preview:large, max-video-preview:-1\" \/>\n<link rel=\"canonical\" href=\"https:\/\/unlock.green\/fr\/mentions-legales\/\" \/>\n<meta property=\"og:locale\" content=\"fr_FR\" \/>\n<meta property=\"og:type\" content=\"article\" \/>\n<meta property=\"og:title\" content=\"Mentions l\u00e9gales - Unlock FR\" \/>\n<meta property=\"og:description\" content=\"La plateforme&nbsp;https:\/\/unlock.green&nbsp;vous est mise \u00e0 disposition par Positive Money Europe, une association sans but lucratif Belge dont le si\u00e8ge est \u00e0 Bruxelles, Belgique.&nbsp; Num\u00e9ro d\u2019entreprise: 0718.859.377 Forme de soci\u00e9t\u00e9:&nbsp; Association sans but lucratif Personne d\u00e9l\u00e9gu\u00e9e \u00e0 la gestion journali\u00e8re: Stanislas Jourdan (Executive Director) Adresse postale : Rue Ducal 67, 1000 Bruxelles, Belgique H\u00e9bergeur du site [&hellip;]\" \/>\n<meta property=\"og:url\" content=\"https:\/\/unlock.green\/fr\/mentions-legales\/\" \/>\n<meta property=\"og:site_name\" content=\"Unlock FR\" \/>\n<meta property=\"article:modified_time\" content=\"2022-09-14T14:11:51+00:00\" \/>\n<meta name=\"twitter:card\" content=\"summary_large_image\" \/>\n<meta name=\"twitter:label1\" content=\"Dur\u00e9e de lecture estim\u00e9e\" \/>\n\t<meta name=\"twitter:data1\" content=\"8 minutes\" \/>\n<script type=\"application\/ld+json\" class=\"yoast-schema-graph\">{\"@context\":\"https:\/\/schema.org\",\"@graph\":[{\"@type\":\"WebPage\",\"@id\":\"https:\/\/unlock.green\/fr\/mentions-legales\/\",\"url\":\"https:\/\/unlock.green\/fr\/mentions-legales\/\",\"name\":\"Mentions l\u00e9gales - Unlock FR\",\"isPartOf\":{\"@id\":\"https:\/\/unlock.green\/fr\/#website\"},\"datePublished\":\"2022-09-02T10:40:14+00:00\",\"dateModified\":\"2022-09-14T14:11:51+00:00\",\"breadcrumb\":{\"@id\":\"https:\/\/unlock.green\/fr\/mentions-legales\/#breadcrumb\"},\"inLanguage\":\"fr-FR\",\"potentialAction\":[{\"@type\":\"ReadAction\",\"target\":[\"https:\/\/unlock.green\/fr\/mentions-legales\/\"]}]},{\"@type\":\"BreadcrumbList\",\"@id\":\"https:\/\/unlock.green\/fr\/mentions-legales\/#breadcrumb\",\"itemListElement\":[{\"@type\":\"ListItem\",\"position\":1,\"name\":\"Home\",\"item\":\"https:\/\/unlock.green\/fr\/\"},{\"@type\":\"ListItem\",\"position\":2,\"name\":\"Mentions l\u00e9gales\"}]},{\"@type\":\"WebSite\",\"@id\":\"https:\/\/unlock.green\/fr\/#website\",\"url\":\"https:\/\/unlock.green\/fr\/\",\"name\":\"Unlock FR\",\"description\":\"Unlock home renovations\",\"potentialAction\":[{\"@type\":\"SearchAction\",\"target\":{\"@type\":\"EntryPoint\",\"urlTemplate\":\"https:\/\/unlock.green\/fr\/?s={search_term_string}\"},\"query-input\":\"required name=search_term_string\"}],\"inLanguage\":\"fr-FR\"}]}<\/script>\n<!-- \/ Yoast SEO plugin. -->","yoast_head_json":{"title":"Mentions l\u00e9gales - Unlock FR","robots":{"index":"index","follow":"follow","max-snippet":"max-snippet:-1","max-image-preview":"max-image-preview:large","max-video-preview":"max-video-preview:-1"},"canonical":"https:\/\/unlock.green\/fr\/mentions-legales\/","og_locale":"fr_FR","og_type":"article","og_title":"Mentions l\u00e9gales - Unlock FR","og_description":"La plateforme&nbsp;https:\/\/unlock.green&nbsp;vous est mise \u00e0 disposition par Positive Money Europe, une association sans but lucratif Belge dont le si\u00e8ge est \u00e0 Bruxelles, Belgique.&nbsp; Num\u00e9ro d\u2019entreprise: 0718.859.377 Forme de soci\u00e9t\u00e9:&nbsp; Association sans but lucratif Personne d\u00e9l\u00e9gu\u00e9e \u00e0 la gestion journali\u00e8re: Stanislas Jourdan (Executive Director) Adresse postale : Rue Ducal 67, 1000 Bruxelles, Belgique H\u00e9bergeur du site [&hellip;]","og_url":"https:\/\/unlock.green\/fr\/mentions-legales\/","og_site_name":"Unlock FR","article_modified_time":"2022-09-14T14:11:51+00:00","twitter_card":"summary_large_image","twitter_misc":{"Dur\u00e9e de lecture estim\u00e9e":"8 minutes"},"schema":{"@context":"https:\/\/schema.org","@graph":[{"@type":"WebPage","@id":"https:\/\/unlock.green\/fr\/mentions-legales\/","url":"https:\/\/unlock.green\/fr\/mentions-legales\/","name":"Mentions l\u00e9gales - Unlock FR","isPartOf":{"@id":"https:\/\/unlock.green\/fr\/#website"},"datePublished":"2022-09-02T10:40:14+00:00","dateModified":"2022-09-14T14:11:51+00:00","breadcrumb":{"@id":"https:\/\/unlock.green\/fr\/mentions-legales\/#breadcrumb"},"inLanguage":"fr-FR","potentialAction":[{"@type":"ReadAction","target":["https:\/\/unlock.green\/fr\/mentions-legales\/"]}]},{"@type":"BreadcrumbList","@id":"https:\/\/unlock.green\/fr\/mentions-legales\/#breadcrumb","itemListElement":[{"@type":"ListItem","position":1,"name":"Home","item":"https:\/\/unlock.green\/fr\/"},{"@type":"ListItem","position":2,"name":"Mentions l\u00e9gales"}]},{"@type":"WebSite","@id":"https:\/\/unlock.green\/fr\/#website","url":"https:\/\/unlock.green\/fr\/","name":"Unlock FR","description":"Unlock home renovations","potentialAction":[{"@type":"SearchAction","target":{"@type":"EntryPoint","urlTemplate":"https:\/\/unlock.green\/fr\/?s={search_term_string}"},"query-input":"required name=search_term_string"}],"inLanguage":"fr-FR"}]}},"_links":{"self":[{"href":"https:\/\/unlock.green\/fr\/wp-json\/wp\/v2\/pages\/69","targetHints":{"allow":["GET"]}}],"collection":[{"href":"https:\/\/unlock.green\/fr\/wp-json\/wp\/v2\/pages"}],"about":[{"href":"https:\/\/unlock.green\/fr\/wp-json\/wp\/v2\/types\/page"}],"author":[{"embeddable":true,"href":"https:\/\/unlock.green\/fr\/wp-json\/wp\/v2\/users\/6"}],"replies":[{"embeddable":true,"href":"https:\/\/unlock.green\/fr\/wp-json\/wp\/v2\/comments?post=69"}],"version-history":[{"count":0,"href":"https:\/\/unlock.green\/fr\/wp-json\/wp\/v2\/pages\/69\/revisions"}],"wp:attachment":[{"href":"https:\/\/unlock.green\/fr\/wp-json\/wp\/v2\/media?parent=69"}],"curies":[{"name":"wp","href":"https:\/\/api.w.org\/{rel}","templated":true}]}}