{"id":67,"date":"2022-09-02T10:35:18","date_gmt":"2022-09-02T10:35:18","guid":{"rendered":"https:\/\/unlock.green\/fr\/?page_id=67"},"modified":"2023-06-05T11:17:41","modified_gmt":"2023-06-05T11:17:41","slug":"petition","status":"publish","type":"page","link":"https:\/\/unlock.green\/fr\/petition\/","title":{"rendered":"Signer la p\u00e9tition"},"content":{"rendered":"\n<section id=\"ug_petition-block_6311dc7b9753c\" class=\"relative h-full bg-ug-secondary\">\n    <div class=\"max-w-8xl mx-auto px-8 lg:px-16 py-6 lg:py-12 grid grid-cols-1 lg:grid-cols-2 gap-y-6 gap-x-12\">\n        <div class=\"space-y-4 lg:space-y-8 self-center\">\n            <h2 class=\"text-4xl lg:text-5xl font-bold ug-heading text-white\">\n                Nos conditions de vie sont menac\u00e9es par la crise climatique, nous avons besoin de logements plus durables et performants !\n            <\/h2>\n\n            <div class=\"text-lg lg:text-2xl font-normal space-y-8 text-white\">\n                <p><span style=\"font-weight: 400\">Le r\u00e9chauffement climatique entra\u00eene des \u00e9v\u00e9nements m\u00e9t\u00e9orologiques extr\u00eames de plus en plus fr\u00e9quents, en m\u00eame temps que nos factures d\u2019\u00e9nergie continuent d\u2019augmenter. Nous ne pouvons plus nous permettre de continuer \u00e0 d\u00e9pendre des \u00e9nergies fossiles pour rafra\u00eechir et chauffer nos habitations. Il faut trouver de nouvelles solutions pour contrer la crise climatique, et un des leviers les plus efficaces est l\u2019am\u00e9lioration de la performance \u00e9nerg\u00e9tique des logements.<\/span><\/p>\n<p><span style=\"font-weight: 400\">En France, le secteur du b\u00e2timent repr\u00e9sente 33% des \u00e9missions de gaz \u00e0 effet de serre (GES), nous devons agir maintenant pour r\u00e9duire ces impacts et faire des \u00e9conomies d\u2019\u00e9nergie.<\/span><\/p>\n<p><span style=\"font-weight: 400\">Des millions de personnes n\u2019ont pas acc\u00e8s \u00e0 des syst\u00e8mes de climatisation et de chauffage suffisamment performants qui leur permettraient de faire face aux cons\u00e9quences des vagues de chaleurs en \u00e9t\u00e9 et des temp\u00e9ratures tr\u00e8s basses en hiver, sans subir la flamb\u00e9e des prix de l\u2019\u00e9nergie. Nous devons avoir acc\u00e8s \u00e0 des logements plus durables et performants.<\/span><\/p>\n<p><span style=\"font-weight: 400\">Pourtant, ni les institutions publiques ni les banques n&rsquo;apportent un soutien financier suffisant aux particuliers pour isoler et r\u00e9nover leur logement.<\/span><\/p>\n<p><span style=\"font-weight: 400\">D\u00e9bloquer les financements pour la r\u00e9novation \u00e9nerg\u00e9tique globale des logements permettra de r\u00e9duire nos factures, de diminuer notre consommation d&rsquo;\u00e9nergie et nos \u00e9missions carbone, et de cr\u00e9er \u00e9galement 400 000 nouveaux emplois en France !\u00a0<\/span><\/p>\n<p><span style=\"font-weight: 400\">Nous ne pouvons pas nous permettre de retarder la transition \u00e9cologique : pour un avenir s\u00fbr et viable, nous devons agir maintenant et investir dans des logements durables pour tous.te.s !<\/span><\/p>\n<p><span style=\"font-weight: 400\">L\u2019argent existe. <\/span><span style=\"font-weight: 400\">D\u00e9bloquons-le.<\/span><\/p>\n\n            <\/div>\n        <\/div>\n\n        <div class=\"bg-white shadow-lg border border-gray-200 rounded-3xl px-6 lg:px-10 py-6 lg:py-10 z-10\">\n            <script src='https:\/\/actionnetwork.org\/widgets\/v5\/petition\/unlock-fr-2?format=js&amp;source=widget'><\/script><div id='can-petition-area-unlock-fr-2' style='width: 100%'><!-- this div is the target for our HTML insertion --><\/div>\n\n                    <\/div>\n    <\/div>\n\n            <div class=\"bg-ug-green absolute top-0 bottom-0 w-1\/2 right-0 transform triangle-45deg hidden lg:block\"><\/div>\n    <\/section>\n\n<script>\n\/*\n * Tailored sign up journey JS for GND Rising\n * Calls other utility functions\n * Built by C6 Digital\n *\/\nfunction ANPetitionTYModify() {\n    $('.custom-disclaimer').hide();\n\n    \/\/This is to replace the inbuilt h1 into h2\n    $('#can_embed_form.can_thank_you_wrap #can_thank_you>h1').replaceWith(function () {\n        return $(\"<h2>\", {\n            html: $(this).html()\n        });\n    });\n\n    $('#can_embed_form.can_thank_you_wrap #can_thank_you h4').remove()\n\n    \/\/Adding additional divs within the can_thank_you_wrap\n    $('#can_embed_form.can_thank_you_wrap #can_thank_you h2').attr('class', 'ty-text ug-heading');\n    $('#can_embed_form.can_thank_you_wrap').append('<div id=\"can_thank_you_share\"><\/div>');\n    $('#can_thank_you_share').append('<div id=\"ty-share-box\" class=\"flex flex-col space-y-2\"><\/div>');\n\n    \/\/ Filling in share buttons and holding the link to donate page\n    const buttons = JSON.parse('[{\\u0022button_text\\u0022:\\u0022FACEBOOK\\u0022,\\u0022share_url\\u0022:\\u0022https:\\\\\\\/\\\\\\\/www.facebook.com\\\\\\\/sharer\\\\\\\/sharer.php?u=https%3A\\\\\\\/\\\\\\\/bit.ly\\\\\\\/3LmbFp7\\u0022,\\u0022color\\u0022:\\u0022#4267B2\\u0022},{\\u0022button_text\\u0022:\\u0022TWITTER\\u0022,\\u0022share_url\\u0022:\\u0022https:\\\\\\\/\\\\\\\/twitter.com\\\\\\\/intent\\\\\\\/tweet?text=Soutenez%20la%20campagne%F0%9F%94%93Unlock%20pour%20une%20transition%20%C3%A9nerg%C3%A9tique%20juste%20et%20efficace%20en%20signant%20la%20p%C3%A9tition%20%3A%20https%3A\\\\\\\/\\\\\\\/bit.ly\\\\\\\/3MGHOIG%0A%23Unlock%20%23Renovationperformante\\u0022,\\u0022color\\u0022:\\u0022#1DA1F2\\u0022},{\\u0022button_text\\u0022:\\u0022WHATSAPP\\u0022,\\u0022share_url\\u0022:\\u0022https:\\\\\\\/\\\\\\\/api.whatsapp.com\\\\\\\/send?text=Pour%20acc%C3%A9l%C3%A9rer%20la%20transition%20%C3%A9nerg%C3%A9tique%20en%20France%2C%20signez%20la%20p%C3%A9tition%20!%20https%3A%2F%2Fbit.ly%2F3CNBY3E%20\\u0022,\\u0022color\\u0022:\\u0022#25D366\\u0022},{\\u0022button_text\\u0022:\\u0022 PARTAGER PAR EMAIL\\u0022,\\u0022share_url\\u0022:\\u0022mailto:?subject=Unlock%20%3A%20Soutenir%20la%20transition%20%C3%A9nerg%C3%A9tique%20en%20un%20clic%20!\\\\u0026amp;body=Salut%20!%0AJe%20viens%20de%20signer%20la%20p%C3%A9tition%20de%20la%20campagne%20Unlock%20qui%20a%20pour%20but%20%0Ad\\\\u0027acc%C3%A9l%C3%A9rer%20la%20transition%20%C3%A9nerg%C3%A9tique%20via%20la%20r%C3%A9novation%20de%20nos%20b%C3%A2timents%20en%20France.%20%0AVous%20pouvez%20soutenir%20la%20campagne%20ici%20%3A%20https%3A\\\\\\\/\\\\\\\/bit.ly\\\\\\\/3VFdBOs%0AMerci%20!%0A\\u0022,\\u0022color\\u0022:\\u0022#898F9C\\u0022}]')\n    for (const button of buttons) {\n        const markup = `\n            <a href=\"${button.share_url}\" class=\"pl-4 py-2 text-left text-white ug-button\" style=\"background: ${button.color}\" target=\"_blank\">\n                ${button.button_text}\n            <\/a>\n        `;\n\n        $('#ty-share-box').append(markup)\n    }\n\n    const thankYouMessage = $('\\u003Cp\\u003E\\u003Cspan style=\\u0022font-weight: 400\\u0022\\u003EAidez-nous \\u00e0 faire conna\\u00eetre la campagne en partageant la p\\u00e9tition autour de vous : \\u003C\\\/span\\u003E\\u003C\\\/p\\u003E\\n')\n\n    if (thankYouMessage) {\n        thankYouMessage.insertAfter('#can_embed_form.can_thank_you_wrap #can_thank_you > h2')\n    }\n\n    $('#can_thank_you #action_info').remove()\n\n    const skipButton = JSON.parse('{\\u0022enabled\\u0022:true,\\u0022button_text\\u0022:\\u0022FAIRE UN DON\\u0022,\\u0022button_url\\u0022:\\u0022\\\\\\\/fr\\\\\\\/faire-un-don\\\\\\\/\\u0022}')\n    if (skipButton.enabled) {\n        const skipButtonEl = $(`\n            <a href=\"${skipButton.button_url}\" class=\"block bg-[#BCBCBC] text-center text-lg text-white py-1 font-medium rounded-lg mt-12 ug-button\">\n                ${skipButton.button_text}\n            <\/a>\n        `)\n        skipButtonEl.insertAfter('#can_thank_you_share')\n    }\n}\n\nfunction ANPetitionModify() {\n    const config = JSON.parse('{\\u0022embed\\u0022:\\u0022\\\\u003Cscript src=\\\\u0027https:\\\\\\\/\\\\\\\/actionnetwork.org\\\\\\\/widgets\\\\\\\/v5\\\\\\\/petition\\\\\\\/unlock-fr-2?format=js\\\\u0026amp;source=widget\\\\u0027\\\\u003E\\\\u003C\\\\\\\/script\\\\u003E\\\\u003Cdiv id=\\\\u0027can-petition-area-unlock-fr-2\\\\u0027 style=\\\\u0027width: 100%\\\\u0027\\\\u003E\\\\u003C!-- this div is the target for our HTML insertion --\\\\u003E\\\\u003C\\\\\\\/div\\\\u003E\\u0022,\\u0022heading_override\\u0022:\\u0022\\u0022,\\u0022thank_you_message\\u0022:\\u0022\\\\u003Cp\\\\u003E\\\\u003Cspan style=\\\\u0022font-weight: 400\\\\u0022\\\\u003EAidez-nous \\\\u00e0 faire conna\\\\u00eetre la campagne en partageant la p\\\\u00e9tition autour de vous : \\\\u003C\\\\\\\/span\\\\u003E\\\\u003C\\\\\\\/p\\\\u003E\\\\n\\u0022,\\u0022disclaimer\\u0022:\\u0022\\u0022}')\n\n    $('#action_info').remove();\n    $('[for=\"form-comments\"]').parent().remove();\n\n    $('#can_embed_form_inner h2').addClass('ug-heading')\n    if (config.heading_override) {\n        $('#can_embed_form_inner h2').text(config.heading_override)\n    }\n\n    $('#can_embed_form_inner h3').remove();\n    const h4 = $('#can_embed_form_inner h4');\n    if (h4.parents('#letter-form').length === 0) {\n        h4.remove();\n    }\n}\n\n\/\/ TODO: Remove this.\nfunction testSubmitForm() {\n    $('[name=\"signature[first_name]\"]').val('Ryan')\n    $('[name=\"signature[last_name]\"]').val('Chandler')\n    $('[name=\"signature[email]\"]').val('ryangjchandler@gmail.com')\n    $('[name=\"subscription[group]\"][value=\"invalid\"]').prop('checked', true)\n    $('[name=\"commit\"]').click()\n}\n\n$(document).on('can_embed_loaded', function () {\n    ANPetitionModify()\n\n    \/\/ const postSlug = null\n    \/\/ if (postSlug === 'sign') {\n    \/\/     testSubmitForm()\n    \/\/ }\n})\n\n$(document).on('can_embed_submitted', function () {\n    ANPetitionTYModify()\n});\n<\/script>","protected":false},"excerpt":{"rendered":"","protected":false},"author":6,"featured_media":372,"parent":0,"menu_order":0,"comment_status":"closed","ping_status":"closed","template":"","meta":{"footnotes":""},"class_list":["post-67","page","type-page","status-publish","has-post-thumbnail","hentry"],"acf":[],"yoast_head":"<!-- This site is optimized with the Yoast SEO plugin v19.6.1 - https:\/\/yoast.com\/wordpress\/plugins\/seo\/ -->\n<title>Signer la p\u00e9tition - Unlock.. Pour des \u00e9conomies d\u2019\u00e9nergie<\/title>\n<meta name=\"description\" content=\"Signez la p\u00e9tition pour les inciter \u00e0 d\u00e9bloquer les financements pour la r\u00e9novation \u00e9nerg\u00e9tique de nos logements.\" \/>\n<meta name=\"robots\" content=\"index, follow, max-snippet:-1, max-image-preview:large, max-video-preview:-1\" \/>\n<link rel=\"canonical\" href=\"https:\/\/unlock.green\/fr\/petition\/\" \/>\n<meta property=\"og:locale\" content=\"fr_FR\" \/>\n<meta property=\"og:type\" content=\"article\" \/>\n<meta property=\"og:title\" content=\"Signer la p\u00e9tition - Unlock.. Pour des \u00e9conomies d\u2019\u00e9nergie\" \/>\n<meta property=\"og:description\" content=\"Alors que nous subissons les crises \u00e9nerg\u00e9tique, \u00e9conomique et climatique, nos logements ne sont pas compatibles avec la transition \u00e9nerg\u00e9tique et consomment encore trop d&#039;\u00e9nergie. Nous appelons les pouvoirs publics \u00e0 d\u00e9bloquer \ud83d\udd13 des fonds pour de &quot;vraies&quot; r\u00e9novations. Soutenez-nous en signant la p\u00e9tition :\" \/>\n<meta property=\"og:url\" content=\"https:\/\/unlock.green\/fr\/petition\/\" \/>\n<meta property=\"og:site_name\" content=\"Unlock FR\" \/>\n<meta property=\"article:modified_time\" content=\"2023-06-05T11:17:41+00:00\" \/>\n<meta property=\"og:image\" content=\"https:\/\/unlock.green\/fr\/wp-content\/uploads\/sites\/2\/2023\/06\/Juin-2023_low.jpg\" \/>\n\t<meta property=\"og:image:width\" content=\"2400\" \/>\n\t<meta property=\"og:image:height\" content=\"1350\" \/>\n\t<meta property=\"og:image:type\" content=\"image\/jpeg\" \/>\n<meta name=\"twitter:card\" content=\"summary_large_image\" \/>\n<meta name=\"twitter:description\" content=\"Soutenez la campagne \ud83d\udd13Unlock pour r\u00e9nover nos logements, r\u00e9duire nos factures d&#039;\u00e9nergie et notre d\u00e9pendance aux \u00e9nergies fossiles ! Signer la p\u00e9tition :\" \/>\n<meta name=\"twitter:image\" content=\"https:\/\/unlock.green\/fr\/wp-content\/uploads\/sites\/2\/2023\/06\/Juin-2023_low.jpg\" \/>\n<script type=\"application\/ld+json\" class=\"yoast-schema-graph\">{\"@context\":\"https:\/\/schema.org\",\"@graph\":[{\"@type\":\"WebPage\",\"@id\":\"https:\/\/unlock.green\/fr\/petition\/\",\"url\":\"https:\/\/unlock.green\/fr\/petition\/\",\"name\":\"Signer la p\u00e9tition - Unlock.. Pour des \u00e9conomies d\u2019\u00e9nergie\",\"isPartOf\":{\"@id\":\"https:\/\/unlock.green\/fr\/#website\"},\"datePublished\":\"2022-09-02T10:35:18+00:00\",\"dateModified\":\"2023-06-05T11:17:41+00:00\",\"description\":\"Signez la p\u00e9tition pour les inciter \u00e0 d\u00e9bloquer les financements pour la r\u00e9novation \u00e9nerg\u00e9tique de nos logements.\",\"breadcrumb\":{\"@id\":\"https:\/\/unlock.green\/fr\/petition\/#breadcrumb\"},\"inLanguage\":\"fr-FR\",\"potentialAction\":[{\"@type\":\"ReadAction\",\"target\":[\"https:\/\/unlock.green\/fr\/petition\/\"]}]},{\"@type\":\"BreadcrumbList\",\"@id\":\"https:\/\/unlock.green\/fr\/petition\/#breadcrumb\",\"itemListElement\":[{\"@type\":\"ListItem\",\"position\":1,\"name\":\"Home\",\"item\":\"https:\/\/unlock.green\/fr\/\"},{\"@type\":\"ListItem\",\"position\":2,\"name\":\"Signer la p\u00e9tition\"}]},{\"@type\":\"WebSite\",\"@id\":\"https:\/\/unlock.green\/fr\/#website\",\"url\":\"https:\/\/unlock.green\/fr\/\",\"name\":\"Unlock FR\",\"description\":\"Unlock home renovations\",\"potentialAction\":[{\"@type\":\"SearchAction\",\"target\":{\"@type\":\"EntryPoint\",\"urlTemplate\":\"https:\/\/unlock.green\/fr\/?s={search_term_string}\"},\"query-input\":\"required name=search_term_string\"}],\"inLanguage\":\"fr-FR\"}]}<\/script>\n<!-- \/ Yoast SEO plugin. -->","yoast_head_json":{"title":"Signer la p\u00e9tition - Unlock.. Pour des \u00e9conomies d\u2019\u00e9nergie","description":"Signez la p\u00e9tition pour les inciter \u00e0 d\u00e9bloquer les financements pour la r\u00e9novation \u00e9nerg\u00e9tique de nos logements.","robots":{"index":"index","follow":"follow","max-snippet":"max-snippet:-1","max-image-preview":"max-image-preview:large","max-video-preview":"max-video-preview:-1"},"canonical":"https:\/\/unlock.green\/fr\/petition\/","og_locale":"fr_FR","og_type":"article","og_title":"Signer la p\u00e9tition - Unlock.. Pour des \u00e9conomies d\u2019\u00e9nergie","og_description":"Alors que nous subissons les crises \u00e9nerg\u00e9tique, \u00e9conomique et climatique, nos logements ne sont pas compatibles avec la transition \u00e9nerg\u00e9tique et consomment encore trop d'\u00e9nergie. Nous appelons les pouvoirs publics \u00e0 d\u00e9bloquer \ud83d\udd13 des fonds pour de \"vraies\" r\u00e9novations. Soutenez-nous en signant la p\u00e9tition :","og_url":"https:\/\/unlock.green\/fr\/petition\/","og_site_name":"Unlock FR","article_modified_time":"2023-06-05T11:17:41+00:00","og_image":[{"width":2400,"height":1350,"url":"https:\/\/unlock.green\/fr\/wp-content\/uploads\/sites\/2\/2023\/06\/Juin-2023_low.jpg","type":"image\/jpeg"}],"twitter_card":"summary_large_image","twitter_description":"Soutenez la campagne \ud83d\udd13Unlock pour r\u00e9nover nos logements, r\u00e9duire nos factures d'\u00e9nergie et notre d\u00e9pendance aux \u00e9nergies fossiles ! Signer la p\u00e9tition :","twitter_image":"https:\/\/unlock.green\/fr\/wp-content\/uploads\/sites\/2\/2023\/06\/Juin-2023_low.jpg","schema":{"@context":"https:\/\/schema.org","@graph":[{"@type":"WebPage","@id":"https:\/\/unlock.green\/fr\/petition\/","url":"https:\/\/unlock.green\/fr\/petition\/","name":"Signer la p\u00e9tition - Unlock.. Pour des \u00e9conomies d\u2019\u00e9nergie","isPartOf":{"@id":"https:\/\/unlock.green\/fr\/#website"},"datePublished":"2022-09-02T10:35:18+00:00","dateModified":"2023-06-05T11:17:41+00:00","description":"Signez la p\u00e9tition pour les inciter \u00e0 d\u00e9bloquer les financements pour la r\u00e9novation \u00e9nerg\u00e9tique de nos logements.","breadcrumb":{"@id":"https:\/\/unlock.green\/fr\/petition\/#breadcrumb"},"inLanguage":"fr-FR","potentialAction":[{"@type":"ReadAction","target":["https:\/\/unlock.green\/fr\/petition\/"]}]},{"@type":"BreadcrumbList","@id":"https:\/\/unlock.green\/fr\/petition\/#breadcrumb","itemListElement":[{"@type":"ListItem","position":1,"name":"Home","item":"https:\/\/unlock.green\/fr\/"},{"@type":"ListItem","position":2,"name":"Signer la p\u00e9tition"}]},{"@type":"WebSite","@id":"https:\/\/unlock.green\/fr\/#website","url":"https:\/\/unlock.green\/fr\/","name":"Unlock FR","description":"Unlock home renovations","potentialAction":[{"@type":"SearchAction","target":{"@type":"EntryPoint","urlTemplate":"https:\/\/unlock.green\/fr\/?s={search_term_string}"},"query-input":"required name=search_term_string"}],"inLanguage":"fr-FR"}]}},"_links":{"self":[{"href":"https:\/\/unlock.green\/fr\/wp-json\/wp\/v2\/pages\/67","targetHints":{"allow":["GET"]}}],"collection":[{"href":"https:\/\/unlock.green\/fr\/wp-json\/wp\/v2\/pages"}],"about":[{"href":"https:\/\/unlock.green\/fr\/wp-json\/wp\/v2\/types\/page"}],"author":[{"embeddable":true,"href":"https:\/\/unlock.green\/fr\/wp-json\/wp\/v2\/users\/6"}],"replies":[{"embeddable":true,"href":"https:\/\/unlock.green\/fr\/wp-json\/wp\/v2\/comments?post=67"}],"version-history":[{"count":0,"href":"https:\/\/unlock.green\/fr\/wp-json\/wp\/v2\/pages\/67\/revisions"}],"wp:featuredmedia":[{"embeddable":true,"href":"https:\/\/unlock.green\/fr\/wp-json\/wp\/v2\/media\/372"}],"wp:attachment":[{"href":"https:\/\/unlock.green\/fr\/wp-json\/wp\/v2\/media?parent=67"}],"curies":[{"name":"wp","href":"https:\/\/api.w.org\/{rel}","templated":true}]}}