{"id":36,"date":"2022-09-02T07:42:51","date_gmt":"2022-09-02T07:42:51","guid":{"rendered":"https:\/\/unlock.green\/fr\/?page_id=36"},"modified":"2022-09-12T14:10:34","modified_gmt":"2022-09-12T14:10:34","slug":"faqs","status":"publish","type":"page","link":"https:\/\/unlock.green\/fr\/faqs\/","title":{"rendered":"FAQs"},"content":{"rendered":"<section id=\"ug_heading-block_6311b1b8a8f99\" class=\"relative bg-white\">\n    <div class=\"max-w-8xl mx-auto px-8 py-8 lg:px-16 lg:py-16\">\n        <h2 class=\"text-4xl lg:text-5xl font-bold ug-heading mr-12 lg:mr-0 text-ug-green\">\n            Questions fr\u00e9quemment pos\u00e9es\n        <\/h2>\n    <\/div>\n\n    <div class=\"bg-ug-green absolute top-0 bottom-0 h-full w-40 right-0 transform triangle-45deg\"><\/div>\n<\/section>\n\n<section id=\"ug_faqs-block_6311b1d1a8f9a\" class=\"relative bg-ug-secondary\">\n    <div class=\"max-w-8xl mx-auto px-8 lg:px-16 py-12 space-y-8 relative\">\n                    <div class=\"space-y-4\" data-accordion>\n                <button type=\"button\" class=\"flex text-left lg:text-center items-center justify-between w-full text-white appearance-none border border-white text-lg px-4 py-2\" data-toggle>\n                    <strong>Qui est derri\u00e8re la campagne Unlock?<\/strong>\n\n                    <span class=\"appearance-none text-white rotate-180\" data-toggle-indicator>\n                        &#9650;\n                    <\/span>\n                <\/button>\n\n                <div class=\"space-y-4 text-white [&#038;_a]:underline\" style=\"display: none\" data-content>\n                    <p><span style=\"font-weight: 400\">Unlock est une campagne europ\u00e9enne coordonn\u00e9e par <\/span><a href=\"https:\/\/www.positivemoney.eu\/\"><span style=\"font-weight: 400\">Positive Money Europe<\/span><\/a><span style=\"font-weight: 400\">, une organisation \u00e0 but non lucratif qui d\u00e9fend un syst\u00e8me mon\u00e9taire europ\u00e9en au service d\u2019une \u00e9conomie \u00e9quitable, d\u00e9mocratique et durable. Pour ce faire, Positive Money Europe examine les activit\u00e9s de la Banque centrale europ\u00e9enne, \u00e9labore des propositions visant \u00e0 r\u00e9former le syst\u00e8me mon\u00e9taire de la zone euro et m\u00e8ne des campagnes publiques pour mobiliser les citoyens sur des questions telles que la finance durable et les in\u00e9galit\u00e9s.<\/span><\/p>\n<p><span style=\"font-weight: 400\">Unlock rassemble une coalition d&rsquo;organisations diverses agissant aux c\u00f4t\u00e9s de Positive Money Europe. Ensemble, nous pensons qu\u2019il est urgent de d\u00e9bloquer les financements pour la transition \u00e9cologique de nos foyers :<\/span><\/p>\n<p><a href=\"https:\/\/www.agirpourleclimat.net\/\">Agir pour le Climat<\/a>\u00a0 \u2013\u00a0<a href=\"https:\/\/www.negawatt.org\/\">Association n\u00e9gaWatt<\/a>\u00a0\u2013\u00a0<a href=\"https:\/\/www.renovation-doremi.com\/fr\/\">Dor\u00e9mi<\/a>\u00a0\u2013\u00a0<a href=\"https:\/\/institut-rousseau.fr\/\">Institut Rousseau<\/a>\u00a0\u2013\u00a0<a href=\"https:\/\/www.veblen-institute.org\/\">Institut Veblen<\/a>\u00a0\u2013\u00a0<a href=\"http:\/\/renovons.org\/\">R\u00e9novons<\/a>\u00a0\u2013\u00a0<a href=\"https:\/\/theshiftproject.org\/\">The Shift Project<\/a>\u00a0\u2013\u00a0<a href=\"https:\/\/www.renovate-europe.eu\/\">Renovate Europe<\/a>\u00a0\u2013\u00a0<a href=\"https:\/\/www.revoprosper.org\/\">REVO<\/a>\u00a0\u2013\u00a0<a href=\"https:\/\/www.asufin.com\/en\/international\/\">Asufin<\/a>\u00a0\u2013\u00a0<a href=\"https:\/\/gbce.es\/\">Green Building Council Espa\u00f1a<\/a><\/p>\n\n\n                                    <\/div>\n            <\/div>\n                    <div class=\"space-y-4\" data-accordion>\n                <button type=\"button\" class=\"flex text-left lg:text-center items-center justify-between w-full text-white appearance-none border border-white text-lg px-4 py-2\" data-toggle>\n                    <strong>Que vise la campagne Unlock?<\/strong>\n\n                    <span class=\"appearance-none text-white rotate-180\" data-toggle-indicator>\n                        &#9650;\n                    <\/span>\n                <\/button>\n\n                <div class=\"space-y-4 text-white [&#038;_a]:underline\" style=\"display: none\" data-content>\n                    <p><span style=\"font-weight: 400\">La r\u00e9novation performante du parc immobilier en France ne pourra se faire qu&rsquo;en associant investissements et financements publics et priv\u00e9s. C&rsquo;est pourquoi nous demandons au gouvernement et aux banques centrales de s\u2019engager sur le march\u00e9 de la r\u00e9novation \u00e9nerg\u00e9tique performante des logements pour nous permettre de respecter nos objectifs climatiques tout en r\u00e9duisant nos factures \u00e9nerg\u00e9tiques.<\/span><\/p>\n<p><span style=\"font-weight: 400\">En plus de r\u00e9orienter les aides publiques vers les r\u00e9novations globales, l\u2019Etat doit accro\u00eetre l\u2019enveloppe de son soutien, et doit garantir un accompagnement efficace et gratuit aux citoyens lors du processus de r\u00e9novation de leur logement.\u00a0<\/span><\/p>\n<p><span style=\"font-weight: 400\">Par ailleurs, les banques ont \u00e9galement un r\u00f4le \u00e0 jouer en proposant des pr\u00eats \u00e0 taux bas (voire nuls) et \u00e0 maturit\u00e9 longue et en prenant en compte les \u00e9conomies d\u2019\u00e9nergie et la valorisation du bien immobilier.<\/span><\/p>\n<p><span style=\"font-weight: 400\">Enfin, pour rendre les pr\u00eats \u00e0 la r\u00e9novation encore plus attractifs, la Banque centrale europ\u00e9enne (BCE) pourrait subventionner les banques s\u2019engageant sur le march\u00e9 de la r\u00e9novation performante avec un refinancement \u00e0 taux n\u00e9gatif. <\/span><\/p>\n\n\n                                    <\/div>\n            <\/div>\n                    <div class=\"space-y-4\" data-accordion>\n                <button type=\"button\" class=\"flex text-left lg:text-center items-center justify-between w-full text-white appearance-none border border-white text-lg px-4 py-2\" data-toggle>\n                    <strong>Pourquoi les banques commerciales, en plus de l\u2019Etat, devraient contribuer au financement de la r\u00e9novation des logements ?<\/strong>\n\n                    <span class=\"appearance-none text-white rotate-180\" data-toggle-indicator>\n                        &#9650;\n                    <\/span>\n                <\/button>\n\n                <div class=\"space-y-4 text-white [&#038;_a]:underline\" style=\"display: none\" data-content>\n                    <p><span style=\"font-weight: 400\">Le manque de financement est l\u2019une des principales barri\u00e8res \u00e0 la r\u00e9novation des logements. La plupart d\u2019entre nous ne peuvent se permettre d\u2019investir dans une meilleure isolation, des panneaux solaires ou un tout nouveau syst\u00e8me de chauffage. Alors que les d\u00e9cideurs politiques s\u2019entendent sur l\u2019urgence d\u2019une <\/span><a href=\"https:\/\/energy.ec.europa.eu\/topics\/energy-efficiency\/energy-efficient-buildings\/renovation-wave_fr\"><span style=\"font-weight: 400\">vague de r\u00e9novations<\/span><\/a><span style=\"font-weight: 400\"> des logements en Europe, il manque actuellement <\/span><a href=\"https:\/\/ec.europa.eu\/commission\/presscorner\/detail\/en\/qanda_20_1836\"><span style=\"font-weight: 400\">275 milliards d\u2019euros d\u2019investissement par an<\/span><\/a><span style=\"font-weight: 400\"> pour y parvenir, un montant que les gouvernements seuls ne peuvent pas couvrir.<\/span><\/p>\n<p><span style=\"font-weight: 400\">C\u2019est ainsi que les banques entrent en jeu. Celles-ci pourraient offrir \u00e0 leurs clients des pr\u00eats accessibles destin\u00e9s sp\u00e9cifiquement au financement de la r\u00e9novation \u00e9nerg\u00e9tique performante de leur logement. En participant de cette mani\u00e8re \u00e0 l\u2019objectif de neutralit\u00e9 carbone, les banques prendraient alors leurs responsabilit\u00e9s. <\/span><\/p>\n\n\n                                    <\/div>\n            <\/div>\n                    <div class=\"space-y-4\" data-accordion>\n                <button type=\"button\" class=\"flex text-left lg:text-center items-center justify-between w-full text-white appearance-none border border-white text-lg px-4 py-2\" data-toggle>\n                    <strong>Quels sont les avantages de la r\u00e9novation pour les m\u00e9nages ?<\/strong>\n\n                    <span class=\"appearance-none text-white rotate-180\" data-toggle-indicator>\n                        &#9650;\n                    <\/span>\n                <\/button>\n\n                <div class=\"space-y-4 text-white [&#038;_a]:underline\" style=\"display: none\" data-content>\n                    <p><span style=\"font-weight: 400\">Les r\u00e9novations \u00e9nerg\u00e9tiques performantes r\u00e9duisent consid\u00e9rablement les factures d&rsquo;\u00e9nergie et, dans la majorit\u00e9 des cas, les am\u00e9liorations apport\u00e9es aux habitations peuvent \u00eatre amorties dans un horizon inf\u00e9rieur \u00e0 25 ans. Les mesures les plus solides montrent qu&rsquo;en r\u00e9novant leur maison, les Fran\u00e7ais peuvent \u00e9conomiser plus de <\/span><a href=\"https:\/\/www.negawatt.org\/IMG\/pdf\/200121_la-renovation-thermique-reduit-reellement-votre-facture-denergie-a-condition-qu-elle-soit-performante.pdf\"><span style=\"font-weight: 400\">2 000 euros par an<\/span><\/a><span style=\"font-weight: 400\">. Pour les millions de m\u00e9nages modestes qui habitent une passoire \u00e9nerg\u00e9tique et consacrent une part tr\u00e8s importante de leur budget au chauffage, c&rsquo;est consid\u00e9rable !\u00a0<\/span><\/p>\n<p><span style=\"font-weight: 400\">Non seulement les m\u00e9nages conserveront leur pouvoir d\u2019achat, mais, en vivant dans des maisons plus efficaces sur le plan \u00e9nerg\u00e9tique et mieux ventil\u00e9es, ils b\u00e9n\u00e9ficieront \u00e9galement d&rsquo;une meilleure qualit\u00e9 d\u2019air int\u00e9rieur, ce qui am\u00e9liorera leur sant\u00e9 et leur confort de vie.<\/span><\/p>\n\n\n                                    <\/div>\n            <\/div>\n                    <div class=\"space-y-4\" data-accordion>\n                <button type=\"button\" class=\"flex text-left lg:text-center items-center justify-between w-full text-white appearance-none border border-white text-lg px-4 py-2\" data-toggle>\n                    <strong>En quoi la r\u00e9novation \u00e9nerg\u00e9tique est-elle b\u00e9n\u00e9fique pour la transition \u00e9cologique ?<\/strong>\n\n                    <span class=\"appearance-none text-white rotate-180\" data-toggle-indicator>\n                        &#9650;\n                    <\/span>\n                <\/button>\n\n                <div class=\"space-y-4 text-white [&#038;_a]:underline\" style=\"display: none\" data-content>\n                    <p><span style=\"font-weight: 400\">L&#8217;empreinte carbone de nos logements est consid\u00e9rable. Dans l&rsquo;UE, <\/span><a href=\"https:\/\/energy.ec.europa.eu\/topics\/energy-efficiency\/energy-efficient-buildings\/renovation-wave_fr\"><span style=\"font-weight: 400\">36% des \u00e9missions de gaz \u00e0 effet de serre sont dues aux b\u00e2timents<\/span><\/a><span style=\"font-weight: 400\">. La r\u00e9novation de nos maisons peut faire partie de la solution. En les rendant efficaces sur le plan \u00e9nerg\u00e9tique, nous ferons un pas vers un mode de vie plus sain et neutre en carbone. <\/span><\/p>\n\n\n                                    <\/div>\n            <\/div>\n                    <div class=\"space-y-4\" data-accordion>\n                <button type=\"button\" class=\"flex text-left lg:text-center items-center justify-between w-full text-white appearance-none border border-white text-lg px-4 py-2\" data-toggle>\n                    <strong>En quoi la r\u00e9novation est-elle b\u00e9n\u00e9fique pour notre \u00e9conomie ?<\/strong>\n\n                    <span class=\"appearance-none text-white rotate-180\" data-toggle-indicator>\n                        &#9650;\n                    <\/span>\n                <\/button>\n\n                <div class=\"space-y-4 text-white [&#038;_a]:underline\" style=\"display: none\" data-content>\n                    <p><span style=\"font-weight: 400\">Investir dans la r\u00e9novation des logements aura un effet d&rsquo;entra\u00eenement sur le secteur de la construction et stimulera l&#8217;emploi en France. En apportant ces changements, <\/span><a href=\"https:\/\/europeanclimate.org\/resources\/renovating-and-and-electrifying-buildings-strengthens-europes-economy-and-energy-security\/\"><span style=\"font-weight: 400\">plusieurs centaines de milliers de nouveaux emplois verts<\/span><\/a><span style=\"font-weight: 400\"> pourraient \u00eatre cr\u00e9\u00e9s \u00e0 l&rsquo;\u00e9chelle europ\u00e9enne.<\/span><\/p>\n\n\n                                    <\/div>\n            <\/div>\n                    <div class=\"space-y-4\" data-accordion>\n                <button type=\"button\" class=\"flex text-left lg:text-center items-center justify-between w-full text-white appearance-none border border-white text-lg px-4 py-2\" data-toggle>\n                    <strong>Comment puis-je soutenir la campagne Unlock ?<\/strong>\n\n                    <span class=\"appearance-none text-white rotate-180\" data-toggle-indicator>\n                        &#9650;\n                    <\/span>\n                <\/button>\n\n                <div class=\"space-y-4 text-white [&#038;_a]:underline\" style=\"display: none\" data-content>\n                    <p><span style=\"font-weight: 400\">Unlock est une campagne ax\u00e9e sur l&rsquo;humain. Vous pouvez nous soutenir en :\u00a0<\/span><\/p>\n<ul>\n<li style=\"font-weight: 400\"><span style=\"font-weight: 400\">Ajoutant votre nom en soutien \u00e0 la campagne,<\/span><\/li>\n<li style=\"font-weight: 400\"><span style=\"font-weight: 400\">Faisant un don \u00e0 la cause pour que nous puissions nous d\u00e9velopper et toucher encore plus de personnes,<\/span><\/li>\n<li style=\"font-weight: 400\"><span style=\"font-weight: 400\">Partageant la campagne avec vos amis, votre famille et vos coll\u00e8gues,<\/span><\/li>\n<li style=\"font-weight: 400\"><span style=\"font-weight: 400\">Participant \u00e0 nos \u00e9v\u00e9nements et actions<\/span><\/li>\n<\/ul>\n<p>&nbsp;<\/p>\n<p><span style=\"font-weight: 400\">Toutes ces actions, petites ou grandes, nous aideront \u00e0 d\u00e9bloquer un avenir meilleur !<\/span><\/p>\n\n\n                                    <\/div>\n            <\/div>\n                    <div class=\"space-y-4\" data-accordion>\n                <button type=\"button\" class=\"flex text-left lg:text-center items-center justify-between w-full text-white appearance-none border border-white text-lg px-4 py-2\" data-toggle>\n                    <strong>Comment mon organisation peut-elle rejoindre la coalition Unlock ?<\/strong>\n\n                    <span class=\"appearance-none text-white rotate-180\" data-toggle-indicator>\n                        &#9650;\n                    <\/span>\n                <\/button>\n\n                <div class=\"space-y-4 text-white [&#038;_a]:underline\" style=\"display: none\" data-content>\n                    <p><span style=\"font-weight: 400\">Vous souhaitez faire part de la coalition Unlock ? Contactez-nous \u00e0 <\/span><a href=\"mailto:info@unlock.green\"><span style=\"font-weight: 400\">info@unlock.green<\/span><\/a><span style=\"font-weight: 400\">. Nous avons h\u00e2te de vous lire.<\/span><\/p>\n\n\n                                    <\/div>\n            <\/div>\n            <\/div>\n<\/section>","protected":false},"excerpt":{"rendered":"","protected":false},"author":6,"featured_media":0,"parent":0,"menu_order":0,"comment_status":"closed","ping_status":"closed","template":"","meta":{"footnotes":""},"class_list":["post-36","page","type-page","status-publish","hentry"],"acf":[],"yoast_head":"<!-- This site is optimized with the Yoast SEO plugin v19.6.1 - https:\/\/yoast.com\/wordpress\/plugins\/seo\/ -->\n<title>FAQs - Unlock FR<\/title>\n<meta name=\"robots\" content=\"index, follow, max-snippet:-1, max-image-preview:large, max-video-preview:-1\" \/>\n<link rel=\"canonical\" href=\"https:\/\/unlock.green\/fr\/faqs\/\" \/>\n<meta property=\"og:locale\" content=\"fr_FR\" \/>\n<meta property=\"og:type\" content=\"article\" \/>\n<meta property=\"og:title\" content=\"FAQs - Unlock FR\" \/>\n<meta property=\"og:url\" content=\"https:\/\/unlock.green\/fr\/faqs\/\" \/>\n<meta property=\"og:site_name\" content=\"Unlock FR\" \/>\n<meta property=\"article:modified_time\" content=\"2022-09-12T14:10:34+00:00\" \/>\n<meta name=\"twitter:card\" content=\"summary_large_image\" \/>\n<script type=\"application\/ld+json\" class=\"yoast-schema-graph\">{\"@context\":\"https:\/\/schema.org\",\"@graph\":[{\"@type\":\"WebPage\",\"@id\":\"https:\/\/unlock.green\/fr\/faqs\/\",\"url\":\"https:\/\/unlock.green\/fr\/faqs\/\",\"name\":\"FAQs - Unlock FR\",\"isPartOf\":{\"@id\":\"https:\/\/unlock.green\/fr\/#website\"},\"datePublished\":\"2022-09-02T07:42:51+00:00\",\"dateModified\":\"2022-09-12T14:10:34+00:00\",\"breadcrumb\":{\"@id\":\"https:\/\/unlock.green\/fr\/faqs\/#breadcrumb\"},\"inLanguage\":\"fr-FR\",\"potentialAction\":[{\"@type\":\"ReadAction\",\"target\":[\"https:\/\/unlock.green\/fr\/faqs\/\"]}]},{\"@type\":\"BreadcrumbList\",\"@id\":\"https:\/\/unlock.green\/fr\/faqs\/#breadcrumb\",\"itemListElement\":[{\"@type\":\"ListItem\",\"position\":1,\"name\":\"Home\",\"item\":\"https:\/\/unlock.green\/fr\/\"},{\"@type\":\"ListItem\",\"position\":2,\"name\":\"FAQs\"}]},{\"@type\":\"WebSite\",\"@id\":\"https:\/\/unlock.green\/fr\/#website\",\"url\":\"https:\/\/unlock.green\/fr\/\",\"name\":\"Unlock FR\",\"description\":\"Unlock home renovations\",\"potentialAction\":[{\"@type\":\"SearchAction\",\"target\":{\"@type\":\"EntryPoint\",\"urlTemplate\":\"https:\/\/unlock.green\/fr\/?s={search_term_string}\"},\"query-input\":\"required name=search_term_string\"}],\"inLanguage\":\"fr-FR\"}]}<\/script>\n<!-- \/ Yoast SEO plugin. -->","yoast_head_json":{"title":"FAQs - Unlock FR","robots":{"index":"index","follow":"follow","max-snippet":"max-snippet:-1","max-image-preview":"max-image-preview:large","max-video-preview":"max-video-preview:-1"},"canonical":"https:\/\/unlock.green\/fr\/faqs\/","og_locale":"fr_FR","og_type":"article","og_title":"FAQs - Unlock FR","og_url":"https:\/\/unlock.green\/fr\/faqs\/","og_site_name":"Unlock FR","article_modified_time":"2022-09-12T14:10:34+00:00","twitter_card":"summary_large_image","schema":{"@context":"https:\/\/schema.org","@graph":[{"@type":"WebPage","@id":"https:\/\/unlock.green\/fr\/faqs\/","url":"https:\/\/unlock.green\/fr\/faqs\/","name":"FAQs - Unlock FR","isPartOf":{"@id":"https:\/\/unlock.green\/fr\/#website"},"datePublished":"2022-09-02T07:42:51+00:00","dateModified":"2022-09-12T14:10:34+00:00","breadcrumb":{"@id":"https:\/\/unlock.green\/fr\/faqs\/#breadcrumb"},"inLanguage":"fr-FR","potentialAction":[{"@type":"ReadAction","target":["https:\/\/unlock.green\/fr\/faqs\/"]}]},{"@type":"BreadcrumbList","@id":"https:\/\/unlock.green\/fr\/faqs\/#breadcrumb","itemListElement":[{"@type":"ListItem","position":1,"name":"Home","item":"https:\/\/unlock.green\/fr\/"},{"@type":"ListItem","position":2,"name":"FAQs"}]},{"@type":"WebSite","@id":"https:\/\/unlock.green\/fr\/#website","url":"https:\/\/unlock.green\/fr\/","name":"Unlock FR","description":"Unlock home renovations","potentialAction":[{"@type":"SearchAction","target":{"@type":"EntryPoint","urlTemplate":"https:\/\/unlock.green\/fr\/?s={search_term_string}"},"query-input":"required name=search_term_string"}],"inLanguage":"fr-FR"}]}},"_links":{"self":[{"href":"https:\/\/unlock.green\/fr\/wp-json\/wp\/v2\/pages\/36","targetHints":{"allow":["GET"]}}],"collection":[{"href":"https:\/\/unlock.green\/fr\/wp-json\/wp\/v2\/pages"}],"about":[{"href":"https:\/\/unlock.green\/fr\/wp-json\/wp\/v2\/types\/page"}],"author":[{"embeddable":true,"href":"https:\/\/unlock.green\/fr\/wp-json\/wp\/v2\/users\/6"}],"replies":[{"embeddable":true,"href":"https:\/\/unlock.green\/fr\/wp-json\/wp\/v2\/comments?post=36"}],"version-history":[{"count":0,"href":"https:\/\/unlock.green\/fr\/wp-json\/wp\/v2\/pages\/36\/revisions"}],"wp:attachment":[{"href":"https:\/\/unlock.green\/fr\/wp-json\/wp\/v2\/media?parent=36"}],"curies":[{"name":"wp","href":"https:\/\/api.w.org\/{rel}","templated":true}]}}