{"id":29,"date":"2022-09-02T07:09:43","date_gmt":"2022-09-02T07:09:43","guid":{"rendered":"https:\/\/unlock.green\/fr\/?page_id=29"},"modified":"2023-12-07T11:21:02","modified_gmt":"2023-12-07T11:21:02","slug":"campagne-unlock","status":"publish","type":"page","link":"https:\/\/unlock.green\/fr\/campagne-unlock\/","title":{"rendered":"La campagne Unlock"},"content":{"rendered":"<section id=\"ug_heading-block_6311a9734012c\" class=\"relative bg-white\">\n    <div class=\"max-w-8xl mx-auto px-8 py-8 lg:px-16 lg:py-16\">\n        <h2 class=\"text-4xl lg:text-5xl font-bold ug-heading mr-12 lg:mr-0 text-ug-green\">\n            La campagne Unlock\n        <\/h2>\n    <\/div>\n\n    <div class=\"bg-ug-green absolute top-0 bottom-0 h-full w-40 right-0 transform triangle-45deg\"><\/div>\n<\/section>\n\n\n<section id=\"ug_text_image-block_6311a9ad4012d\" class=\"relative bg-ug-secondary\">\n    <div class=\"max-w-8xl mx-auto relative grid grid-cols-1 lg:grid-cols-5\">\n        <div class=\"space-y-8 py-8 lg:py-16 px-8 lg:px-16 col-span-3\">\n            <h2 class=\"text-3xl lg:text-5xl font-bold ug-heading text-white\">\n                Nos demandes\n            <\/h2>\n\n            <div class=\"space-y-4 lg:space-y-8 text-lg lg:text-xl text-white\">\n                <p>Nous sommes actuellement confront\u00e9s \u00e0 de multiples crises : la crise \u00e9nerg\u00e9tique, l\u2019augmentation du co\u00fbt de la vie et l\u2019urgence climatique. La campagne Unlock souhaite, par la combinaison de pr\u00eats, de subventions et de r\u00e9glementations, mettre en place les incitations ad\u00e9quates pour stimuler la demande de r\u00e9novation performante des logements, sortir des millions de personnes de la pr\u00e9carit\u00e9 \u00e9nerg\u00e9tique, r\u00e9duire le co\u00fbt de la vie, et assurer un avenir stable et durable pour chacun\u00b7e d\u2019entre nous.<\/p>\n<ul>\n<li style=\"font-weight: 400;\"><strong>Inciter les banques \u00e0 revoir leurs aides financi\u00e8res<\/strong><\/li>\n<\/ul>\n<p>L&rsquo;argent public ne suffira pas \u00e0 rendre tous les logements \u00e9conomes en \u00e9nergie. Les banques devraient \u00eatre oblig\u00e9es d&rsquo;aider leurs client\u00b7e\u00b7s \u00e0 financer la r\u00e9novation thermique performante de leur logement gr\u00e2ce \u00e0 des pr\u00eats bon march\u00e9 et accessibles. Les institutions fran\u00e7aises et europ\u00e9ennes doivent mettre en place le cadre ad\u00e9quat pour que cela se concr\u00e9tise.<\/p>\n<ul>\n<li style=\"font-weight: 400;\"><strong>Rendre la r\u00e9novation abordable pour toutes et tous<\/strong><\/li>\n<\/ul>\n<p>Les travaux de r\u00e9novation \u00e9nerg\u00e9tique ont un co\u00fbt et chacun\u00b7e devrait \u00eatre en capacit\u00e9 de les r\u00e9aliser gr\u00e2ce \u00e0 des aides et subventions publiques. Aussi, pour les personnes qui n\u2019en ont pas les moyens, 100 % des co\u00fbts des r\u00e9novations devraient \u00eatre couverts par des fonds publics.<\/p>\n<ul>\n<li style=\"font-weight: 400;\"><strong>Rendre la r\u00e9novation simple<\/strong><\/li>\n<\/ul>\n<p>Les institutions devraient simplifier le parcours d\u2019acc\u00e8s aux diff\u00e9rentes aides et subventions car aujourd\u2019hui ces d\u00e9marches restent tr\u00e8s complexes et d\u00e9courageantes. Afin de faciliter ce processus, le gouvernement doit cr\u00e9er des structures efficaces pour fournir une assistance technique gratuite aux propri\u00e9taires.<\/p>\n<p><span style=\"font-weight: 400;\">Les institutions europ\u00e9ennes sont en train de r\u00e9viser une loi sp\u00e9cifique &#8211; la directive sur la performance \u00e9nerg\u00e9tique des b\u00e2timents (DPEB) &#8211; dans le but d&rsquo;augmenter le taux de r\u00e9novation performante dans toute l&rsquo;Europe. En mars 2023, apr\u00e8s une campagne intensive de notre part et de celle de nos partenaires, le Parlement europ\u00e9en a adopt\u00e9 une position sur cette directive qui comprend des mesures sans pr\u00e9c\u00e9dent visant \u00e0 impliquer les banques dans le financement de ces r\u00e9novations : il s\u2019agit l\u00e0 d&rsquo;une victoire importante pour notre campagne. <\/span><\/p>\n\n            <\/div>\n\n                    <\/div>\n\n                    <div class=\"self-end col-span-2 z-50 xl:-mr-4 2xl:mr-0\">\n                <img decoding=\"async\" src=\"https:\/\/unlock.green\/fr\/wp-content\/uploads\/sites\/2\/2022\/09\/Copy-of-pexels-cosmindoro-3996794-cutout-e1662993492819.png\" class=\"w-full h-auto block\">\n            <\/div>\n            <\/div>\n\n    <\/section>\n\n\n<section id=\"ug_text_image-block_6323148617711\" class=\"relative bg-white\">\n    <div class=\"max-w-8xl mx-auto relative grid grid-cols-1 lg:grid-cols-5\">\n        <div class=\"space-y-8 py-8 lg:py-16 px-8 lg:px-16 col-span-3\">\n            <h2 class=\"text-3xl lg:text-5xl font-bold ug-heading text-ug-green\">\n                Qui sommes-nous ?\n            <\/h2>\n\n            <div class=\"space-y-4 lg:space-y-8 text-lg lg:text-xl text-black\">\n                <p><!-- wp:paragraph --><\/p>\n<p>La campagne Unlock est une coalition de diverses organisations de la soci\u00e9t\u00e9 civile, de groupes de campagne et d&rsquo;experts en r\u00e9novation convaincus que renover nos logements est une des solutions pour un avenir plus vert et plus serein.<\/p>\n<p><!-- \/wp:paragraph --> <!-- wp:paragraph --><\/p>\n<p>Nous faisons campagne au niveau de l&rsquo;Union Europ\u00e9enne \u00e0 Bruxelles ainsi qu&rsquo;en France et en Espagne, pour que les gouvernements, l&rsquo;UE et les d\u00e9cideurs financiers mobilisent rapidement les fonds n\u00e9cessaires pour une transition \u00e9cologique \u00e9quitable et accessible des logements en Europe.<\/p>\n<p><!-- \/wp:paragraph --> <!-- wp:paragraph --><\/p>\n<p>Ce n&rsquo;est qu&rsquo;ainsi que les citoyens pourront vivre dans des maisons saines, plus efficaces et qui ne menacent pas la plan\u00e8te, et qu&rsquo;ils pourront r\u00e9duire le co\u00fbt de leurs factures \u00e9nerg\u00e9tiques.<!-- \/wp:paragraph --><\/p>\n\n            <\/div>\n\n                    <\/div>\n\n            <\/div>\n\n    <\/section>\n\n\n<hr class=\"wp-block-separator has-text-color has-alpha-channel-opacity has-background is-style-wide\" style=\"background-color:#00b140;color:#00b140\"\/>\n\n\n\n<h2 class=\"wp-block-heading has-white-background-color has-text-color has-background\" style=\"color:#00b140\">Les partenaires<\/h2>\n\n\n\n<div class=\"wp-block-columns is-layout-flex wp-container-core-columns-is-layout-9d6595d7 wp-block-columns-is-layout-flex\">\n<div class=\"wp-block-column is-layout-flow wp-block-column-is-layout-flow\"><div class=\"wp-block-image\">\n<figure class=\"alignleft size-full is-resized\"><a href=\"https:\/\/www.positivemoney.eu\/\"><img loading=\"lazy\" decoding=\"async\" width=\"400\" height=\"150\" src=\"https:\/\/unlock.green\/fr\/wp-content\/uploads\/sites\/2\/2022\/09\/pomoeuropelogo.png\" alt=\"\" class=\"wp-image-31\" style=\"width:203px;height:76px\" srcset=\"https:\/\/unlock.green\/fr\/wp-content\/uploads\/sites\/2\/2022\/09\/pomoeuropelogo.png 400w, https:\/\/unlock.green\/fr\/wp-content\/uploads\/sites\/2\/2022\/09\/pomoeuropelogo-300x113.png 300w\" sizes=\"auto, (max-width: 400px) 100vw, 400px\" \/><\/a><\/figure>\n<\/div>\n\n\n<figure class=\"wp-block-image size-large is-resized\"><img loading=\"lazy\" decoding=\"async\" width=\"1024\" height=\"332\" src=\"https:\/\/unlock.green\/fr\/wp-content\/uploads\/sites\/2\/2022\/11\/cler-logo-print-l190mm-h60mm-1024x332.png\" alt=\"\" class=\"wp-image-258\" style=\"width:194px;height:62px\" srcset=\"https:\/\/unlock.green\/fr\/wp-content\/uploads\/sites\/2\/2022\/11\/cler-logo-print-l190mm-h60mm-1024x332.png 1024w, https:\/\/unlock.green\/fr\/wp-content\/uploads\/sites\/2\/2022\/11\/cler-logo-print-l190mm-h60mm-300x97.png 300w, https:\/\/unlock.green\/fr\/wp-content\/uploads\/sites\/2\/2022\/11\/cler-logo-print-l190mm-h60mm-768x249.png 768w, https:\/\/unlock.green\/fr\/wp-content\/uploads\/sites\/2\/2022\/11\/cler-logo-print-l190mm-h60mm-1536x498.png 1536w, https:\/\/unlock.green\/fr\/wp-content\/uploads\/sites\/2\/2022\/11\/cler-logo-print-l190mm-h60mm-2048x664.png 2048w\" sizes=\"auto, (max-width: 1024px) 100vw, 1024px\" \/><\/figure>\n\n\n\n<figure class=\"wp-block-image size-large is-resized\"><a href=\"https:\/\/theshiftproject.org\/\"><img loading=\"lazy\" decoding=\"async\" width=\"1024\" height=\"407\" src=\"https:\/\/unlock.green\/fr\/wp-content\/uploads\/sites\/2\/2022\/09\/shift-project-logo-1024x407.png\" alt=\"\" class=\"wp-image-86\" style=\"width:203px;height:80px\" srcset=\"https:\/\/unlock.green\/fr\/wp-content\/uploads\/sites\/2\/2022\/09\/shift-project-logo-1024x407.png 1024w, https:\/\/unlock.green\/fr\/wp-content\/uploads\/sites\/2\/2022\/09\/shift-project-logo-300x119.png 300w, https:\/\/unlock.green\/fr\/wp-content\/uploads\/sites\/2\/2022\/09\/shift-project-logo-768x306.png 768w, https:\/\/unlock.green\/fr\/wp-content\/uploads\/sites\/2\/2022\/09\/shift-project-logo.png 1277w\" sizes=\"auto, (max-width: 1024px) 100vw, 1024px\" \/><\/a><\/figure>\n\n\n\n<figure class=\"wp-block-image size-full is-resized\"><img loading=\"lazy\" decoding=\"async\" width=\"1000\" height=\"290\" src=\"https:\/\/unlock.green\/fr\/wp-content\/uploads\/sites\/2\/2022\/10\/LOGO-INSTITUT-ROUSSEAU-H-DEF.png\" alt=\"\" class=\"wp-image-253\" style=\"width:195px;height:56px\" srcset=\"https:\/\/unlock.green\/fr\/wp-content\/uploads\/sites\/2\/2022\/10\/LOGO-INSTITUT-ROUSSEAU-H-DEF.png 1000w, https:\/\/unlock.green\/fr\/wp-content\/uploads\/sites\/2\/2022\/10\/LOGO-INSTITUT-ROUSSEAU-H-DEF-300x87.png 300w, https:\/\/unlock.green\/fr\/wp-content\/uploads\/sites\/2\/2022\/10\/LOGO-INSTITUT-ROUSSEAU-H-DEF-768x223.png 768w\" sizes=\"auto, (max-width: 1000px) 100vw, 1000px\" \/><\/figure>\n<\/div>\n\n\n\n<div class=\"wp-block-column is-layout-flow wp-block-column-is-layout-flow\">\n<figure class=\"wp-block-image size-large is-resized\"><a href=\"https:\/\/www.veblen-institute.org\/\"><img loading=\"lazy\" decoding=\"async\" width=\"1024\" height=\"410\" src=\"https:\/\/unlock.green\/fr\/wp-content\/uploads\/sites\/2\/2022\/09\/LOGO_VEBLEN_fr-1-1024x410.jpg\" alt=\"\" class=\"wp-image-84\" style=\"width:199px;height:78px\" srcset=\"https:\/\/unlock.green\/fr\/wp-content\/uploads\/sites\/2\/2022\/09\/LOGO_VEBLEN_fr-1-1024x410.jpg 1024w, https:\/\/unlock.green\/fr\/wp-content\/uploads\/sites\/2\/2022\/09\/LOGO_VEBLEN_fr-1-300x120.jpg 300w, https:\/\/unlock.green\/fr\/wp-content\/uploads\/sites\/2\/2022\/09\/LOGO_VEBLEN_fr-1-768x307.jpg 768w, https:\/\/unlock.green\/fr\/wp-content\/uploads\/sites\/2\/2022\/09\/LOGO_VEBLEN_fr-1-1536x615.jpg 1536w, https:\/\/unlock.green\/fr\/wp-content\/uploads\/sites\/2\/2022\/09\/LOGO_VEBLEN_fr-1.jpg 1772w\" sizes=\"auto, (max-width: 1024px) 100vw, 1024px\" \/><\/a><\/figure>\n\n\n\n<figure class=\"wp-block-image size-large is-resized\"><img loading=\"lazy\" decoding=\"async\" width=\"1024\" height=\"446\" src=\"https:\/\/unlock.green\/fr\/wp-content\/uploads\/sites\/2\/2022\/09\/Logo-Agir-pour-le-climat-1-1024x446.png\" alt=\"\" class=\"wp-image-82\" style=\"width:205px;height:89px\" srcset=\"https:\/\/unlock.green\/fr\/wp-content\/uploads\/sites\/2\/2022\/09\/Logo-Agir-pour-le-climat-1-1024x446.png 1024w, https:\/\/unlock.green\/fr\/wp-content\/uploads\/sites\/2\/2022\/09\/Logo-Agir-pour-le-climat-1-300x131.png 300w, https:\/\/unlock.green\/fr\/wp-content\/uploads\/sites\/2\/2022\/09\/Logo-Agir-pour-le-climat-1-768x334.png 768w, https:\/\/unlock.green\/fr\/wp-content\/uploads\/sites\/2\/2022\/09\/Logo-Agir-pour-le-climat-1-1536x669.png 1536w, https:\/\/unlock.green\/fr\/wp-content\/uploads\/sites\/2\/2022\/09\/Logo-Agir-pour-le-climat-1-2048x892.png 2048w\" sizes=\"auto, (max-width: 1024px) 100vw, 1024px\" \/><\/figure>\n\n\n\n<figure class=\"wp-block-image size-large is-resized\"><a href=\"https:\/\/reclaimfinance.org\/site\/en\/home\/\"><img loading=\"lazy\" decoding=\"async\" width=\"1024\" height=\"618\" src=\"https:\/\/unlock.green\/fr\/wp-content\/uploads\/sites\/2\/2022\/09\/LOGO_Reclaim-Finance_Carre\u0301_Vert-Gris-3-1024x618.png\" alt=\"\" class=\"wp-image-224\" style=\"width:181px;height:109px\" srcset=\"https:\/\/unlock.green\/fr\/wp-content\/uploads\/sites\/2\/2022\/09\/LOGO_Reclaim-Finance_Carre\u0301_Vert-Gris-3-1024x618.png 1024w, https:\/\/unlock.green\/fr\/wp-content\/uploads\/sites\/2\/2022\/09\/LOGO_Reclaim-Finance_Carre\u0301_Vert-Gris-3-300x181.png 300w, https:\/\/unlock.green\/fr\/wp-content\/uploads\/sites\/2\/2022\/09\/LOGO_Reclaim-Finance_Carre\u0301_Vert-Gris-3-768x464.png 768w, https:\/\/unlock.green\/fr\/wp-content\/uploads\/sites\/2\/2022\/09\/LOGO_Reclaim-Finance_Carre\u0301_Vert-Gris-3-1536x927.png 1536w, https:\/\/unlock.green\/fr\/wp-content\/uploads\/sites\/2\/2022\/09\/LOGO_Reclaim-Finance_Carre\u0301_Vert-Gris-3.png 1920w\" sizes=\"auto, (max-width: 1024px) 100vw, 1024px\" \/><\/a><\/figure>\n\n\n\n<figure class=\"wp-block-image size-large is-resized\"><img loading=\"lazy\" decoding=\"async\" width=\"1024\" height=\"384\" src=\"https:\/\/unlock.green\/fr\/wp-content\/uploads\/sites\/2\/2023\/01\/LOGO-RENOVONS-web-1024x384.jpg\" alt=\"\" class=\"wp-image-293\" style=\"width:200px\" srcset=\"https:\/\/unlock.green\/fr\/wp-content\/uploads\/sites\/2\/2023\/01\/LOGO-RENOVONS-web-1024x384.jpg 1024w, https:\/\/unlock.green\/fr\/wp-content\/uploads\/sites\/2\/2023\/01\/LOGO-RENOVONS-web-300x113.jpg 300w, https:\/\/unlock.green\/fr\/wp-content\/uploads\/sites\/2\/2023\/01\/LOGO-RENOVONS-web-768x288.jpg 768w, https:\/\/unlock.green\/fr\/wp-content\/uploads\/sites\/2\/2023\/01\/LOGO-RENOVONS-web-1536x576.jpg 1536w, https:\/\/unlock.green\/fr\/wp-content\/uploads\/sites\/2\/2023\/01\/LOGO-RENOVONS-web-2048x768.jpg 2048w\" sizes=\"auto, (max-width: 1024px) 100vw, 1024px\" \/><\/figure>\n<\/div>\n\n\n\n<div class=\"wp-block-column is-layout-flow wp-block-column-is-layout-flow\">\n<figure class=\"wp-block-image size-large is-resized\"><a href=\"https:\/\/www.renovation-doremi.com\/fr\/\"><img loading=\"lazy\" decoding=\"async\" width=\"1024\" height=\"429\" src=\"https:\/\/unlock.green\/fr\/wp-content\/uploads\/sites\/2\/2022\/09\/logotype-baseline-1-1024x429.jpg\" alt=\"\" class=\"wp-image-85\" style=\"width:193px;height:79px\" srcset=\"https:\/\/unlock.green\/fr\/wp-content\/uploads\/sites\/2\/2022\/09\/logotype-baseline-1-1024x429.jpg 1024w, https:\/\/unlock.green\/fr\/wp-content\/uploads\/sites\/2\/2022\/09\/logotype-baseline-1-300x126.jpg 300w, https:\/\/unlock.green\/fr\/wp-content\/uploads\/sites\/2\/2022\/09\/logotype-baseline-1-768x321.jpg 768w, https:\/\/unlock.green\/fr\/wp-content\/uploads\/sites\/2\/2022\/09\/logotype-baseline-1-1536x643.jpg 1536w, https:\/\/unlock.green\/fr\/wp-content\/uploads\/sites\/2\/2022\/09\/logotype-baseline-1.jpg 1763w\" sizes=\"auto, (max-width: 1024px) 100vw, 1024px\" \/><\/a><\/figure>\n\n\n\n<figure class=\"wp-block-image size-full is-resized\"><a href=\"https:\/\/negawatt.org\/\"><img loading=\"lazy\" decoding=\"async\" width=\"888\" height=\"821\" src=\"https:\/\/unlock.green\/fr\/wp-content\/uploads\/sites\/2\/2022\/09\/logo_negaWatt_web-01-1.jpg\" alt=\"\" class=\"wp-image-83\" style=\"width:197px;height:180px\" srcset=\"https:\/\/unlock.green\/fr\/wp-content\/uploads\/sites\/2\/2022\/09\/logo_negaWatt_web-01-1.jpg 888w, https:\/\/unlock.green\/fr\/wp-content\/uploads\/sites\/2\/2022\/09\/logo_negaWatt_web-01-1-300x277.jpg 300w, https:\/\/unlock.green\/fr\/wp-content\/uploads\/sites\/2\/2022\/09\/logo_negaWatt_web-01-1-768x710.jpg 768w\" sizes=\"auto, (max-width: 888px) 100vw, 888px\" \/><\/a><\/figure>\n\n\n\n<figure class=\"wp-block-image size-full is-resized\"><img loading=\"lazy\" decoding=\"async\" width=\"357\" height=\"125\" src=\"https:\/\/unlock.green\/fr\/wp-content\/uploads\/sites\/2\/2022\/11\/Logo_intitut_ne\u0301gaWatt.png\" alt=\"\" class=\"wp-image-260\" style=\"width:204px;height:70px\" srcset=\"https:\/\/unlock.green\/fr\/wp-content\/uploads\/sites\/2\/2022\/11\/Logo_intitut_ne\u0301gaWatt.png 357w, https:\/\/unlock.green\/fr\/wp-content\/uploads\/sites\/2\/2022\/11\/Logo_intitut_ne\u0301gaWatt-300x105.png 300w\" sizes=\"auto, (max-width: 357px) 100vw, 357px\" \/><\/figure>\n<\/div>\n<\/div>\n\n\n\n<p><\/p>\n\n\n<section id=\"ug_cta-block_6311abf24012e\" class=\"bg-ug-green\">\n    <div class=\"max-w-8xl mx-auto px-8 py-8 lg:px-16 lg:py-16 flex flex-col lg:flex-row lg:items-center space-y-8 lg:space-y-0 justify-between\">\n        <div class=\"space-y-6\">\n            <h2 class=\"text-3xl lg:text-4xl text-white font-bold ug-heading\">\n                Vous avez des questions ?\n            <\/h2>\n\n            <div class=\"space-y-4 text-white text-lg\">\n                <p>Si vous souhaitez en savoir plus sur notre campagne, vous pouvez consulter notre FAQ<\/p>\n\n            <\/div>\n        <\/div>\n\n        <a href=\"https:\/\/unlock.green\/fr\/faqs\/\" class=\"inline-block py-2 px-6 text-lg lg:text-xl font-bold text-white bg-ug-purple rounded-2xl w-max ug-button\">\n            Visitez notre page FAQ\n        <\/a>\n    <\/div>\n<\/section>","protected":false},"excerpt":{"rendered":"<p>Les partenaires<\/p>\n","protected":false},"author":6,"featured_media":0,"parent":0,"menu_order":0,"comment_status":"closed","ping_status":"closed","template":"","meta":{"footnotes":""},"class_list":["post-29","page","type-page","status-publish","hentry"],"acf":[],"yoast_head":"<!-- This site is optimized with the Yoast SEO plugin v19.6.1 - https:\/\/yoast.com\/wordpress\/plugins\/seo\/ -->\n<title>La campagne Unlock - Unlock FR<\/title>\n<meta name=\"robots\" content=\"index, follow, max-snippet:-1, max-image-preview:large, max-video-preview:-1\" \/>\n<link rel=\"canonical\" href=\"https:\/\/unlock.green\/fr\/campagne-unlock\/\" \/>\n<meta property=\"og:locale\" content=\"fr_FR\" \/>\n<meta property=\"og:type\" content=\"article\" \/>\n<meta property=\"og:title\" content=\"La campagne Unlock - Unlock FR\" \/>\n<meta property=\"og:description\" content=\"Les partenaires\" \/>\n<meta property=\"og:url\" content=\"https:\/\/unlock.green\/fr\/campagne-unlock\/\" \/>\n<meta property=\"og:site_name\" content=\"Unlock FR\" \/>\n<meta property=\"article:modified_time\" content=\"2023-12-07T11:21:02+00:00\" \/>\n<meta property=\"og:image\" content=\"https:\/\/unlock.green\/fr\/wp-content\/uploads\/sites\/2\/2022\/09\/pomoeuropelogo.png\" \/>\n<meta name=\"twitter:card\" content=\"summary_large_image\" \/>\n<meta name=\"twitter:label1\" content=\"Dur\u00e9e de lecture estim\u00e9e\" \/>\n\t<meta name=\"twitter:data1\" content=\"3 minutes\" \/>\n<script type=\"application\/ld+json\" class=\"yoast-schema-graph\">{\"@context\":\"https:\/\/schema.org\",\"@graph\":[{\"@type\":\"WebPage\",\"@id\":\"https:\/\/unlock.green\/fr\/campagne-unlock\/\",\"url\":\"https:\/\/unlock.green\/fr\/campagne-unlock\/\",\"name\":\"La campagne Unlock - Unlock FR\",\"isPartOf\":{\"@id\":\"https:\/\/unlock.green\/fr\/#website\"},\"datePublished\":\"2022-09-02T07:09:43+00:00\",\"dateModified\":\"2023-12-07T11:21:02+00:00\",\"breadcrumb\":{\"@id\":\"https:\/\/unlock.green\/fr\/campagne-unlock\/#breadcrumb\"},\"inLanguage\":\"fr-FR\",\"potentialAction\":[{\"@type\":\"ReadAction\",\"target\":[\"https:\/\/unlock.green\/fr\/campagne-unlock\/\"]}]},{\"@type\":\"BreadcrumbList\",\"@id\":\"https:\/\/unlock.green\/fr\/campagne-unlock\/#breadcrumb\",\"itemListElement\":[{\"@type\":\"ListItem\",\"position\":1,\"name\":\"Home\",\"item\":\"https:\/\/unlock.green\/fr\/\"},{\"@type\":\"ListItem\",\"position\":2,\"name\":\"La campagne Unlock\"}]},{\"@type\":\"WebSite\",\"@id\":\"https:\/\/unlock.green\/fr\/#website\",\"url\":\"https:\/\/unlock.green\/fr\/\",\"name\":\"Unlock FR\",\"description\":\"Unlock home renovations\",\"potentialAction\":[{\"@type\":\"SearchAction\",\"target\":{\"@type\":\"EntryPoint\",\"urlTemplate\":\"https:\/\/unlock.green\/fr\/?s={search_term_string}\"},\"query-input\":\"required name=search_term_string\"}],\"inLanguage\":\"fr-FR\"}]}<\/script>\n<!-- \/ Yoast SEO plugin. -->","yoast_head_json":{"title":"La campagne Unlock - Unlock FR","robots":{"index":"index","follow":"follow","max-snippet":"max-snippet:-1","max-image-preview":"max-image-preview:large","max-video-preview":"max-video-preview:-1"},"canonical":"https:\/\/unlock.green\/fr\/campagne-unlock\/","og_locale":"fr_FR","og_type":"article","og_title":"La campagne Unlock - Unlock FR","og_description":"Les partenaires","og_url":"https:\/\/unlock.green\/fr\/campagne-unlock\/","og_site_name":"Unlock FR","article_modified_time":"2023-12-07T11:21:02+00:00","og_image":[{"url":"https:\/\/unlock.green\/fr\/wp-content\/uploads\/sites\/2\/2022\/09\/pomoeuropelogo.png"}],"twitter_card":"summary_large_image","twitter_misc":{"Dur\u00e9e de lecture estim\u00e9e":"3 minutes"},"schema":{"@context":"https:\/\/schema.org","@graph":[{"@type":"WebPage","@id":"https:\/\/unlock.green\/fr\/campagne-unlock\/","url":"https:\/\/unlock.green\/fr\/campagne-unlock\/","name":"La campagne Unlock - Unlock FR","isPartOf":{"@id":"https:\/\/unlock.green\/fr\/#website"},"datePublished":"2022-09-02T07:09:43+00:00","dateModified":"2023-12-07T11:21:02+00:00","breadcrumb":{"@id":"https:\/\/unlock.green\/fr\/campagne-unlock\/#breadcrumb"},"inLanguage":"fr-FR","potentialAction":[{"@type":"ReadAction","target":["https:\/\/unlock.green\/fr\/campagne-unlock\/"]}]},{"@type":"BreadcrumbList","@id":"https:\/\/unlock.green\/fr\/campagne-unlock\/#breadcrumb","itemListElement":[{"@type":"ListItem","position":1,"name":"Home","item":"https:\/\/unlock.green\/fr\/"},{"@type":"ListItem","position":2,"name":"La campagne Unlock"}]},{"@type":"WebSite","@id":"https:\/\/unlock.green\/fr\/#website","url":"https:\/\/unlock.green\/fr\/","name":"Unlock FR","description":"Unlock home renovations","potentialAction":[{"@type":"SearchAction","target":{"@type":"EntryPoint","urlTemplate":"https:\/\/unlock.green\/fr\/?s={search_term_string}"},"query-input":"required name=search_term_string"}],"inLanguage":"fr-FR"}]}},"_links":{"self":[{"href":"https:\/\/unlock.green\/fr\/wp-json\/wp\/v2\/pages\/29","targetHints":{"allow":["GET"]}}],"collection":[{"href":"https:\/\/unlock.green\/fr\/wp-json\/wp\/v2\/pages"}],"about":[{"href":"https:\/\/unlock.green\/fr\/wp-json\/wp\/v2\/types\/page"}],"author":[{"embeddable":true,"href":"https:\/\/unlock.green\/fr\/wp-json\/wp\/v2\/users\/6"}],"replies":[{"embeddable":true,"href":"https:\/\/unlock.green\/fr\/wp-json\/wp\/v2\/comments?post=29"}],"version-history":[{"count":0,"href":"https:\/\/unlock.green\/fr\/wp-json\/wp\/v2\/pages\/29\/revisions"}],"wp:attachment":[{"href":"https:\/\/unlock.green\/fr\/wp-json\/wp\/v2\/media?parent=29"}],"curies":[{"name":"wp","href":"https:\/\/api.w.org\/{rel}","templated":true}]}}