{"id":277,"date":"2023-01-11T08:35:54","date_gmt":"2023-01-11T08:35:54","guid":{"rendered":"https:\/\/unlock.green\/fr\/?page_id=277"},"modified":"2023-06-05T10:46:27","modified_gmt":"2023-06-05T10:46:27","slug":"action-parlement-dpeb","status":"publish","type":"page","link":"https:\/\/unlock.green\/fr\/action-parlement-dpeb\/","title":{"rendered":"Action Jan 2023: EPBD"},"content":{"rendered":"\n<section id=\"ug_petition-block_6311dc7b9753c\" class=\"relative h-full bg-ug-secondary\">\n    <div class=\"max-w-8xl mx-auto px-8 lg:px-16 py-6 lg:py-12 grid grid-cols-1 lg:grid-cols-2 gap-y-6 gap-x-12\">\n        <div class=\"space-y-4 lg:space-y-8 self-start\">\n            <h2 class=\"text-4xl lg:text-5xl font-bold ug-heading text-white\">\n                Demandez aux d\u00e9put\u00e9.es europ\u00e9en.nes de permettre aux m\u00e9nages de chauffer leurs logements !\n            <\/h2>\n\n            <div class=\"text-lg lg:text-2xl font-normal space-y-8 text-white\">\n                <p><span style=\"font-weight: 400;\">Ce jeudi 9 f\u00e9vrier, les membres du Parlement europ\u00e9en (MEP) adopteront la Directive sur la Performance \u00e9nerg\u00e9tique des B\u00e2timents (DEPB). Si les d\u00e9put\u00e9s votent en faveur d&rsquo;une directive ambitieuse incitant les banques \u00e0 jouer leur r\u00f4le, cela serait crucial pour notre mouvement et nos demandes pour des b\u00e2timents plus efficaces sur le plan \u00e9nerg\u00e9tique en Europe.<\/span><\/p>\n<p><span style=\"font-weight: 400;\">De nombreux signaux indiquent que notre campagne avance dans la bonne direction. Le mois dernier, la Banque centrale europ\u00e9enne (BCE) a annonc\u00e9 son soutien \u00e0 la directive DEPB de l&rsquo;UE &#8211; avec des arguments appuyant les principales demandes de notre campagne Unlock.<\/span><\/p>\n<p><span style=\"font-weight: 400;\">Ce vote peut nous permettre de d\u00e9bloquer des fonds pour des maisons plus \u00e9cologiques et plus performantes ! Regardez la vid\u00e9o et demandez \u00e0 vos <\/span><b>d\u00e9put\u00e9.e.s europ\u00e9en.ne.s<\/b><span style=\"font-weight: 400;\">de voter en faveur d&rsquo;une directive ambitieuse !<\/span><\/p>\n\n            <\/div>\n        <\/div>\n\n        <div class=\"bg-white shadow-lg border border-gray-200 rounded-3xl px-6 lg:px-10 py-6 lg:py-10 z-10\">\n            <script src='https:\/\/actionnetwork.org\/widgets\/v5\/letter\/email-aux-deputes-europeens?format=js&#038;source=widget'><\/script><div id='can-letter-area-email-aux-deputes-europeens' style='width: 100%'><!-- this div is the target for our HTML insertion --><\/div>\n\n                            <div class=\"text-sm italic text-[#737373] custom-disclaimer\">\n                    <p><i><span style=\"font-weight: 400;\">Nous avons r\u00e9dig\u00e9 une suggestion d&rsquo;e-mail pour vous, n&rsquo;h\u00e9sitez pas \u00e0 ajouter votre propre message et \u00e0 cliquer sur le bouton e-mail ci-dessous<\/span><\/i><\/p>\n\n                <\/div>\n                    <\/div>\n    <\/div>\n\n            <div class=\"bg-ug-green absolute top-0 bottom-0 w-1\/2 right-0 transform triangle-45deg hidden lg:block\"><\/div>\n    <\/section>\n\n<script>\n\/*\n * Tailored sign up journey JS for GND Rising\n * Calls other utility functions\n * Built by C6 Digital\n *\/\nfunction ANPetitionTYModify() {\n    $('.custom-disclaimer').hide();\n\n    \/\/This is to replace the inbuilt h1 into h2\n    $('#can_embed_form.can_thank_you_wrap #can_thank_you>h1').replaceWith(function () {\n        return $(\"<h2>\", {\n            html: $(this).html()\n        });\n    });\n\n    $('#can_embed_form.can_thank_you_wrap #can_thank_you h4').remove()\n\n    \/\/Adding additional divs within the can_thank_you_wrap\n    $('#can_embed_form.can_thank_you_wrap #can_thank_you h2').attr('class', 'ty-text ug-heading');\n    $('#can_embed_form.can_thank_you_wrap').append('<div id=\"can_thank_you_share\"><\/div>');\n    $('#can_thank_you_share').append('<div id=\"ty-share-box\" class=\"flex flex-col space-y-2\"><\/div>');\n\n    \/\/ Filling in share buttons and holding the link to donate page\n    const buttons = JSON.parse('[{\\u0022button_text\\u0022:\\u0022TWEETEZ MAINTENANT !\\u0022,\\u0022share_url\\u0022:\\u0022https:\\\\\\\/\\\\\\\/twitter.com\\\\\\\/intent\\\\\\\/tweet?text=Les%20banques%20doivent%20aider%20%C3%A0%20financer%20la%20r%C3%A9novation%20%C3%A9nerg%C3%A9tique.%20Avec%20la%20%23DPBE,%20le%20Parlement%20europ%C3%A9en%20peut%20y%20arriver.%20%0A%0A%40GrudlerCh%20%40fxbellamy%20%40MebarekNora%20%40ValerieHayer%20aidez%20les%20m%C3%A9nages%20%C3%A0%20chauffer%20leurs%20logements%20!%20%0A%0A%23HelpPeopleHeatHomes%20%0A%23Unlock%20%F0%9F%94%93%0A%0Ahttps%3A\\\\\\\/\\\\\\\/bit.ly\\\\\\\/3X2SoOA%0A\\u0022,\\u0022color\\u0022:\\u0022#1DA1F2\\u0022}]')\n    for (const button of buttons) {\n        const markup = `\n            <a href=\"${button.share_url}\" class=\"pl-4 py-2 text-left text-white ug-button\" style=\"background: ${button.color}\" target=\"_blank\">\n                ${button.button_text}\n            <\/a>\n        `;\n\n        $('#ty-share-box').append(markup)\n    }\n\n    const thankYouMessage = $('\\u003Cp\\u003E\\u003Cspan style=\\u0022font-weight: 400;\\u0022\\u003EMerci d\\u0026rsquo;avoir pris le temps d\\u0026rsquo;envoyer un email aux d\\u00e9put\\u00e9.es. Les emails sont un bon moyen de communiquer avec les d\\u00e9put\\u00e9.es europ\\u00e9en.nes, mais ils peuvent aussi se retrouver sur une bo\\u00eete de r\\u00e9ception pleine de messages non-lus.\\u00a0\\u003C\\\/span\\u003E\\u003C\\\/p\\u003E\\n\\u003Cp\\u003E\\u003Cspan style=\\u0022font-weight: 400;\\u0022\\u003EPourriez-vous consacrer une minute de plus pour insister sur l\\u0026rsquo;urgence de la situation en interpellant les d\\u00e9put\\u00e9.es par un tweet ?\\u003C\\\/span\\u003E\\u003C\\\/p\\u003E\\n')\n\n    if (thankYouMessage) {\n        thankYouMessage.insertAfter('#can_embed_form.can_thank_you_wrap #can_thank_you > h2')\n    }\n\n    $('#can_thank_you #action_info').remove()\n\n    const skipButton = JSON.parse('{\\u0022enabled\\u0022:true,\\u0022button_text\\u0022:\\u0022FAIRE UN DON\\u0022,\\u0022button_url\\u0022:\\u0022\\\\\\\/fr\\\\\\\/faire-un-don\\\\\\\/\\u0022}')\n    if (skipButton.enabled) {\n        const skipButtonEl = $(`\n            <a href=\"${skipButton.button_url}\" class=\"block bg-[#BCBCBC] text-center text-lg text-white py-1 font-medium rounded-lg mt-12 ug-button\">\n                ${skipButton.button_text}\n            <\/a>\n        `)\n        skipButtonEl.insertAfter('#can_thank_you_share')\n    }\n}\n\nfunction ANPetitionModify() {\n    const config = JSON.parse('{\\u0022embed\\u0022:\\u0022\\\\u003Cscript src=\\\\u0027https:\\\\\\\/\\\\\\\/actionnetwork.org\\\\\\\/widgets\\\\\\\/v5\\\\\\\/letter\\\\\\\/email-aux-deputes-europeens?format=js\\\\u0026source=widget\\\\u0027\\\\u003E\\\\u003C\\\\\\\/script\\\\u003E\\\\u003Cdiv id=\\\\u0027can-letter-area-email-aux-deputes-europeens\\\\u0027 style=\\\\u0027width: 100%\\\\u0027\\\\u003E\\\\u003C!-- this div is the target for our HTML insertion --\\\\u003E\\\\u003C\\\\\\\/div\\\\u003E\\u0022,\\u0022heading_override\\u0022:\\u0022\\u0022,\\u0022thank_you_message\\u0022:\\u0022\\\\u003Cp\\\\u003E\\\\u003Cspan style=\\\\u0022font-weight: 400;\\\\u0022\\\\u003EMerci d\\\\u0026rsquo;avoir pris le temps d\\\\u0026rsquo;envoyer un email aux d\\\\u00e9put\\\\u00e9.es. Les emails sont un bon moyen de communiquer avec les d\\\\u00e9put\\\\u00e9.es europ\\\\u00e9en.nes, mais ils peuvent aussi se retrouver sur une bo\\\\u00eete de r\\\\u00e9ception pleine de messages non-lus.\\\\u00a0\\\\u003C\\\\\\\/span\\\\u003E\\\\u003C\\\\\\\/p\\\\u003E\\\\n\\\\u003Cp\\\\u003E\\\\u003Cspan style=\\\\u0022font-weight: 400;\\\\u0022\\\\u003EPourriez-vous consacrer une minute de plus pour insister sur l\\\\u0026rsquo;urgence de la situation en interpellant les d\\\\u00e9put\\\\u00e9.es par un tweet ?\\\\u003C\\\\\\\/span\\\\u003E\\\\u003C\\\\\\\/p\\\\u003E\\\\n\\u0022,\\u0022disclaimer\\u0022:\\u0022\\\\u003Cp\\\\u003E\\\\u003Ci\\\\u003E\\\\u003Cspan style=\\\\u0022font-weight: 400;\\\\u0022\\\\u003ENous avons r\\\\u00e9dig\\\\u00e9 une suggestion d\\\\u0026rsquo;e-mail pour vous, n\\\\u0026rsquo;h\\\\u00e9sitez pas \\\\u00e0 ajouter votre propre message et \\\\u00e0 cliquer sur le bouton e-mail ci-dessous\\\\u003C\\\\\\\/span\\\\u003E\\\\u003C\\\\\\\/i\\\\u003E\\\\u003C\\\\\\\/p\\\\u003E\\\\n\\u0022}')\n\n    $('#action_info').remove();\n    $('[for=\"form-comments\"]').parent().remove();\n\n    $('#can_embed_form_inner h2').addClass('ug-heading')\n    if (config.heading_override) {\n        $('#can_embed_form_inner h2').text(config.heading_override)\n    }\n\n    $('#can_embed_form_inner h3').remove();\n    const h4 = $('#can_embed_form_inner h4');\n    if (h4.parents('#letter-form').length === 0) {\n        h4.remove();\n    }\n}\n\n\/\/ TODO: Remove this.\nfunction testSubmitForm() {\n    $('[name=\"signature[first_name]\"]').val('Ryan')\n    $('[name=\"signature[last_name]\"]').val('Chandler')\n    $('[name=\"signature[email]\"]').val('ryangjchandler@gmail.com')\n    $('[name=\"subscription[group]\"][value=\"invalid\"]').prop('checked', true)\n    $('[name=\"commit\"]').click()\n}\n\n$(document).on('can_embed_loaded', function () {\n    ANPetitionModify()\n\n    \/\/ const postSlug = null\n    \/\/ if (postSlug === 'sign') {\n    \/\/     testSubmitForm()\n    \/\/ }\n})\n\n$(document).on('can_embed_submitted', function () {\n    ANPetitionTYModify()\n});\n<\/script>\n\n\n<script>\n$( document ).ready(function() {\n    $('<iframe loading=\"lazy\" width=\"560\" height=\"315\" src=\"https:\/\/www.youtube.com\/embed\/f-KeL3ipGXk?controls=0&#038;loop=1&#038;rel=0\" title=\"YouTube video player\" frameborder=\"0\" allow=\"accelerometer; autoplay; clipboard-write; encrypted-media; gyroscope; picture-in-picture; web-share\" allowfullscreen><\/iframe>').insertAfter('#post-content div.self-start h2');\n});\n<\/script>\n","protected":false},"excerpt":{"rendered":"","protected":false},"author":5,"featured_media":266,"parent":0,"menu_order":0,"comment_status":"closed","ping_status":"closed","template":"","meta":{"footnotes":""},"class_list":["post-277","page","type-page","status-publish","has-post-thumbnail","hentry"],"acf":[],"yoast_head":"<!-- This site is optimized with the Yoast SEO plugin v19.6.1 - https:\/\/yoast.com\/wordpress\/plugins\/seo\/ -->\n<title>Action Jan 2023: EPBD - Unlock.. Pour des \u00e9conomies d\u2019\u00e9nergie<\/title>\n<meta name=\"description\" content=\"Signez la p\u00e9tition pour les inciter \u00e0 d\u00e9bloquer les financements pour la r\u00e9novation \u00e9nerg\u00e9tique de nos logements.\" \/>\n<meta name=\"robots\" content=\"index, follow, max-snippet:-1, max-image-preview:large, max-video-preview:-1\" \/>\n<link rel=\"canonical\" href=\"https:\/\/unlock.green\/fr\/action-parlement-dpeb\/\" \/>\n<meta property=\"og:locale\" content=\"fr_FR\" \/>\n<meta property=\"og:type\" content=\"article\" \/>\n<meta property=\"og:title\" content=\"Rejoignez notre action #HelpPeopleHeatHomes\" \/>\n<meta property=\"og:description\" content=\"Les banques doivent jouer leur r\u00f4le dans la r\u00e9novation \u00e9nerg\u00e9tique des logements en Europe. Nous interpellons le Parlement europ\u00e9en pour qu\u2019il intervienne. Rejoignez le mouvement et interpellez les d\u00e9put\u00e9(es). #HelpPeopleHeatHomes \ud83c\udfe1#Unlock \ud83d\udd13\" \/>\n<meta property=\"og:url\" content=\"https:\/\/unlock.green\/fr\/action-parlement-dpeb\/\" \/>\n<meta property=\"og:site_name\" content=\"Unlock FR\" \/>\n<meta property=\"article:modified_time\" content=\"2023-06-05T10:46:27+00:00\" \/>\n<meta property=\"og:image\" content=\"https:\/\/unlock.green\/fr\/wp-content\/uploads\/sites\/2\/2023\/01\/EDM_01112023_PositiveMoney_009-scaled.jpg\" \/>\n\t<meta property=\"og:image:width\" content=\"2560\" \/>\n\t<meta property=\"og:image:height\" content=\"1710\" \/>\n\t<meta property=\"og:image:type\" content=\"image\/jpeg\" \/>\n<meta name=\"twitter:card\" content=\"summary_large_image\" \/>\n<meta name=\"twitter:title\" content=\"Rejoignez notre action #HelpPeopleHeatHomes\" \/>\n<meta name=\"twitter:description\" content=\"Les banques doivent jouer leur r\u00f4le dans la r\u00e9novation \u00e9nerg\u00e9tique des logements en Europe. Nous interpellons le Parlement europ\u00e9en pour qu\u2019il intervienne. Rejoignez le mouvement et interpellez les d\u00e9put\u00e9(es). #HelpPeopleHeatHomes \ud83c\udfe1#Unlock \ud83d\udd13\" \/>\n<meta name=\"twitter:image\" content=\"https:\/\/unlock.green\/fr\/wp-content\/uploads\/sites\/2\/2023\/01\/EDM_01112023_PositiveMoney_009-scaled.jpg\" \/>\n<meta name=\"twitter:label1\" content=\"Dur\u00e9e de lecture estim\u00e9e\" \/>\n\t<meta name=\"twitter:data1\" content=\"1 minute\" \/>\n<script type=\"application\/ld+json\" class=\"yoast-schema-graph\">{\"@context\":\"https:\/\/schema.org\",\"@graph\":[{\"@type\":\"WebPage\",\"@id\":\"https:\/\/unlock.green\/fr\/action-parlement-dpeb\/\",\"url\":\"https:\/\/unlock.green\/fr\/action-parlement-dpeb\/\",\"name\":\"Action Jan 2023: EPBD - Unlock.. Pour des \u00e9conomies d\u2019\u00e9nergie\",\"isPartOf\":{\"@id\":\"https:\/\/unlock.green\/fr\/#website\"},\"datePublished\":\"2023-01-11T08:35:54+00:00\",\"dateModified\":\"2023-06-05T10:46:27+00:00\",\"description\":\"Signez la p\u00e9tition pour les inciter \u00e0 d\u00e9bloquer les financements pour la r\u00e9novation \u00e9nerg\u00e9tique de nos logements.\",\"breadcrumb\":{\"@id\":\"https:\/\/unlock.green\/fr\/action-parlement-dpeb\/#breadcrumb\"},\"inLanguage\":\"fr-FR\",\"potentialAction\":[{\"@type\":\"ReadAction\",\"target\":[\"https:\/\/unlock.green\/fr\/action-parlement-dpeb\/\"]}]},{\"@type\":\"BreadcrumbList\",\"@id\":\"https:\/\/unlock.green\/fr\/action-parlement-dpeb\/#breadcrumb\",\"itemListElement\":[{\"@type\":\"ListItem\",\"position\":1,\"name\":\"Home\",\"item\":\"https:\/\/unlock.green\/fr\/\"},{\"@type\":\"ListItem\",\"position\":2,\"name\":\"Action Jan 2023: EPBD\"}]},{\"@type\":\"WebSite\",\"@id\":\"https:\/\/unlock.green\/fr\/#website\",\"url\":\"https:\/\/unlock.green\/fr\/\",\"name\":\"Unlock FR\",\"description\":\"Unlock home renovations\",\"potentialAction\":[{\"@type\":\"SearchAction\",\"target\":{\"@type\":\"EntryPoint\",\"urlTemplate\":\"https:\/\/unlock.green\/fr\/?s={search_term_string}\"},\"query-input\":\"required name=search_term_string\"}],\"inLanguage\":\"fr-FR\"}]}<\/script>\n<!-- \/ Yoast SEO plugin. -->","yoast_head_json":{"title":"Action Jan 2023: EPBD - Unlock.. Pour des \u00e9conomies d\u2019\u00e9nergie","description":"Signez la p\u00e9tition pour les inciter \u00e0 d\u00e9bloquer les financements pour la r\u00e9novation \u00e9nerg\u00e9tique de nos logements.","robots":{"index":"index","follow":"follow","max-snippet":"max-snippet:-1","max-image-preview":"max-image-preview:large","max-video-preview":"max-video-preview:-1"},"canonical":"https:\/\/unlock.green\/fr\/action-parlement-dpeb\/","og_locale":"fr_FR","og_type":"article","og_title":"Rejoignez notre action #HelpPeopleHeatHomes","og_description":"Les banques doivent jouer leur r\u00f4le dans la r\u00e9novation \u00e9nerg\u00e9tique des logements en Europe. Nous interpellons le Parlement europ\u00e9en pour qu\u2019il intervienne. Rejoignez le mouvement et interpellez les d\u00e9put\u00e9(es). #HelpPeopleHeatHomes \ud83c\udfe1#Unlock \ud83d\udd13","og_url":"https:\/\/unlock.green\/fr\/action-parlement-dpeb\/","og_site_name":"Unlock FR","article_modified_time":"2023-06-05T10:46:27+00:00","og_image":[{"width":2560,"height":1710,"url":"https:\/\/unlock.green\/fr\/wp-content\/uploads\/sites\/2\/2023\/01\/EDM_01112023_PositiveMoney_009-scaled.jpg","type":"image\/jpeg"}],"twitter_card":"summary_large_image","twitter_title":"Rejoignez notre action #HelpPeopleHeatHomes","twitter_description":"Les banques doivent jouer leur r\u00f4le dans la r\u00e9novation \u00e9nerg\u00e9tique des logements en Europe. Nous interpellons le Parlement europ\u00e9en pour qu\u2019il intervienne. Rejoignez le mouvement et interpellez les d\u00e9put\u00e9(es). #HelpPeopleHeatHomes \ud83c\udfe1#Unlock \ud83d\udd13","twitter_image":"https:\/\/unlock.green\/fr\/wp-content\/uploads\/sites\/2\/2023\/01\/EDM_01112023_PositiveMoney_009-scaled.jpg","twitter_misc":{"Dur\u00e9e de lecture estim\u00e9e":"1 minute"},"schema":{"@context":"https:\/\/schema.org","@graph":[{"@type":"WebPage","@id":"https:\/\/unlock.green\/fr\/action-parlement-dpeb\/","url":"https:\/\/unlock.green\/fr\/action-parlement-dpeb\/","name":"Action Jan 2023: EPBD - Unlock.. Pour des \u00e9conomies d\u2019\u00e9nergie","isPartOf":{"@id":"https:\/\/unlock.green\/fr\/#website"},"datePublished":"2023-01-11T08:35:54+00:00","dateModified":"2023-06-05T10:46:27+00:00","description":"Signez la p\u00e9tition pour les inciter \u00e0 d\u00e9bloquer les financements pour la r\u00e9novation \u00e9nerg\u00e9tique de nos logements.","breadcrumb":{"@id":"https:\/\/unlock.green\/fr\/action-parlement-dpeb\/#breadcrumb"},"inLanguage":"fr-FR","potentialAction":[{"@type":"ReadAction","target":["https:\/\/unlock.green\/fr\/action-parlement-dpeb\/"]}]},{"@type":"BreadcrumbList","@id":"https:\/\/unlock.green\/fr\/action-parlement-dpeb\/#breadcrumb","itemListElement":[{"@type":"ListItem","position":1,"name":"Home","item":"https:\/\/unlock.green\/fr\/"},{"@type":"ListItem","position":2,"name":"Action Jan 2023: EPBD"}]},{"@type":"WebSite","@id":"https:\/\/unlock.green\/fr\/#website","url":"https:\/\/unlock.green\/fr\/","name":"Unlock FR","description":"Unlock home renovations","potentialAction":[{"@type":"SearchAction","target":{"@type":"EntryPoint","urlTemplate":"https:\/\/unlock.green\/fr\/?s={search_term_string}"},"query-input":"required name=search_term_string"}],"inLanguage":"fr-FR"}]}},"_links":{"self":[{"href":"https:\/\/unlock.green\/fr\/wp-json\/wp\/v2\/pages\/277","targetHints":{"allow":["GET"]}}],"collection":[{"href":"https:\/\/unlock.green\/fr\/wp-json\/wp\/v2\/pages"}],"about":[{"href":"https:\/\/unlock.green\/fr\/wp-json\/wp\/v2\/types\/page"}],"author":[{"embeddable":true,"href":"https:\/\/unlock.green\/fr\/wp-json\/wp\/v2\/users\/5"}],"replies":[{"embeddable":true,"href":"https:\/\/unlock.green\/fr\/wp-json\/wp\/v2\/comments?post=277"}],"version-history":[{"count":0,"href":"https:\/\/unlock.green\/fr\/wp-json\/wp\/v2\/pages\/277\/revisions"}],"wp:featuredmedia":[{"embeddable":true,"href":"https:\/\/unlock.green\/fr\/wp-json\/wp\/v2\/media\/266"}],"wp:attachment":[{"href":"https:\/\/unlock.green\/fr\/wp-json\/wp\/v2\/media?parent=277"}],"curies":[{"name":"wp","href":"https:\/\/api.w.org\/{rel}","templated":true}]}}