{"id":257,"date":"2022-10-26T09:13:10","date_gmt":"2022-10-26T09:13:10","guid":{"rendered":"https:\/\/unlock.green\/fr\/?page_id=257"},"modified":"2023-06-05T10:47:34","modified_gmt":"2023-06-05T10:47:34","slug":"citoyens-vs-lobbybancaire","status":"publish","type":"page","link":"https:\/\/unlock.green\/fr\/citoyens-vs-lobbybancaire\/","title":{"rendered":"Action Oct 2022: MEP video share"},"content":{"rendered":"\n<style>\n.tweets {\n    display: none!important;\n}\n.askbox {\n    padding: 2%;\n    margin-top: 0!important;\n}\n#tweettext {\n    padding: 2%;\n    width: 100%;\n    height: 160px;\n    background-color: white;\n    border: 2px solid grey;\n}\n.icon-refresh {\n  position: absolute;\n  background: url('https:\/\/cdn-icons-png.flaticon.com\/512\/61\/61225.png') no-repeat;\n  background-size: contain;\n  width: 16px;\n  height: 16px;\n  right: 1rem;\n  bottom: 1rem;\n  cursor: pointer;\n}\n\n.tw_btn a{\n    text-decoration-line: none!important;\n}\n\n.wp-container-2 {\n    padding-bottom: 0!important;\n}\n\n.wp-container-1 h1 {\n    padding-left: 0!important;\n}\n.wp-container-6 {\n    padding-top: 0!important;\n}\n<\/style>\n\n\n\n<div class=\"wp-block-columns is-layout-flex wp-container-core-columns-is-layout-9d6595d7 wp-block-columns-is-layout-flex\">\n<div class=\"wp-block-column is-layout-flow wp-block-column-is-layout-flow\">\n<h1 class=\"wp-block-heading\">Emp\u00eachons le lobby bancaire de faire passer les profits avant la s\u00e9curit\u00e9 \u00e9nerg\u00e9tique<\/h1>\n<\/div>\n<\/div>\n\n\n\n<div class=\"wp-block-columns is-layout-flex wp-container-core-columns-is-layout-9d6595d7 wp-block-columns-is-layout-flex\">\n<div class=\"wp-block-column is-layout-flow wp-block-column-is-layout-flow\">\n<iframe loading=\"lazy\" width=\"100%\" height=\"315\" src=\"https:\/\/www.youtube.com\/embed\/4uWlC8zeGy8?controls=0\" title=\"YouTube video player\" frameborder=\"0\" allow=\"accelerometer; autoplay; clipboard-write; encrypted-media; gyroscope; picture-in-picture\" allowfullscreen=\"\"><\/iframe>\n\n\n\n<p>Les banques font pression pour priver l&rsquo;UE d\u2019une opportunit\u00e9 de r\u00e9duire les \u00e9missions de gaz \u00e0 effet de serre des b\u00e2timents mal isol\u00e9s et inefficaces sur le plan \u00e9nerg\u00e9tique.<\/p>\n\n\n\n<p>Le Parlement europ\u00e9en a mis en place un comit\u00e9 pour r\u00e9viser la directive sur la performance \u00e9nerg\u00e9tique des b\u00e2timents (DPEB) qui se penche sur l&rsquo;augmentation de l&rsquo;efficacit\u00e9 \u00e9nerg\u00e9tique des habitations dans l&rsquo;UE. Selon une estimation, 40 % de la consommation d&rsquo;\u00e9nergie dans l&rsquo;UE provient des habitations.<\/p>\n\n\n\n<p>Pour que cela soit possible pour tous, les banques pourraient \u00eatre contraintes de fournir davantage de pr\u00eats bancaires pour la r\u00e9novation \u00e9nerg\u00e9tique des b\u00e2timents. Mais les banques poussent certains d\u00e9put\u00e9s europ\u00e9ens \u00e0 supprimer l&rsquo;article sp\u00e9cifique qui assure ce soutien financier.<\/p>\n\n\n\n<p>Regardez la vid\u00e9o et interpellez les d\u00e9put\u00e9s europ\u00e9ens pour les mettre face \u00e0 leurs responsabilit\u00e9s.<\/p>\n<\/div>\n\n\n\n<div class=\"wp-block-column askbox has-black-background-color has-background is-layout-flow wp-block-column-is-layout-flow\" style=\"flex-basis:45%\">\n<h2 class=\"has-text-align-center has-white-color has-text-color wp-block-heading\">Interpeller les d\u00e9put\u00e9s europ\u00e9ens<\/h2>\n\n\n\n<p class=\"has-white-color has-text-color\">Nous devons montrer aux d\u00e9put\u00e9s europ\u00e9ens que nous savons et que nous n&rsquo;acceptons pas leur vision court termiste. Tweetez la vid\u00e9o pour mettre les d\u00e9put\u00e9s face \u00e0 leurs responsabilit\u00e9s.<\/p>\n\n\n\n<div style=\"position: relative;\"><textarea id=\"tweettext\">La #DPBE devrait obliger les banques \u00e0 jouer leur r\u00f4le dans la lutte contre le #changementclimatique et \u00e0 d\u00e9bloquer de l&rsquo;argent pour r\u00e9nover nos logements.\n\n\ud83d\udc40@mmatias_, avez-vous vu cette vid\u00e9o ? \ud83d\udc47 pic.twitter.com\/97bmTDUbEH<\/textarea>\n<span class=\"icon-refresh\"><\/span><\/div>\n\n\n\n<p class=\"has-white-color has-text-color has-small-font-size\">Nous avons r\u00e9dig\u00e9 quelques tweets pour vous, pour les partager rapidement avec la vid\u00e9o. Vous pouvez aussi ajouter votre propre message, puis cliquer sur le bouton tweet ci-dessous.<\/p>\n\n\n\n<div class=\"wp-block-buttons is-content-justification-center is-layout-flex wp-container-core-buttons-is-layout-16018d1d wp-block-buttons-is-layout-flex\">\n<div class=\"wp-block-button has-custom-width wp-block-button__width-100 has-custom-font-size is-style-fill tw_btn\" id=\"tw_btn\" style=\"font-size:24px\"><a class=\"wp-block-button__link has-white-color has-pale-cyan-blue-background-color has-text-color has-background\" style=\"border-radius:4px\">Tweetez maintenant<\/a><\/div>\n<\/div>\n<\/div>\n<\/div>\n\n\n\n<div class=\"wp-block-columns tweets is-layout-flex wp-container-core-columns-is-layout-9d6595d7 wp-block-columns-is-layout-flex\">\n<div class=\"wp-block-column has-pale-pink-background-color has-background is-layout-flow wp-block-column-is-layout-flow\">\n<h2 class=\"wp-block-heading\">Enter tweets below (don&rsquo;t leave empty rows):<\/h2>\n\n\n\n<textarea>La #DPBE devrait obliger les banques \u00e0 jouer leur r\u00f4le dans la lutte contre le #changementclimatique et \u00e0 d\u00e9bloquer de l&rsquo;argent pour r\u00e9nover nos logements.\n\n\ud83d\udc40@SeanKellyMEP, avez-vous vu cette vid\u00e9o ? \ud83d\udc47 pic.twitter.com\/97bmTDUbEH\n<\/textarea>\n\n\n\n<textarea>La #DPBE devrait obliger les banques \u00e0 jouer leur r\u00f4le dans la lutte contre le #changementclimatique et \u00e0 d\u00e9bloquer de l&rsquo;argent pour r\u00e9nover nos logements.\n\n\ud83d\udc40@CiaranCuffe, avez-vous vu cette vid\u00e9o ? \ud83d\udc47 pic.twitter.com\/97bmTDUbEH\n<\/textarea>\n\n\n\n<textarea>La #DPBE devrait obliger les banques \u00e0 jouer leur r\u00f4le dans la lutte contre le #changementclimatique et \u00e0 d\u00e9bloquer de l&rsquo;argent pour r\u00e9nover nos logements.\n\n\ud83d\udc40@tsvetypenkova, avez-vous vu cette vid\u00e9o ? \ud83d\udc47 pic.twitter.com\/97bmTDUbEH\n<\/textarea>\n\n\n\n<textarea>La #DPBE devrait obliger les banques \u00e0 jouer leur r\u00f4le dans la lutte contre le #changementclimatique et \u00e0 d\u00e9bloquer de l&rsquo;argent pour r\u00e9nover nos logements.\n\n\ud83d\udc40@mortenhelveg, avez-vous vu cette vid\u00e9o ? \ud83d\udc47 pic.twitter.com\/97bmTDUbEH\n<\/textarea>\n\n\n\n<textarea>La #DPBE devrait obliger les banques \u00e0 jouer leur r\u00f4le dans la lutte contre le #changementclimatique et \u00e0 d\u00e9bloquer de l&rsquo;argent pour r\u00e9nover nos logements.\n\n\ud83d\udc40@mmatias_, avez-vous vu cette vid\u00e9o ? \ud83d\udc47 pic.twitter.com\/97bmTDUbEH\n<\/textarea>\n\n\n\n<p><\/p>\n<\/div>\n<\/div>\n\n\n\n<script>\n$(document).ready(function() {\n    var which_tweet = 0;\n    which_tweet= refresh_tweet(which_tweet);\n$('.icon-refresh').click(function(event) {\n    which_tweet= refresh_tweet(which_tweet);\n});\n$('#tw_btn').click(function(event) {\n    event.preventDefault();\n    console.log(\"clicked\");\n    window.open(\"https:\/\/twitter.com\/intent\/tweet?text=\"+encodeURIComponent($(\"#tweettext\").val()), \"_blank\", \"toolbar=no,scrollbars=yes,resizable=yes,top=500,left=500,width=800,height=400\");\n    \/\/window.open($(this).attr(\"href\"), \"popupWindow\", \"width=600,height=600,scrollbars=yes\");\n});\n});\n\nfunction refresh_tweet(old_no) {\n    var tweet_no = old_no;\n    while (old_no==tweet_no){\n      tweet_no = Math.floor((Math.random() * $(\".tweets > .wp-block-column textarea\").length) + 1);\n    }\n    console.log(tweet_no);\n    var tweet_pick = $(\".tweets > .wp-block-column textarea\").eq(tweet_no-1).val();\n    $(\"#tweettext\").val(tweet_pick);\n    return(tweet_no);\n}\n<\/script>\n","protected":false},"excerpt":{"rendered":"<p>Emp\u00eachons le lobby bancaire de faire passer les profits avant la s\u00e9curit\u00e9 \u00e9nerg\u00e9tique Les banques font pression pour priver l&rsquo;UE d\u2019une opportunit\u00e9 de r\u00e9duire les \u00e9missions de gaz \u00e0 effet de serre des b\u00e2timents mal isol\u00e9s et inefficaces sur le plan \u00e9nerg\u00e9tique. Le Parlement europ\u00e9en a mis en place un comit\u00e9 pour r\u00e9viser la directive [&hellip;]<\/p>\n","protected":false},"author":5,"featured_media":0,"parent":0,"menu_order":0,"comment_status":"closed","ping_status":"closed","template":"","meta":{"footnotes":""},"class_list":["post-257","page","type-page","status-publish","hentry"],"acf":[],"yoast_head":"<!-- This site is optimized with the Yoast SEO plugin v19.6.1 - https:\/\/yoast.com\/wordpress\/plugins\/seo\/ -->\n<title>Action Oct 2022: MEP video share - Unlock FR<\/title>\n<meta name=\"robots\" content=\"index, follow, max-snippet:-1, max-image-preview:large, max-video-preview:-1\" \/>\n<link rel=\"canonical\" href=\"https:\/\/unlock.green\/fr\/citoyens-vs-lobbybancaire\/\" \/>\n<meta property=\"og:locale\" content=\"fr_FR\" \/>\n<meta property=\"og:type\" content=\"article\" \/>\n<meta property=\"og:title\" content=\"Action Oct 2022: MEP video share - Unlock FR\" \/>\n<meta property=\"og:description\" content=\"Emp\u00eachons le lobby bancaire de faire passer les profits avant la s\u00e9curit\u00e9 \u00e9nerg\u00e9tique Les banques font pression pour priver l&rsquo;UE d\u2019une opportunit\u00e9 de r\u00e9duire les \u00e9missions de gaz \u00e0 effet de serre des b\u00e2timents mal isol\u00e9s et inefficaces sur le plan \u00e9nerg\u00e9tique. Le Parlement europ\u00e9en a mis en place un comit\u00e9 pour r\u00e9viser la directive [&hellip;]\" \/>\n<meta property=\"og:url\" content=\"https:\/\/unlock.green\/fr\/citoyens-vs-lobbybancaire\/\" \/>\n<meta property=\"og:site_name\" content=\"Unlock FR\" \/>\n<meta property=\"article:modified_time\" content=\"2023-06-05T10:47:34+00:00\" \/>\n<meta name=\"twitter:card\" content=\"summary_large_image\" \/>\n<meta name=\"twitter:label1\" content=\"Dur\u00e9e de lecture estim\u00e9e\" \/>\n\t<meta name=\"twitter:data1\" content=\"3 minutes\" \/>\n<script type=\"application\/ld+json\" class=\"yoast-schema-graph\">{\"@context\":\"https:\/\/schema.org\",\"@graph\":[{\"@type\":\"WebPage\",\"@id\":\"https:\/\/unlock.green\/fr\/citoyens-vs-lobbybancaire\/\",\"url\":\"https:\/\/unlock.green\/fr\/citoyens-vs-lobbybancaire\/\",\"name\":\"Action Oct 2022: MEP video share - Unlock FR\",\"isPartOf\":{\"@id\":\"https:\/\/unlock.green\/fr\/#website\"},\"datePublished\":\"2022-10-26T09:13:10+00:00\",\"dateModified\":\"2023-06-05T10:47:34+00:00\",\"breadcrumb\":{\"@id\":\"https:\/\/unlock.green\/fr\/citoyens-vs-lobbybancaire\/#breadcrumb\"},\"inLanguage\":\"fr-FR\",\"potentialAction\":[{\"@type\":\"ReadAction\",\"target\":[\"https:\/\/unlock.green\/fr\/citoyens-vs-lobbybancaire\/\"]}]},{\"@type\":\"BreadcrumbList\",\"@id\":\"https:\/\/unlock.green\/fr\/citoyens-vs-lobbybancaire\/#breadcrumb\",\"itemListElement\":[{\"@type\":\"ListItem\",\"position\":1,\"name\":\"Home\",\"item\":\"https:\/\/unlock.green\/fr\/\"},{\"@type\":\"ListItem\",\"position\":2,\"name\":\"Action Oct 2022: MEP video share\"}]},{\"@type\":\"WebSite\",\"@id\":\"https:\/\/unlock.green\/fr\/#website\",\"url\":\"https:\/\/unlock.green\/fr\/\",\"name\":\"Unlock FR\",\"description\":\"Unlock home renovations\",\"potentialAction\":[{\"@type\":\"SearchAction\",\"target\":{\"@type\":\"EntryPoint\",\"urlTemplate\":\"https:\/\/unlock.green\/fr\/?s={search_term_string}\"},\"query-input\":\"required name=search_term_string\"}],\"inLanguage\":\"fr-FR\"}]}<\/script>\n<!-- \/ Yoast SEO plugin. -->","yoast_head_json":{"title":"Action Oct 2022: MEP video share - Unlock FR","robots":{"index":"index","follow":"follow","max-snippet":"max-snippet:-1","max-image-preview":"max-image-preview:large","max-video-preview":"max-video-preview:-1"},"canonical":"https:\/\/unlock.green\/fr\/citoyens-vs-lobbybancaire\/","og_locale":"fr_FR","og_type":"article","og_title":"Action Oct 2022: MEP video share - Unlock FR","og_description":"Emp\u00eachons le lobby bancaire de faire passer les profits avant la s\u00e9curit\u00e9 \u00e9nerg\u00e9tique Les banques font pression pour priver l&rsquo;UE d\u2019une opportunit\u00e9 de r\u00e9duire les \u00e9missions de gaz \u00e0 effet de serre des b\u00e2timents mal isol\u00e9s et inefficaces sur le plan \u00e9nerg\u00e9tique. Le Parlement europ\u00e9en a mis en place un comit\u00e9 pour r\u00e9viser la directive [&hellip;]","og_url":"https:\/\/unlock.green\/fr\/citoyens-vs-lobbybancaire\/","og_site_name":"Unlock FR","article_modified_time":"2023-06-05T10:47:34+00:00","twitter_card":"summary_large_image","twitter_misc":{"Dur\u00e9e de lecture estim\u00e9e":"3 minutes"},"schema":{"@context":"https:\/\/schema.org","@graph":[{"@type":"WebPage","@id":"https:\/\/unlock.green\/fr\/citoyens-vs-lobbybancaire\/","url":"https:\/\/unlock.green\/fr\/citoyens-vs-lobbybancaire\/","name":"Action Oct 2022: MEP video share - Unlock FR","isPartOf":{"@id":"https:\/\/unlock.green\/fr\/#website"},"datePublished":"2022-10-26T09:13:10+00:00","dateModified":"2023-06-05T10:47:34+00:00","breadcrumb":{"@id":"https:\/\/unlock.green\/fr\/citoyens-vs-lobbybancaire\/#breadcrumb"},"inLanguage":"fr-FR","potentialAction":[{"@type":"ReadAction","target":["https:\/\/unlock.green\/fr\/citoyens-vs-lobbybancaire\/"]}]},{"@type":"BreadcrumbList","@id":"https:\/\/unlock.green\/fr\/citoyens-vs-lobbybancaire\/#breadcrumb","itemListElement":[{"@type":"ListItem","position":1,"name":"Home","item":"https:\/\/unlock.green\/fr\/"},{"@type":"ListItem","position":2,"name":"Action Oct 2022: MEP video share"}]},{"@type":"WebSite","@id":"https:\/\/unlock.green\/fr\/#website","url":"https:\/\/unlock.green\/fr\/","name":"Unlock FR","description":"Unlock home renovations","potentialAction":[{"@type":"SearchAction","target":{"@type":"EntryPoint","urlTemplate":"https:\/\/unlock.green\/fr\/?s={search_term_string}"},"query-input":"required name=search_term_string"}],"inLanguage":"fr-FR"}]}},"_links":{"self":[{"href":"https:\/\/unlock.green\/fr\/wp-json\/wp\/v2\/pages\/257","targetHints":{"allow":["GET"]}}],"collection":[{"href":"https:\/\/unlock.green\/fr\/wp-json\/wp\/v2\/pages"}],"about":[{"href":"https:\/\/unlock.green\/fr\/wp-json\/wp\/v2\/types\/page"}],"author":[{"embeddable":true,"href":"https:\/\/unlock.green\/fr\/wp-json\/wp\/v2\/users\/5"}],"replies":[{"embeddable":true,"href":"https:\/\/unlock.green\/fr\/wp-json\/wp\/v2\/comments?post=257"}],"version-history":[{"count":0,"href":"https:\/\/unlock.green\/fr\/wp-json\/wp\/v2\/pages\/257\/revisions"}],"wp:attachment":[{"href":"https:\/\/unlock.green\/fr\/wp-json\/wp\/v2\/media?parent=257"}],"curies":[{"name":"wp","href":"https:\/\/api.w.org\/{rel}","templated":true}]}}