{"id":188,"date":"2022-09-14T14:00:15","date_gmt":"2022-09-14T14:00:15","guid":{"rendered":"https:\/\/unlock.green\/fr\/?page_id=188"},"modified":"2022-09-15T15:50:56","modified_gmt":"2022-09-15T15:50:56","slug":"faire-un-don","status":"publish","type":"page","link":"https:\/\/unlock.green\/fr\/faire-un-don\/","title":{"rendered":"Faire un don"},"content":{"rendered":"\n<section id=\"ug_petition-block_6321d8f9f519f\" class=\"relative h-full bg-ug-crystal\">\n    <div class=\"max-w-8xl mx-auto px-8 lg:px-16 py-6 lg:py-12 grid grid-cols-1 lg:grid-cols-2 gap-y-6 gap-x-12\">\n        <div class=\"space-y-4 lg:space-y-8 self-start\">\n            <h2 class=\"text-4xl lg:text-5xl font-bold ug-heading text-ug-green\">\n                Soutenez la campagne Unlock\n            <\/h2>\n\n            <div class=\"text-lg lg:text-2xl font-normal space-y-8\">\n                <p><span style=\"font-weight: 400\">Unlock est une campagne europ\u00e9enne coordonn\u00e9e par <\/span><a href=\"https:\/\/www.positivemoney.eu\/\" target=\"_blank\" rel=\"noopener\"><span style=\"font-weight: 400\">Positive Money Europe<\/span><\/a><span style=\"font-weight: 400\">, une organisation \u00e0 but non lucratif qui agit pour que le syst\u00e8me mon\u00e9taire europ\u00e9en soutienne une \u00e9conomie \u00e9quitable, d\u00e9mocratique et durable. Les donations nous permettent de mener \u00e0 bien cette campagne pour soutenir une transition \u00e9nerg\u00e9tique juste et efficace. <\/span><\/p>\n<p><span style=\"font-weight: 400\">Voulez pouvez faire un don d\u00e8s maintenant pour soutenir notre travail. <\/span><\/p>\n\n            <\/div>\n        <\/div>\n\n        <div class=\"bg-white shadow-lg border border-gray-200 rounded-3xl px-6 lg:px-10 py-6 lg:py-10 z-10\">\n            <script src='https:\/\/actionnetwork.org\/widgets\/v5\/fundraising\/faire-un-don?format=js&amp;source=widget&amp;css=whitelabel'><\/script><div id='can-fundraising-area-faire-un-don' style='width: 100%'><!-- this div is the target for our HTML insertion --><\/div>\n\n                    <\/div>\n    <\/div>\n\n            <div class=\"bg-ug-green absolute top-0 bottom-0 w-1\/2 right-0 transform triangle-45deg hidden lg:block\"><\/div>\n    <\/section>\n\n<script>\n\/*\n * Tailored sign up journey JS for GND Rising\n * Calls other utility functions\n * Built by C6 Digital\n *\/\nfunction ANPetitionTYModify() {\n    $('.custom-disclaimer').hide();\n\n    \/\/This is to replace the inbuilt h1 into h2\n    $('#can_embed_form.can_thank_you_wrap #can_thank_you>h1').replaceWith(function () {\n        return $(\"<h2>\", {\n            html: $(this).html()\n        });\n    });\n\n    $('#can_embed_form.can_thank_you_wrap #can_thank_you h4').remove()\n\n    \/\/Adding additional divs within the can_thank_you_wrap\n    $('#can_embed_form.can_thank_you_wrap #can_thank_you h2').attr('class', 'ty-text ug-heading');\n    $('#can_embed_form.can_thank_you_wrap').append('<div id=\"can_thank_you_share\"><\/div>');\n    $('#can_thank_you_share').append('<div id=\"ty-share-box\" class=\"flex flex-col space-y-2\"><\/div>');\n\n    \/\/ Filling in share buttons and holding the link to donate page\n    const buttons = false\n    for (const button of buttons) {\n        const markup = `\n            <a href=\"${button.share_url}\" class=\"pl-4 py-2 text-left text-white ug-button\" style=\"background: ${button.color}\" target=\"_blank\">\n                ${button.button_text}\n            <\/a>\n        `;\n\n        $('#ty-share-box').append(markup)\n    }\n\n    const thankYouMessage = $('\\u003Cp\\u003EMerci d\\u0026rsquo;avoir contribu\\u00e9\\u202f!\\u003C\\\/p\\u003E\\n')\n\n    if (thankYouMessage) {\n        thankYouMessage.insertAfter('#can_embed_form.can_thank_you_wrap #can_thank_you > h2')\n    }\n\n    $('#can_thank_you #action_info').remove()\n\n    const skipButton = JSON.parse('{\\u0022enabled\\u0022:false,\\u0022button_text\\u0022:\\u0022\\u0022,\\u0022button_url\\u0022:\\u0022\\u0022}')\n    if (skipButton.enabled) {\n        const skipButtonEl = $(`\n            <a href=\"${skipButton.button_url}\" class=\"block bg-[#BCBCBC] text-center text-lg text-white py-1 font-medium rounded-lg mt-12 ug-button\">\n                ${skipButton.button_text}\n            <\/a>\n        `)\n        skipButtonEl.insertAfter('#can_thank_you_share')\n    }\n}\n\nfunction ANPetitionModify() {\n    const config = JSON.parse('{\\u0022embed\\u0022:\\u0022\\\\u003Cscript src=\\\\u0027https:\\\\\\\/\\\\\\\/actionnetwork.org\\\\\\\/widgets\\\\\\\/v5\\\\\\\/fundraising\\\\\\\/faire-un-don?format=js\\\\u0026amp;source=widget\\\\u0026amp;css=whitelabel\\\\u0027\\\\u003E\\\\u003C\\\\\\\/script\\\\u003E\\\\u003Cdiv id=\\\\u0027can-fundraising-area-faire-un-don\\\\u0027 style=\\\\u0027width: 100%\\\\u0027\\\\u003E\\\\u003C!-- this div is the target for our HTML insertion --\\\\u003E\\\\u003C\\\\\\\/div\\\\u003E\\u0022,\\u0022heading_override\\u0022:\\u0022\\u0022,\\u0022thank_you_message\\u0022:\\u0022\\\\u003Cp\\\\u003EMerci d\\\\u0026rsquo;avoir contribu\\\\u00e9\\\\u202f!\\\\u003C\\\\\\\/p\\\\u003E\\\\n\\u0022,\\u0022disclaimer\\u0022:\\u0022\\u0022}')\n\n    $('#action_info').remove();\n    $('[for=\"form-comments\"]').parent().remove();\n\n    $('#can_embed_form_inner h2').addClass('ug-heading')\n    if (config.heading_override) {\n        $('#can_embed_form_inner h2').text(config.heading_override)\n    }\n\n    $('#can_embed_form_inner h3').remove();\n    const h4 = $('#can_embed_form_inner h4');\n    if (h4.parents('#letter-form').length === 0) {\n        h4.remove();\n    }\n}\n\n\/\/ TODO: Remove this.\nfunction testSubmitForm() {\n    $('[name=\"signature[first_name]\"]').val('Ryan')\n    $('[name=\"signature[last_name]\"]').val('Chandler')\n    $('[name=\"signature[email]\"]').val('ryangjchandler@gmail.com')\n    $('[name=\"subscription[group]\"][value=\"invalid\"]').prop('checked', true)\n    $('[name=\"commit\"]').click()\n}\n\n$(document).on('can_embed_loaded', function () {\n    ANPetitionModify()\n\n    \/\/ const postSlug = null\n    \/\/ if (postSlug === 'sign') {\n    \/\/     testSubmitForm()\n    \/\/ }\n})\n\n$(document).on('can_embed_submitted', function () {\n    ANPetitionTYModify()\n});\n<\/script>","protected":false},"excerpt":{"rendered":"","protected":false},"author":12,"featured_media":0,"parent":0,"menu_order":0,"comment_status":"closed","ping_status":"closed","template":"","meta":{"footnotes":""},"class_list":["post-188","page","type-page","status-publish","hentry"],"acf":[],"yoast_head":"<!-- This site is optimized with the Yoast SEO plugin v19.6.1 - https:\/\/yoast.com\/wordpress\/plugins\/seo\/ -->\n<title>Faire un don - Unlock FR<\/title>\n<meta name=\"robots\" content=\"index, follow, max-snippet:-1, max-image-preview:large, max-video-preview:-1\" \/>\n<link rel=\"canonical\" href=\"https:\/\/unlock.green\/fr\/faire-un-don\/\" \/>\n<meta property=\"og:locale\" content=\"fr_FR\" \/>\n<meta property=\"og:type\" content=\"article\" \/>\n<meta property=\"og:title\" content=\"Faire un don - Unlock FR\" \/>\n<meta property=\"og:url\" content=\"https:\/\/unlock.green\/fr\/faire-un-don\/\" \/>\n<meta property=\"og:site_name\" content=\"Unlock FR\" \/>\n<meta property=\"article:modified_time\" content=\"2022-09-15T15:50:56+00:00\" \/>\n<meta name=\"twitter:card\" content=\"summary_large_image\" \/>\n<script type=\"application\/ld+json\" class=\"yoast-schema-graph\">{\"@context\":\"https:\/\/schema.org\",\"@graph\":[{\"@type\":\"WebPage\",\"@id\":\"https:\/\/unlock.green\/fr\/faire-un-don\/\",\"url\":\"https:\/\/unlock.green\/fr\/faire-un-don\/\",\"name\":\"Faire un don - Unlock FR\",\"isPartOf\":{\"@id\":\"https:\/\/unlock.green\/fr\/#website\"},\"datePublished\":\"2022-09-14T14:00:15+00:00\",\"dateModified\":\"2022-09-15T15:50:56+00:00\",\"breadcrumb\":{\"@id\":\"https:\/\/unlock.green\/fr\/faire-un-don\/#breadcrumb\"},\"inLanguage\":\"fr-FR\",\"potentialAction\":[{\"@type\":\"ReadAction\",\"target\":[\"https:\/\/unlock.green\/fr\/faire-un-don\/\"]}]},{\"@type\":\"BreadcrumbList\",\"@id\":\"https:\/\/unlock.green\/fr\/faire-un-don\/#breadcrumb\",\"itemListElement\":[{\"@type\":\"ListItem\",\"position\":1,\"name\":\"Home\",\"item\":\"https:\/\/unlock.green\/fr\/\"},{\"@type\":\"ListItem\",\"position\":2,\"name\":\"Faire un don\"}]},{\"@type\":\"WebSite\",\"@id\":\"https:\/\/unlock.green\/fr\/#website\",\"url\":\"https:\/\/unlock.green\/fr\/\",\"name\":\"Unlock FR\",\"description\":\"Unlock home renovations\",\"potentialAction\":[{\"@type\":\"SearchAction\",\"target\":{\"@type\":\"EntryPoint\",\"urlTemplate\":\"https:\/\/unlock.green\/fr\/?s={search_term_string}\"},\"query-input\":\"required name=search_term_string\"}],\"inLanguage\":\"fr-FR\"}]}<\/script>\n<!-- \/ Yoast SEO plugin. -->","yoast_head_json":{"title":"Faire un don - Unlock FR","robots":{"index":"index","follow":"follow","max-snippet":"max-snippet:-1","max-image-preview":"max-image-preview:large","max-video-preview":"max-video-preview:-1"},"canonical":"https:\/\/unlock.green\/fr\/faire-un-don\/","og_locale":"fr_FR","og_type":"article","og_title":"Faire un don - Unlock FR","og_url":"https:\/\/unlock.green\/fr\/faire-un-don\/","og_site_name":"Unlock FR","article_modified_time":"2022-09-15T15:50:56+00:00","twitter_card":"summary_large_image","schema":{"@context":"https:\/\/schema.org","@graph":[{"@type":"WebPage","@id":"https:\/\/unlock.green\/fr\/faire-un-don\/","url":"https:\/\/unlock.green\/fr\/faire-un-don\/","name":"Faire un don - Unlock FR","isPartOf":{"@id":"https:\/\/unlock.green\/fr\/#website"},"datePublished":"2022-09-14T14:00:15+00:00","dateModified":"2022-09-15T15:50:56+00:00","breadcrumb":{"@id":"https:\/\/unlock.green\/fr\/faire-un-don\/#breadcrumb"},"inLanguage":"fr-FR","potentialAction":[{"@type":"ReadAction","target":["https:\/\/unlock.green\/fr\/faire-un-don\/"]}]},{"@type":"BreadcrumbList","@id":"https:\/\/unlock.green\/fr\/faire-un-don\/#breadcrumb","itemListElement":[{"@type":"ListItem","position":1,"name":"Home","item":"https:\/\/unlock.green\/fr\/"},{"@type":"ListItem","position":2,"name":"Faire un don"}]},{"@type":"WebSite","@id":"https:\/\/unlock.green\/fr\/#website","url":"https:\/\/unlock.green\/fr\/","name":"Unlock FR","description":"Unlock home renovations","potentialAction":[{"@type":"SearchAction","target":{"@type":"EntryPoint","urlTemplate":"https:\/\/unlock.green\/fr\/?s={search_term_string}"},"query-input":"required name=search_term_string"}],"inLanguage":"fr-FR"}]}},"_links":{"self":[{"href":"https:\/\/unlock.green\/fr\/wp-json\/wp\/v2\/pages\/188","targetHints":{"allow":["GET"]}}],"collection":[{"href":"https:\/\/unlock.green\/fr\/wp-json\/wp\/v2\/pages"}],"about":[{"href":"https:\/\/unlock.green\/fr\/wp-json\/wp\/v2\/types\/page"}],"author":[{"embeddable":true,"href":"https:\/\/unlock.green\/fr\/wp-json\/wp\/v2\/users\/12"}],"replies":[{"embeddable":true,"href":"https:\/\/unlock.green\/fr\/wp-json\/wp\/v2\/comments?post=188"}],"version-history":[{"count":0,"href":"https:\/\/unlock.green\/fr\/wp-json\/wp\/v2\/pages\/188\/revisions"}],"wp:attachment":[{"href":"https:\/\/unlock.green\/fr\/wp-json\/wp\/v2\/media?parent=188"}],"curies":[{"name":"wp","href":"https:\/\/api.w.org\/{rel}","templated":true}]}}