{"id":31,"date":"2022-09-02T14:22:07","date_gmt":"2022-09-02T14:22:07","guid":{"rendered":"https:\/\/unlock.green\/es\/?page_id=31"},"modified":"2022-09-14T12:07:30","modified_gmt":"2022-09-14T12:07:30","slug":"privacy-policy","status":"publish","type":"page","link":"https:\/\/unlock.green\/es\/privacy-policy\/","title":{"rendered":"Informaci\u00f3n legal"},"content":{"rendered":"<section id=\"ug_heading-block_6312101f8f235\" class=\"relative bg-white\">\n    <div class=\"max-w-8xl mx-auto px-8 py-8 lg:px-16 lg:py-16\">\n        <h2 class=\"text-4xl lg:text-5xl font-bold ug-heading mr-12 lg:mr-0 text-ug-green\">\n             Informaci\u00f3n legal\n        <\/h2>\n    <\/div>\n\n    <div class=\"bg-ug-green absolute top-0 bottom-0 h-full w-40 right-0 transform triangle-45deg\"><\/div>\n<\/section>\n\n\n<div class=\"wp-block-columns is-layout-flex wp-container-core-columns-is-layout-9d6595d7 wp-block-columns-is-layout-flex\">\n<div class=\"wp-block-column is-layout-flow wp-block-column-is-layout-flow\">\n<p class=\"has-medium-font-size\">La plataforma https:\/\/unlock.green ha sido publicada por Positive Money Europe, una organizaci\u00f3n belga sin \u00e1nimo de lucro con sede en Bruselas (B\u00e9lgica).&nbsp;<\/p>\n\n\n\n<p class=\"has-medium-font-size\">N\u00famero de la empresa: 0718.859.377<\/p>\n\n\n\n<p class=\"has-medium-font-size\">Forma de la empresa: Asociaci\u00f3n sin \u00e1nimo de lucro<\/p>\n\n\n\n<p class=\"has-medium-font-size\">Persona delegada con la gesti\u00f3n diaria: Stanislas Jourdan (Director Ejecutivo)<\/p>\n\n\n\n<p class=\"has-medium-font-size\">Direcci\u00f3n postal: Rue Ducal 67, 1000 Bruselas, B\u00e9lgica<\/p>\n\n\n\n<p class=\"has-medium-font-size\">Alojamiento del sitio web: Gandi SAS<\/p>\n\n\n\n<p class=\"has-medium-font-size\">Correo electr\u00f3nico: info@positivemoney.eu<\/p>\n\n\n\n<p class=\"has-medium-font-size\"><strong>Pol\u00edtica de privacidad<\/strong><\/p>\n\n\n\n<p class=\"has-medium-font-size\">Nuestra pol\u00edtica de privacidad describe c\u00f3mo obtenemos tu informaci\u00f3n y qu\u00e9 hacemos con ella. Esta pol\u00edtica fue revisada el 24 de mayo de 2022.<\/p>\n\n\n\n<p class=\"has-medium-font-size\"><strong>1. Controlador de datos y responsable de la protecci\u00f3n de datos<\/strong><\/p>\n\n\n\n<p class=\"has-medium-font-size\">Positive Money Europe ASBL<\/p>\n\n\n\n<p class=\"has-medium-font-size\">Direcci\u00f3n postal: Rue Ducale 67, 1000 Bruselas, B\u00e9lgica<\/p>\n\n\n\n<p class=\"has-medium-font-size\">Responsable de la protecci\u00f3n de datos: dpo@positivemoney.eu<\/p>\n\n\n\n<p class=\"has-medium-font-size\">Tambi\u00e9n puede presentar una reclamaci\u00f3n ante la autoridad de control: https:\/\/www.autoriteprotectiondonnees.be<\/p>\n\n\n\n<p class=\"has-medium-font-size\">Autoridad de Protecci\u00f3n de Datos<\/p>\n\n\n\n<p class=\"has-medium-font-size\">Rue de la Presse, 35, 1000 Bruselas<\/p>\n\n\n\n<p class=\"has-medium-font-size\">Correo: contact@apd-gba.be<\/p>\n\n\n\n<p class=\"has-medium-font-size\">Tel\u00e9fono: +32 (0)2 274 48 00<\/p>\n\n\n\n<p class=\"has-medium-font-size\">Fax: +32 (0)2 274 48 35<\/p>\n\n\n\n<p class=\"has-medium-font-size\"><strong>2. Informaci\u00f3n personal<\/strong><\/p>\n\n\n\n<p class=\"has-medium-font-size\">En algunos lugares de nuestro sitio web, solicitamos informaci\u00f3n personal que nos permite mejorar su visita al sitio o ponernos en contacto con usted con informaci\u00f3n que solicita o que puede ser de su inter\u00e9s, por ejemplo, cuando firma la petici\u00f3n o si se inscribe para recibir nuestros boletines. La \u00fanica informaci\u00f3n personal que le pedimos es su nombre, pa\u00eds de residencia y direcci\u00f3n de correo electr\u00f3nico.<\/p>\n\n\n\n<p class=\"has-medium-font-size\">La mayor parte de la informaci\u00f3n personal que procesamos nos la proporcionas t\u00fa directamente por uno de los siguientes motivos:<\/p>\n\n\n\n<ul class=\"has-medium-font-size wp-block-list\"><li>Si nos has dado permiso para almacenar informaci\u00f3n sobre ti.<\/li><li>Si existe un&nbsp;<em>inter\u00e9s leg\u00edtimo<\/em>. Como organizaci\u00f3n de cambio positivo, Positive Money Europe depende de tu apoyo para conseguir resultados. Por eso podemos, por ejemplo, pedirte que hagas una donaci\u00f3n o que te unas a una acci\u00f3n como firmar una petici\u00f3n o asistir a una reuni\u00f3n o acci\u00f3n p\u00fablica.<\/li><\/ul>\n\n\n\n<p class=\"has-medium-font-size\"><strong>3. C\u00f3mo utilizamos tu informaci\u00f3n personal<\/strong><\/p>\n\n\n\n<p class=\"has-medium-font-size\">S\u00f3lo te enviaremos por correo electr\u00f3nico informaci\u00f3n sobre nuestro trabajo si nos das tu consentimiento para hacerlo. Esta informaci\u00f3n se te env\u00eda cuando creemos que puede ser de tu inter\u00e9s. Por ejemplo, si has consentido que nos pongamos en contacto contigo por correo electr\u00f3nico, puedes recibir un mensaje nuestro invit\u00e1ndote a firmar la petici\u00f3n. Del mismo modo, puedes recibir un mensaje de bienvenida con otras formas de apoyarnos, como hacer una donaci\u00f3n. Todos nuestros correos electr\u00f3nicos te dar\u00e1n la opci\u00f3n de no recibir m\u00e1s mensajes nuestros. Tambi\u00e9n podr\u00e1s ponerte en contacto con nosotros para darte de baja de nuestra base de datos.&nbsp;<\/p>\n\n\n\n<p class=\"has-medium-font-size\"><strong>4. Divulgaci\u00f3n de sus datos personales<\/strong><\/p>\n\n\n\n<p class=\"has-medium-font-size\">Positive Money Europe no revelar\u00e1 tu informaci\u00f3n personal a terceros a menos que sea necesario. Por ejemplo, cuando entregamos la petici\u00f3n a los interesados a los que va dirigida, puede ser necesario incluir parte de tu nombre. En caso contrario, s\u00f3lo divulgaremos tus datos si estamos legalmente obligados a hacerlo.&nbsp;<\/p>\n\n\n\n<p class=\"has-medium-font-size\"><strong>5. Acceso y cambios<\/strong><\/p>\n\n\n\n<p class=\"has-medium-font-size\">En virtud del Reglamento General de Protecci\u00f3n de Datos de la Uni\u00f3n Europea, tienes derecho a solicitar y obtener:<\/p>\n\n\n\n<ul class=\"has-medium-font-size wp-block-list\"><li>la confirmaci\u00f3n de que tus datos est\u00e1n siendo tratados;<\/li><li>acceso a tus datos personales;<\/li><li>cualquier otra informaci\u00f3n sobre ti que tengamos.<\/li><\/ul>\n\n\n\n<p class=\"has-medium-font-size\">Para realizar dicha solicitud, ponte en contacto con nosotros. Nos aseguraremos de confirmar tu identidad antes de proporcionarte la informaci\u00f3n solicitada. No se te cobrar\u00e1 por la informaci\u00f3n. Cualquier informaci\u00f3n incorrecta se corregir\u00e1 o eliminar\u00e1 en el plazo de un mes o lo antes posible.<\/p>\n\n\n\n<p class=\"has-medium-font-size\"><strong>6. Conservaci\u00f3n de la informaci\u00f3n<\/strong><\/p>\n\n\n\n<p class=\"has-medium-font-size\">Mantendremos sus datos personales en nuestros sistemas durante el tiempo necesario para la actividad que est\u00e1s apoyando (por ejemplo, la participaci\u00f3n en la petici\u00f3n). Si solicitas la eliminaci\u00f3n de tus datos personales, trataremos su solicitud de forma transparente y de acuerdo con nuestra pol\u00edtica de conservaci\u00f3n de datos.<\/p>\n\n\n\n<p class=\"has-medium-font-size\"><strong>7. Seguridad<\/strong><\/p>\n\n\n\n<p class=\"has-medium-font-size\">La seguridad de tu informaci\u00f3n personal es importante para nosotros, y tomaremos las precauciones adecuadas para protegerla.<\/p>\n\n\n\n<p class=\"has-medium-font-size\">Algunas de las plataformas de terceros tienen su sede en pa\u00edses fuera del Espacio Econ\u00f3mico Europeo (EEE). Las transferencias internacionales de datos a estos proveedores est\u00e1n cubiertas por las cl\u00e1usulas contractuales est\u00e1ndar del GDPR u otras salvaguardias pertinentes.<\/p>\n\n\n\n<p class=\"has-medium-font-size\">En concreto, utilizamos los siguientes servicios de terceros:<\/p>\n\n\n\n<p class=\"has-medium-font-size\">Utilizamos Action Network para recopilar datos, por ejemplo, de peticiones y formularios de donaci\u00f3n y de suscripci\u00f3n al bolet\u00edn. Consulte&nbsp;<a href=\"https:\/\/help.actionnetwork.org\/hc\/en-us\/articles\/360000565103-Action-Network-and-GDPR-CCPA-Compliance\">la declaraci\u00f3n de Action Network<\/a>&nbsp;y la&nbsp;<a href=\"https:\/\/actionnetwork.org\/privacy\">pol\u00edtica de privacidad del GDPR<\/a>.<\/p>\n\n\n\n<p class=\"has-medium-font-size\">Utilizamos Stripe para procesar los pagos de las donaciones. Positive Money Europe no tiene acceso a sus datos de pago. Por favor, compruebe&nbsp;<a href=\"https:\/\/stripe.com\/gb\/privacy\">la pol\u00edtica de privacidad de Stripe<\/a>, ya que no somos responsables de c\u00f3mo Stripe maneja los datos.<\/p>\n\n\n\n<p class=\"has-medium-font-size\">A pesar de todas las precauciones que tomamos, ninguna transmisi\u00f3n de datos por Internet puede ser 100% segura. Por lo tanto, aunque hacemos todo lo posible para proteger tu informaci\u00f3n personal, no podemos garantizar la seguridad de la informaci\u00f3n que nos proporciona en l\u00ednea y debes entender que lo haces bajo tu propio riesgo. Tomamos medidas para garantizar que s\u00f3lo los empleados que necesitan conocerla tienen acceso a tu informaci\u00f3n personal, y todos los empleados de Positive Money Europe que manejan dicha informaci\u00f3n son conscientes de nuestras pr\u00e1cticas de seguridad y privacidad.<\/p>\n\n\n\n<p class=\"has-medium-font-size\"><strong>8. Cookies<\/strong><\/p>\n\n\n\n<p class=\"has-medium-font-size\">Con el fin de optimizar nuestro sitio web, \u00e9ste puede utilizar cookies. Las cookies son archivos enviados al navegador por un servidor web con el fin de registrar las actividades del Usuario durante la navegaci\u00f3n. Este sitio web utiliza cookies para rastrear el rendimiento de nuestro sitio y datos sobre las plataformas de medios sociales desde las que se visitan nuestras p\u00e1ginas. En la actualidad, Positive Money Europe utiliza principalmente cookies de Google y Facebook. A veces utilizamos cookies para permitir que otras partes de nuestro sitio funcionen correctamente. Por ejemplo, se puede utilizar una cookie para saber si un usuario ya ha firmado una petici\u00f3n.<\/p>\n\n\n\n<ul class=\"has-medium-font-size wp-block-list\"><li>Uso de Google Analytics para mejorar nuestro sitio web&nbsp;<\/li><\/ul>\n\n\n\n<p class=\"has-medium-font-size\">Utilizamos Google Analytics para mejorar el sitio web con el fin de atraer firmas de peticiones. El sitio web utiliza Google Analytics, un servicio de an\u00e1lisis web de Google Inc. Google Analytics utiliza cookies, archivos y an\u00e1lisis del uso del sitio web para elaborar informes.&nbsp; Google Analytics utiliza cookies para recopilar informaci\u00f3n personal, como tu direcci\u00f3n IP, el navegador que utilizas, tu ubicaci\u00f3n y las p\u00e1ginas que visitas. Puedes encontrar m\u00e1s informaci\u00f3n sobre las cookies y la protecci\u00f3n de sus datos en&nbsp;<a href=\"https:\/\/support.google.com\/analytics\/answer\/6004245?hl=es\">el sitio web de Google Analytics<\/a>. S\u00f3lo las utilizamos para analizar el uso de nuestro sitio web, por ejemplo, para saber cu\u00e1ntas personas visitan el sitio web o una determinada p\u00e1gina, y en qu\u00e9 plataformas de medios sociales encontraron el enlace a nuestro sitio web. Todos los datos que recogemos son agregados y an\u00f3nimos, por lo que no son identificables personalmente, y s\u00f3lo los utilizamos para mejorar nuestro sitio web y su contenido.<\/p>\n\n\n\n<p class=\"has-medium-font-size\">Por otro lado, incorporamos contenidos de otros sitios, como redes sociales o medios de comunicaci\u00f3n, e insertamos botones de plataformas de medios sociales para que puedas compartir nuestros contenidos. En consecuencia, las cookies pueden ser utilizadas por terceros, como Facebook. Deber\u00edas visitar estos otros sitios web para conocer sus cookies.<\/p>\n\n\n\n<p class=\"has-medium-font-size\">Las cookies pueden haber sido instaladas por nosotros o por terceros. Al continuar navegando por nuestro sitio, aceptas el uso que hacemos de ellas. Puede evitar el uso de cookies seleccionando la configuraci\u00f3n adecuada en su navegador. Sin embargo, si lo haces, es posible que no puedas acceder a todas las funciones de nuestro sitio web.<\/p>\n\n\n\n<ul class=\"has-medium-font-size wp-block-list\"><li>Uso de plug-ins:<\/li><\/ul>\n\n\n\n<p class=\"has-medium-font-size\">El Sitio utiliza complementos t\u00e9cnicos est\u00e1ndar para su correcto funcionamiento.<\/p>\n\n\n\n<ul class=\"has-medium-font-size wp-block-list\"><li>Uso del p\u00edxel de Facebook:<\/li><\/ul>\n\n\n\n<p class=\"has-medium-font-size\">El Sitio utiliza el p\u00edxel de Facebook para identificar a los visitantes del Sitio que tienen una cuenta de Facebook. Esta herramienta se utiliza con fines de marketing para ofrecer anuncios espec\u00edficos en las noticias de Facebook de los visitantes.<\/p>\n\n\n\n<ul class=\"has-medium-font-size wp-block-list\"><li>Uso de reCAPTCHA:<\/li><\/ul>\n\n\n\n<p class=\"has-medium-font-size\">El Sitio utiliza reCAPTCHA cuya finalidad es verificar los datos introducidos por los Usuarios. Para ello, reCAPTCHA analiza el comportamiento de los usuarios. Este uso tiene un inter\u00e9s leg\u00edtimo en proteger el Sitio contra el abuso automatizado y el spam.<\/p>\n<\/div>\n<\/div>\n","protected":false},"excerpt":{"rendered":"<p>La plataforma https:\/\/unlock.green ha sido publicada por Positive Money Europe, una organizaci\u00f3n belga sin \u00e1nimo de lucro con sede en Bruselas (B\u00e9lgica).&nbsp; N\u00famero de la empresa: 0718.859.377 Forma de la empresa: Asociaci\u00f3n sin \u00e1nimo de lucro Persona delegada con la gesti\u00f3n diaria: Stanislas Jourdan (Director Ejecutivo) Direcci\u00f3n postal: Rue Ducal 67, 1000 Bruselas, B\u00e9lgica Alojamiento [&hellip;]<\/p>\n","protected":false},"author":6,"featured_media":0,"parent":0,"menu_order":0,"comment_status":"closed","ping_status":"closed","template":"","meta":{"footnotes":""},"class_list":["post-31","page","type-page","status-publish","hentry"],"acf":[],"yoast_head":"<!-- This site is optimized with the Yoast SEO plugin v19.6.1 - https:\/\/yoast.com\/wordpress\/plugins\/seo\/ -->\n<title>Informaci\u00f3n legal - Unlock ES<\/title>\n<meta name=\"robots\" content=\"index, follow, max-snippet:-1, max-image-preview:large, max-video-preview:-1\" \/>\n<link rel=\"canonical\" href=\"https:\/\/unlock.green\/es\/privacy-policy\/\" \/>\n<meta property=\"og:locale\" content=\"es_ES\" \/>\n<meta property=\"og:type\" content=\"article\" \/>\n<meta property=\"og:title\" content=\"Informaci\u00f3n legal - Unlock ES\" \/>\n<meta property=\"og:description\" content=\"La plataforma https:\/\/unlock.green ha sido publicada por Positive Money Europe, una organizaci\u00f3n belga sin \u00e1nimo de lucro con sede en Bruselas (B\u00e9lgica).&nbsp; N\u00famero de la empresa: 0718.859.377 Forma de la empresa: Asociaci\u00f3n sin \u00e1nimo de lucro Persona delegada con la gesti\u00f3n diaria: Stanislas Jourdan (Director Ejecutivo) Direcci\u00f3n postal: Rue Ducal 67, 1000 Bruselas, B\u00e9lgica Alojamiento [&hellip;]\" \/>\n<meta property=\"og:url\" content=\"https:\/\/unlock.green\/es\/privacy-policy\/\" \/>\n<meta property=\"og:site_name\" content=\"Unlock ES\" \/>\n<meta property=\"article:modified_time\" content=\"2022-09-14T12:07:30+00:00\" \/>\n<meta name=\"twitter:card\" content=\"summary_large_image\" \/>\n<meta name=\"twitter:label1\" content=\"Tiempo de lectura\" \/>\n\t<meta name=\"twitter:data1\" content=\"7 minutos\" \/>\n<script type=\"application\/ld+json\" class=\"yoast-schema-graph\">{\"@context\":\"https:\/\/schema.org\",\"@graph\":[{\"@type\":\"WebPage\",\"@id\":\"https:\/\/unlock.green\/es\/privacy-policy\/\",\"url\":\"https:\/\/unlock.green\/es\/privacy-policy\/\",\"name\":\"Informaci\u00f3n legal - Unlock ES\",\"isPartOf\":{\"@id\":\"https:\/\/unlock.green\/es\/#website\"},\"datePublished\":\"2022-09-02T14:22:07+00:00\",\"dateModified\":\"2022-09-14T12:07:30+00:00\",\"breadcrumb\":{\"@id\":\"https:\/\/unlock.green\/es\/privacy-policy\/#breadcrumb\"},\"inLanguage\":\"es\",\"potentialAction\":[{\"@type\":\"ReadAction\",\"target\":[\"https:\/\/unlock.green\/es\/privacy-policy\/\"]}]},{\"@type\":\"BreadcrumbList\",\"@id\":\"https:\/\/unlock.green\/es\/privacy-policy\/#breadcrumb\",\"itemListElement\":[{\"@type\":\"ListItem\",\"position\":1,\"name\":\"Home\",\"item\":\"https:\/\/unlock.green\/es\/\"},{\"@type\":\"ListItem\",\"position\":2,\"name\":\"Informaci\u00f3n legal\"}]},{\"@type\":\"WebSite\",\"@id\":\"https:\/\/unlock.green\/es\/#website\",\"url\":\"https:\/\/unlock.green\/es\/\",\"name\":\"Unlock ES\",\"description\":\"Just another Unlock Green Network site\",\"potentialAction\":[{\"@type\":\"SearchAction\",\"target\":{\"@type\":\"EntryPoint\",\"urlTemplate\":\"https:\/\/unlock.green\/es\/?s={search_term_string}\"},\"query-input\":\"required name=search_term_string\"}],\"inLanguage\":\"es\"}]}<\/script>\n<!-- \/ Yoast SEO plugin. -->","yoast_head_json":{"title":"Informaci\u00f3n legal - Unlock ES","robots":{"index":"index","follow":"follow","max-snippet":"max-snippet:-1","max-image-preview":"max-image-preview:large","max-video-preview":"max-video-preview:-1"},"canonical":"https:\/\/unlock.green\/es\/privacy-policy\/","og_locale":"es_ES","og_type":"article","og_title":"Informaci\u00f3n legal - Unlock ES","og_description":"La plataforma https:\/\/unlock.green ha sido publicada por Positive Money Europe, una organizaci\u00f3n belga sin \u00e1nimo de lucro con sede en Bruselas (B\u00e9lgica).&nbsp; N\u00famero de la empresa: 0718.859.377 Forma de la empresa: Asociaci\u00f3n sin \u00e1nimo de lucro Persona delegada con la gesti\u00f3n diaria: Stanislas Jourdan (Director Ejecutivo) Direcci\u00f3n postal: Rue Ducal 67, 1000 Bruselas, B\u00e9lgica Alojamiento [&hellip;]","og_url":"https:\/\/unlock.green\/es\/privacy-policy\/","og_site_name":"Unlock ES","article_modified_time":"2022-09-14T12:07:30+00:00","twitter_card":"summary_large_image","twitter_misc":{"Tiempo de lectura":"7 minutos"},"schema":{"@context":"https:\/\/schema.org","@graph":[{"@type":"WebPage","@id":"https:\/\/unlock.green\/es\/privacy-policy\/","url":"https:\/\/unlock.green\/es\/privacy-policy\/","name":"Informaci\u00f3n legal - Unlock ES","isPartOf":{"@id":"https:\/\/unlock.green\/es\/#website"},"datePublished":"2022-09-02T14:22:07+00:00","dateModified":"2022-09-14T12:07:30+00:00","breadcrumb":{"@id":"https:\/\/unlock.green\/es\/privacy-policy\/#breadcrumb"},"inLanguage":"es","potentialAction":[{"@type":"ReadAction","target":["https:\/\/unlock.green\/es\/privacy-policy\/"]}]},{"@type":"BreadcrumbList","@id":"https:\/\/unlock.green\/es\/privacy-policy\/#breadcrumb","itemListElement":[{"@type":"ListItem","position":1,"name":"Home","item":"https:\/\/unlock.green\/es\/"},{"@type":"ListItem","position":2,"name":"Informaci\u00f3n legal"}]},{"@type":"WebSite","@id":"https:\/\/unlock.green\/es\/#website","url":"https:\/\/unlock.green\/es\/","name":"Unlock ES","description":"Just another Unlock Green Network site","potentialAction":[{"@type":"SearchAction","target":{"@type":"EntryPoint","urlTemplate":"https:\/\/unlock.green\/es\/?s={search_term_string}"},"query-input":"required name=search_term_string"}],"inLanguage":"es"}]}},"_links":{"self":[{"href":"https:\/\/unlock.green\/es\/wp-json\/wp\/v2\/pages\/31","targetHints":{"allow":["GET"]}}],"collection":[{"href":"https:\/\/unlock.green\/es\/wp-json\/wp\/v2\/pages"}],"about":[{"href":"https:\/\/unlock.green\/es\/wp-json\/wp\/v2\/types\/page"}],"author":[{"embeddable":true,"href":"https:\/\/unlock.green\/es\/wp-json\/wp\/v2\/users\/6"}],"replies":[{"embeddable":true,"href":"https:\/\/unlock.green\/es\/wp-json\/wp\/v2\/comments?post=31"}],"version-history":[{"count":0,"href":"https:\/\/unlock.green\/es\/wp-json\/wp\/v2\/pages\/31\/revisions"}],"wp:attachment":[{"href":"https:\/\/unlock.green\/es\/wp-json\/wp\/v2\/media?parent=31"}],"curies":[{"name":"wp","href":"https:\/\/api.w.org\/{rel}","templated":true}]}}