{"id":28,"date":"2022-09-02T14:12:34","date_gmt":"2022-09-02T14:12:34","guid":{"rendered":"https:\/\/unlock.green\/es\/?page_id=28"},"modified":"2023-03-10T09:43:26","modified_gmt":"2023-03-10T09:43:26","slug":"peticion","status":"publish","type":"page","link":"https:\/\/unlock.green\/es\/peticion\/","title":{"rendered":"Firma la petici\u00f3n"},"content":{"rendered":"\n<section id=\"ug_petition-block_63120f243fb19\" class=\"relative h-full bg-ug-secondary\">\n    <div class=\"max-w-8xl mx-auto px-8 lg:px-16 py-6 lg:py-12 grid grid-cols-1 lg:grid-cols-2 gap-y-6 gap-x-12\">\n        <div class=\"space-y-4 lg:space-y-8 self-center\">\n            <h2 class=\"text-4xl lg:text-5xl font-bold ug-heading text-white\">\n                Nuestro nivel de vida est\u00e1 amenazado por la crisis clim\u00e1tica: \u00a1Necesitamos casas ecol\u00f3gicas! \ud83d\udea8\ud83c\udfe0\n            <\/h2>\n\n            <div class=\"text-lg lg:text-2xl font-normal space-y-8 text-white\">\n                <p><span style=\"font-weight: 400;\">A medida que el planeta se calienta, los eventos clim\u00e1ticos extremos ocurren con m\u00e1s frecuencia y las facturas siguen aumentando. Est\u00e1 claro que no podemos continuar quemando combustibles f\u00f3siles como lo hacemos ahora, especialmente para enfriar o calentar nuestros hogares. Necesitamos nuevas soluciones para hacer frente a la crisis clim\u00e1tica, y uno de los pasos m\u00e1s cruciales que podemos tomar es mejorar la eficiencia energ\u00e9tica de nuestros hogares.\u00a0<\/span><\/p>\n<p><span style=\"font-weight: 400;\">En la Uni\u00f3n Europea, los edificios son actualmente responsables del 36 % de las emisiones de carbono; debemos tomar medidas urgentes para ahorrar energ\u00eda.\u00a0<\/span><\/p>\n<p><span style=\"font-weight: 400;\">Millones de personas carecen de sistemas eficientes de aislamiento, refrigeraci\u00f3n y calefacci\u00f3n que les ayudar\u00edan a hacer frente a las cada vez m\u00e1s frecuentes olas de calor del verano y las heladas temperaturas del invierno, sin tener que afrontar facturas de energ\u00eda alt\u00edsimas. \u00a1La gente tiene derecho a vivir en hogares ecol\u00f3gicos y eficientes!<\/span><\/p>\n<p><span style=\"font-weight: 400;\">Sin embargo, ni las instituciones p\u00fablicas ni los bancos dan suficiente apoyo financiero a los hogares para aislar y renovar sus casas.\u00a0<\/span><\/p>\n<p><span style=\"font-weight: 400;\">Desbloquear m\u00e1s financiaci\u00f3n para las rehabilitaciones ecol\u00f3gicas que necesitamos ayudar\u00e1 a las personas a vivir en hogares energ\u00e9ticamente eficientes, reducir\u00e1 nuestras facturas de energ\u00eda, reducir\u00e1 el consumo de energ\u00eda y las emisiones de carbono, \u00a1y tambi\u00e9n crear\u00e1 <\/span><span style=\"font-weight: 400;\">100.000 puestos de trabajo<\/span><span style=\"font-weight: 400;\"> en Espa\u00f1a!\u00a0<\/span><\/p>\n<p><span style=\"font-weight: 400;\">No podemos darnos el lujo de retrasar la transici\u00f3n ecol\u00f3gica: para un futuro seguro y sostenible para todos, debemos actuar ahora e invertir en viviendas ecol\u00f3gicas para todos.\u00a0<\/span><\/p>\n\n            <\/div>\n        <\/div>\n\n        <div class=\"bg-white shadow-lg border border-gray-200 rounded-3xl px-6 lg:px-10 py-6 lg:py-10 z-10\">\n            <script src='https:\/\/actionnetwork.org\/widgets\/v5\/petition\/unlock-es?format=js&amp;source=widget'><\/script><div id='can-petition-area-unlock-es' style='width: 100%'><!-- this div is the target for our HTML insertion --><\/div>\n\n                    <\/div>\n    <\/div>\n\n            <div class=\"bg-ug-green absolute top-0 bottom-0 w-1\/2 right-0 transform triangle-45deg hidden lg:block\"><\/div>\n    <\/section>\n\n<script>\n\/*\n * Tailored sign up journey JS for GND Rising\n * Calls other utility functions\n * Built by C6 Digital\n *\/\nfunction ANPetitionTYModify() {\n    $('.custom-disclaimer').hide();\n\n    \/\/This is to replace the inbuilt h1 into h2\n    $('#can_embed_form.can_thank_you_wrap #can_thank_you>h1').replaceWith(function () {\n        return $(\"<h2>\", {\n            html: $(this).html()\n        });\n    });\n\n    $('#can_embed_form.can_thank_you_wrap #can_thank_you h4').remove()\n\n    \/\/Adding additional divs within the can_thank_you_wrap\n    $('#can_embed_form.can_thank_you_wrap #can_thank_you h2').attr('class', 'ty-text ug-heading');\n    $('#can_embed_form.can_thank_you_wrap').append('<div id=\"can_thank_you_share\"><\/div>');\n    $('#can_thank_you_share').append('<div id=\"ty-share-box\" class=\"flex flex-col space-y-2\"><\/div>');\n\n    \/\/ Filling in share buttons and holding the link to donate page\n    const buttons = JSON.parse('[{\\u0022button_text\\u0022:\\u0022FACEBOOK\\u0022,\\u0022share_url\\u0022:\\u0022https:\\\\\\\/\\\\\\\/www.facebook.com\\\\\\\/sharer\\\\\\\/sharer.php?u=https%3A\\\\\\\/\\\\\\\/bit.ly\\\\\\\/3gppgR7\\u0022,\\u0022color\\u0022:\\u0022#4267B2\\u0022},{\\u0022button_text\\u0022:\\u0022TWITTER\\u0022,\\u0022share_url\\u0022:\\u0022https:\\\\\\\/\\\\\\\/twitter.com\\\\\\\/intent\\\\\\\/tweet?text=%F0%9F%92%A1%20%C2%BFPagar%20un%2050%25%20menos%20de%20luz?%0A%F0%9F%8C%8D%C2%BFAyudar%20a%20combatir%20la%20crisis%20clim%C3%A1tica?%0A%F0%9F%8F%B4%E2%80%8D%E2%98%A0%EF%B8%8F%C2%BFDejar%20de%20depender%20del%20gas%20de%20gobiernos%20corruptos?%0AFirma%20para%20pedir%20a%20las%20autoridades%20que%20faciliten%20la%20renovaci%C3%B3n%20energ%C3%A9tica%20de%20los%20hogares.%C2%A0%0A%E2%9C%8Dhttps%3A\\\\\\\/\\\\\\\/bit.ly\\\\\\\/3SnpUMj%0A%23Unlock%C2%A0%0A%23RenovandoxelClima\\u0022,\\u0022color\\u0022:\\u0022#1DA1F2\\u0022},{\\u0022button_text\\u0022:\\u0022WHATSAPP\\u0022,\\u0022share_url\\u0022:\\u0022https:\\\\\\\/\\\\\\\/api.whatsapp.com\\\\\\\/send?text=%F0%9F%92%A1%20%C2%BFPagar%20un%2050%25%20menos%20de%20factura%20de%20luz%3F%0A%C2%A0%F0%9F%8C%8D%C2%BFAyudar%20a%20combatir%20la%20crisis%20clim%C3%A1tica%3F%C2%A0%0A%F0%9F%8F%B4%E2%80%8D%E2%98%A0%EF%B8%8F%20%C2%BFDejar%20de%20depender%20del%20gas%20de%20gobiernos%20corruptos%20o%20criminales%3F%C2%A0%0A%F0%9F%8F%A0%20Hay%20algo%20que%20puedes%20hacer%3A%20la%20renovaci%C3%B3n%20energ%C3%A9tica%20de%20tu%20hogar.%C2%A0%C2%A0%0ASolo%20hay%20un%20problema%3A%20no%20se%20est%C3%A1%20financiando%20como%20se%20deber%C3%ADa.%C2%A0%0A%F0%9F%92%B8Dile%20al%20BCE%2C%20al%20Banco%20de%20Espa%C3%B1a%20y%20a%20la%20ministra%20de%20Asuntos%20Econ%C3%B3micos%20que%20necesitamos%20financiaci%C3%B3n%20del%200%25%20a%2030%20a%C3%B1os%20para%20rehabilitar%20nuestros%20hogares%20e%20instalar%20energ%C3%ADas%20renovables.%C2%A0%0AArrancamos%20la%20campa%C3%B1a%20Unlock%20y%20queremos%20que%20formes%20parte%20de%20ella.%C2%A0%0A%C2%A1Firma%20y%20comparte!%0A%E2%9C%8D%20Firma%20nuestra%20petici%C3%B3n%3A%20https%3A%2F%2Fbit.ly%2F3skdla8%0A%23Unlock%20%23RenovandoxelClima\\u0022,\\u0022color\\u0022:\\u0022#25D366\\u0022},{\\u0022button_text\\u0022:\\u0022TELEGRAM\\u0022,\\u0022share_url\\u0022:\\u0022https:\\\\\\\/\\\\\\\/telegram.me\\\\\\\/share\\\\\\\/url?url=https:\\\\\\\/\\\\\\\/bit.ly\\\\\\\/3U1sDMT\\\\u0026amp;text=%F0%9F%92%B8%20La%20inflaci%C3%B3n,%20el%20coste%20de%20la%20vivienda,%20los%20salarios%20bajos...%C2%A0%0A%E2%9A%A1Te%20gustar%C3%ADa%20llevar%20una%20vida%20m%C3%A1s%20sostenible%20pero%20no%20te%20puedes%20ni%20plantear%20pagarte%20la%20rehabilitaci%C3%B3n%20energ%C3%A9tica%20de%20tu%20hogar%20y%20ni%20hablar%20de%20instalar%20placas%20solares.%C2%A0%0A%F0%9F%92%B0%20%C2%BFY%20si%20te%20dijeran%20que%20te%20lo%20financian%20a%20un%200%25%20en%2030%20a%C3%B1os?%20Eso%20es%20lo%20que%20queremos%20conseguir%20con%20Unlock.%0A%E2%9C%8D%20Firma%20para%20pedirle%20al%20Banco%20de%20Espa%C3%B1a%20y%20a%20la%20Vicepresidenta%20de%20Asuntos%20Econ%C3%B3micos%20que%20lo%20hagan%20posible%3A%0A%0A%23Unlock%20%23RenovandoxelClima%0A\\u0022,\\u0022color\\u0022:\\u0022#0088cc\\u0022}]')\n    for (const button of buttons) {\n        const markup = `\n            <a href=\"${button.share_url}\" class=\"pl-4 py-2 text-left text-white ug-button\" style=\"background: ${button.color}\" target=\"_blank\">\n                ${button.button_text}\n            <\/a>\n        `;\n\n        $('#ty-share-box').append(markup)\n    }\n\n    const thankYouMessage = $('\\u003Cp\\u003EGracias por sumar tu nombre a la campa\\u00f1a Unlock. Gracias a tu apoyo, podremos obtener condiciones de financiaci\\u00f3n adecuadas para desencadenar la ola de renovaci\\u00f3n energ\\u00e9tica en los hogares que necesitamos para hacer frente a la triple emergencia que tenemos: reducir la factura de la energ\\u00eda necesaria para climatizar las casas, reducir las emisiones de gases de efecto invernadero para\\u00a0 revertir el cambio clim\\u00e1tico, y reducir la dependencia de los combustibles f\\u00f3siles procedentes del exterior, as\\u00ed como crear puestos de trabajo en Espa\\u00f1a que no se pueden deslocalizar.\\u003C\\\/p\\u003E\\n\\u003Cp\\u003E\\u003Cstrong\\u003EHagamos un llamamiento masivo para correr la voz en facebook, twitter, whatsapp y telegram usando los botones a continuaci\\u00f3n para que unos cuantos amigos respalden tambi\\u00e9n esta campa\\u00f1a.\\u003C\\\/strong\\u003E\\u003C\\\/p\\u003E\\n')\n\n    if (thankYouMessage) {\n        thankYouMessage.insertAfter('#can_embed_form.can_thank_you_wrap #can_thank_you > h2')\n    }\n\n    $('#can_thank_you #action_info').remove()\n\n    const skipButton = JSON.parse('{\\u0022enabled\\u0022:true,\\u0022button_text\\u0022:\\u0022HAZ UNA DONACI\\\\u00d3N\\u0022,\\u0022button_url\\u0022:\\u0022\\\\\\\/es\\\\\\\/donar\\\\\\\/\\u0022}')\n    if (skipButton.enabled) {\n        const skipButtonEl = $(`\n            <a href=\"${skipButton.button_url}\" class=\"block bg-[#BCBCBC] text-center text-lg text-white py-1 font-medium rounded-lg mt-12 ug-button\">\n                ${skipButton.button_text}\n            <\/a>\n        `)\n        skipButtonEl.insertAfter('#can_thank_you_share')\n    }\n}\n\nfunction ANPetitionModify() {\n    const config = JSON.parse('{\\u0022embed\\u0022:\\u0022\\\\u003Cscript src=\\\\u0027https:\\\\\\\/\\\\\\\/actionnetwork.org\\\\\\\/widgets\\\\\\\/v5\\\\\\\/petition\\\\\\\/unlock-es?format=js\\\\u0026amp;source=widget\\\\u0027\\\\u003E\\\\u003C\\\\\\\/script\\\\u003E\\\\u003Cdiv id=\\\\u0027can-petition-area-unlock-es\\\\u0027 style=\\\\u0027width: 100%\\\\u0027\\\\u003E\\\\u003C!-- this div is the target for our HTML insertion --\\\\u003E\\\\u003C\\\\\\\/div\\\\u003E\\u0022,\\u0022heading_override\\u0022:\\u0022\\u0022,\\u0022thank_you_message\\u0022:\\u0022\\\\u003Cp\\\\u003EGracias por sumar tu nombre a la campa\\\\u00f1a Unlock. Gracias a tu apoyo, podremos obtener condiciones de financiaci\\\\u00f3n adecuadas para desencadenar la ola de renovaci\\\\u00f3n energ\\\\u00e9tica en los hogares que necesitamos para hacer frente a la triple emergencia que tenemos: reducir la factura de la energ\\\\u00eda necesaria para climatizar las casas, reducir las emisiones de gases de efecto invernadero para\\\\u00a0 revertir el cambio clim\\\\u00e1tico, y reducir la dependencia de los combustibles f\\\\u00f3siles procedentes del exterior, as\\\\u00ed como crear puestos de trabajo en Espa\\\\u00f1a que no se pueden deslocalizar.\\\\u003C\\\\\\\/p\\\\u003E\\\\n\\\\u003Cp\\\\u003E\\\\u003Cstrong\\\\u003EHagamos un llamamiento masivo para correr la voz en facebook, twitter, whatsapp y telegram usando los botones a continuaci\\\\u00f3n para que unos cuantos amigos respalden tambi\\\\u00e9n esta campa\\\\u00f1a.\\\\u003C\\\\\\\/strong\\\\u003E\\\\u003C\\\\\\\/p\\\\u003E\\\\n\\u0022,\\u0022disclaimer\\u0022:\\u0022\\u0022}')\n\n    $('#action_info').remove();\n    $('[for=\"form-comments\"]').parent().remove();\n\n    $('#can_embed_form_inner h2').addClass('ug-heading')\n    if (config.heading_override) {\n        $('#can_embed_form_inner h2').text(config.heading_override)\n    }\n\n    $('#can_embed_form_inner h3').remove();\n    const h4 = $('#can_embed_form_inner h4');\n    if (h4.parents('#letter-form').length === 0) {\n        h4.remove();\n    }\n}\n\n\/\/ TODO: Remove this.\nfunction testSubmitForm() {\n    $('[name=\"signature[first_name]\"]').val('Ryan')\n    $('[name=\"signature[last_name]\"]').val('Chandler')\n    $('[name=\"signature[email]\"]').val('ryangjchandler@gmail.com')\n    $('[name=\"subscription[group]\"][value=\"invalid\"]').prop('checked', true)\n    $('[name=\"commit\"]').click()\n}\n\n$(document).on('can_embed_loaded', function () {\n    ANPetitionModify()\n\n    \/\/ const postSlug = null\n    \/\/ if (postSlug === 'sign') {\n    \/\/     testSubmitForm()\n    \/\/ }\n})\n\n$(document).on('can_embed_submitted', function () {\n    ANPetitionTYModify()\n});\n<\/script>","protected":false},"excerpt":{"rendered":"","protected":false},"author":6,"featured_media":276,"parent":0,"menu_order":0,"comment_status":"closed","ping_status":"closed","template":"","meta":{"footnotes":""},"class_list":["post-28","page","type-page","status-publish","has-post-thumbnail","hentry"],"acf":[],"yoast_head":"<!-- This site is optimized with the Yoast SEO plugin v19.6.1 - https:\/\/yoast.com\/wordpress\/plugins\/seo\/ -->\n<title>Firma la petici\u00f3n - Unlock la renovaci\u00f3n energ\u00e9tica de los hogares<\/title>\n<meta name=\"description\" content=\"Pedimos al gobierno y al Banco de Espa\u00f1a que desbloqueen una financiaci\u00f3n asequible y accesible para la renovaci\u00f3n energ\u00e9tica de los hogares.\" \/>\n<meta name=\"robots\" content=\"index, follow, max-snippet:-1, max-image-preview:large, max-video-preview:-1\" \/>\n<link rel=\"canonical\" href=\"https:\/\/unlock.green\/es\/peticion\/\" \/>\n<meta property=\"og:locale\" content=\"es_ES\" \/>\n<meta property=\"og:type\" content=\"article\" \/>\n<meta property=\"og:title\" content=\"\u00danete a la campa\u00f1a Unlock\" \/>\n<meta property=\"og:description\" content=\"\ud83d\udca1 \u00bfPagar un 50% menos de luz?\ud83c\udf0d\u00bfAyudar a combatir la crisis clim\u00e1tica?\ud83c\udff4\u200d\u2620\ufe0f\u00bfDejar de depender del gas de gobiernos corruptos?Firma para pedir a las autoridades que faciliten la renovaci\u00f3n energ\u00e9tica de los hogares.\u00a0\" \/>\n<meta property=\"og:url\" content=\"https:\/\/unlock.green\/es\/peticion\/\" \/>\n<meta property=\"og:site_name\" content=\"Unlock ES\" \/>\n<meta property=\"article:modified_time\" content=\"2023-03-10T09:43:26+00:00\" \/>\n<meta property=\"og:image\" content=\"https:\/\/unlock.green\/es\/wp-content\/uploads\/sites\/3\/2022\/11\/Foto\u0300pica-dona-fregant-plats-cuina-2-scaled-1.jpeg\" \/>\n\t<meta property=\"og:image:width\" content=\"2560\" \/>\n\t<meta property=\"og:image:height\" content=\"1707\" \/>\n\t<meta property=\"og:image:type\" content=\"image\/jpeg\" \/>\n<meta name=\"twitter:card\" content=\"summary_large_image\" \/>\n<meta name=\"twitter:title\" content=\"\u00danete a la campa\u00f1a Unlock\" \/>\n<meta name=\"twitter:description\" content=\"\ud83d\udca1 \u00bfPagar un 50% menos de luz?\ud83c\udf0d\u00bfAyudar a combatir la crisis clim\u00e1tica?\ud83c\udff4\u200d\u2620\ufe0f\u00bfDejar de depender del gas de gobiernos corruptos?Firma para pedir a las autoridades que faciliten la renovaci\u00f3n energ\u00e9tica de los hogares.\u00a0\" \/>\n<meta name=\"twitter:image\" content=\"https:\/\/unlock.green\/es\/wp-content\/uploads\/sites\/3\/2022\/09\/unlock_twitter_02.jpeg\" \/>\n<script type=\"application\/ld+json\" class=\"yoast-schema-graph\">{\"@context\":\"https:\/\/schema.org\",\"@graph\":[{\"@type\":\"WebPage\",\"@id\":\"https:\/\/unlock.green\/es\/peticion\/\",\"url\":\"https:\/\/unlock.green\/es\/peticion\/\",\"name\":\"Firma la petici\u00f3n - Unlock la renovaci\u00f3n energ\u00e9tica de los hogares\",\"isPartOf\":{\"@id\":\"https:\/\/unlock.green\/es\/#website\"},\"datePublished\":\"2022-09-02T14:12:34+00:00\",\"dateModified\":\"2023-03-10T09:43:26+00:00\",\"description\":\"Pedimos al gobierno y al Banco de Espa\u00f1a que desbloqueen una financiaci\u00f3n asequible y accesible para la renovaci\u00f3n energ\u00e9tica de los hogares.\",\"breadcrumb\":{\"@id\":\"https:\/\/unlock.green\/es\/peticion\/#breadcrumb\"},\"inLanguage\":\"es\",\"potentialAction\":[{\"@type\":\"ReadAction\",\"target\":[\"https:\/\/unlock.green\/es\/peticion\/\"]}]},{\"@type\":\"BreadcrumbList\",\"@id\":\"https:\/\/unlock.green\/es\/peticion\/#breadcrumb\",\"itemListElement\":[{\"@type\":\"ListItem\",\"position\":1,\"name\":\"Home\",\"item\":\"https:\/\/unlock.green\/es\/\"},{\"@type\":\"ListItem\",\"position\":2,\"name\":\"Firma la petici\u00f3n\"}]},{\"@type\":\"WebSite\",\"@id\":\"https:\/\/unlock.green\/es\/#website\",\"url\":\"https:\/\/unlock.green\/es\/\",\"name\":\"Unlock ES\",\"description\":\"Just another Unlock Green Network site\",\"potentialAction\":[{\"@type\":\"SearchAction\",\"target\":{\"@type\":\"EntryPoint\",\"urlTemplate\":\"https:\/\/unlock.green\/es\/?s={search_term_string}\"},\"query-input\":\"required name=search_term_string\"}],\"inLanguage\":\"es\"}]}<\/script>\n<!-- \/ Yoast SEO plugin. -->","yoast_head_json":{"title":"Firma la petici\u00f3n - Unlock la renovaci\u00f3n energ\u00e9tica de los hogares","description":"Pedimos al gobierno y al Banco de Espa\u00f1a que desbloqueen una financiaci\u00f3n asequible y accesible para la renovaci\u00f3n energ\u00e9tica de los hogares.","robots":{"index":"index","follow":"follow","max-snippet":"max-snippet:-1","max-image-preview":"max-image-preview:large","max-video-preview":"max-video-preview:-1"},"canonical":"https:\/\/unlock.green\/es\/peticion\/","og_locale":"es_ES","og_type":"article","og_title":"\u00danete a la campa\u00f1a Unlock","og_description":"\ud83d\udca1 \u00bfPagar un 50% menos de luz?\ud83c\udf0d\u00bfAyudar a combatir la crisis clim\u00e1tica?\ud83c\udff4\u200d\u2620\ufe0f\u00bfDejar de depender del gas de gobiernos corruptos?Firma para pedir a las autoridades que faciliten la renovaci\u00f3n energ\u00e9tica de los hogares.\u00a0","og_url":"https:\/\/unlock.green\/es\/peticion\/","og_site_name":"Unlock ES","article_modified_time":"2023-03-10T09:43:26+00:00","og_image":[{"width":2560,"height":1707,"url":"https:\/\/unlock.green\/es\/wp-content\/uploads\/sites\/3\/2022\/11\/Foto\u0300pica-dona-fregant-plats-cuina-2-scaled-1.jpeg","type":"image\/jpeg"}],"twitter_card":"summary_large_image","twitter_title":"\u00danete a la campa\u00f1a Unlock","twitter_description":"\ud83d\udca1 \u00bfPagar un 50% menos de luz?\ud83c\udf0d\u00bfAyudar a combatir la crisis clim\u00e1tica?\ud83c\udff4\u200d\u2620\ufe0f\u00bfDejar de depender del gas de gobiernos corruptos?Firma para pedir a las autoridades que faciliten la renovaci\u00f3n energ\u00e9tica de los hogares.\u00a0","twitter_image":"https:\/\/unlock.green\/es\/wp-content\/uploads\/sites\/3\/2022\/09\/unlock_twitter_02.jpeg","schema":{"@context":"https:\/\/schema.org","@graph":[{"@type":"WebPage","@id":"https:\/\/unlock.green\/es\/peticion\/","url":"https:\/\/unlock.green\/es\/peticion\/","name":"Firma la petici\u00f3n - Unlock la renovaci\u00f3n energ\u00e9tica de los hogares","isPartOf":{"@id":"https:\/\/unlock.green\/es\/#website"},"datePublished":"2022-09-02T14:12:34+00:00","dateModified":"2023-03-10T09:43:26+00:00","description":"Pedimos al gobierno y al Banco de Espa\u00f1a que desbloqueen una financiaci\u00f3n asequible y accesible para la renovaci\u00f3n energ\u00e9tica de los hogares.","breadcrumb":{"@id":"https:\/\/unlock.green\/es\/peticion\/#breadcrumb"},"inLanguage":"es","potentialAction":[{"@type":"ReadAction","target":["https:\/\/unlock.green\/es\/peticion\/"]}]},{"@type":"BreadcrumbList","@id":"https:\/\/unlock.green\/es\/peticion\/#breadcrumb","itemListElement":[{"@type":"ListItem","position":1,"name":"Home","item":"https:\/\/unlock.green\/es\/"},{"@type":"ListItem","position":2,"name":"Firma la petici\u00f3n"}]},{"@type":"WebSite","@id":"https:\/\/unlock.green\/es\/#website","url":"https:\/\/unlock.green\/es\/","name":"Unlock ES","description":"Just another Unlock Green Network site","potentialAction":[{"@type":"SearchAction","target":{"@type":"EntryPoint","urlTemplate":"https:\/\/unlock.green\/es\/?s={search_term_string}"},"query-input":"required name=search_term_string"}],"inLanguage":"es"}]}},"_links":{"self":[{"href":"https:\/\/unlock.green\/es\/wp-json\/wp\/v2\/pages\/28","targetHints":{"allow":["GET"]}}],"collection":[{"href":"https:\/\/unlock.green\/es\/wp-json\/wp\/v2\/pages"}],"about":[{"href":"https:\/\/unlock.green\/es\/wp-json\/wp\/v2\/types\/page"}],"author":[{"embeddable":true,"href":"https:\/\/unlock.green\/es\/wp-json\/wp\/v2\/users\/6"}],"replies":[{"embeddable":true,"href":"https:\/\/unlock.green\/es\/wp-json\/wp\/v2\/comments?post=28"}],"version-history":[{"count":0,"href":"https:\/\/unlock.green\/es\/wp-json\/wp\/v2\/pages\/28\/revisions"}],"wp:featuredmedia":[{"embeddable":true,"href":"https:\/\/unlock.green\/es\/wp-json\/wp\/v2\/media\/276"}],"wp:attachment":[{"href":"https:\/\/unlock.green\/es\/wp-json\/wp\/v2\/media?parent=28"}],"curies":[{"name":"wp","href":"https:\/\/api.w.org\/{rel}","templated":true}]}}