{"id":23,"date":"2022-09-02T13:12:19","date_gmt":"2022-09-02T13:12:19","guid":{"rendered":"https:\/\/unlock.green\/es\/?page_id=23"},"modified":"2022-09-15T15:01:57","modified_gmt":"2022-09-15T15:01:57","slug":"faqs","status":"publish","type":"page","link":"https:\/\/unlock.green\/es\/faqs\/","title":{"rendered":"FAQs"},"content":{"rendered":"<section id=\"ug_heading-block_6311fe6ee3f5b\" class=\"relative bg-white\">\n    <div class=\"max-w-8xl mx-auto px-8 py-8 lg:px-16 lg:py-16\">\n        <h2 class=\"text-4xl lg:text-5xl font-bold ug-heading mr-12 lg:mr-0 text-ug-green\">\n            Preguntas frecuentes\n        <\/h2>\n    <\/div>\n\n    <div class=\"bg-ug-green absolute top-0 bottom-0 h-full w-40 right-0 transform triangle-45deg\"><\/div>\n<\/section>\n\n<section id=\"ug_faqs-block_6311ffe2e3f5c\" class=\"relative bg-ug-secondary\">\n    <div class=\"max-w-8xl mx-auto px-8 lg:px-16 py-12 space-y-8 relative\">\n                    <div class=\"space-y-4\" data-accordion>\n                <button type=\"button\" class=\"flex text-left lg:text-center items-center justify-between w-full text-white appearance-none border border-white text-lg px-4 py-2\" data-toggle>\n                    <strong>\u00bfQui\u00e9n est\u00e1 detr\u00e1s de la campa\u00f1a Unlock?<\/strong>\n\n                    <span class=\"appearance-none text-white rotate-180\" data-toggle-indicator>\n                        &#9650;\n                    <\/span>\n                <\/button>\n\n                <div class=\"space-y-4 text-white [&#038;_a]:underline\" style=\"display: none\" data-content>\n                    <p>Unlock es una campa\u00f1a europea coordinada por<a href=\"http:\/\/positivemoney.eu\/\" target=\"_blank\" rel=\"noopener\">\u00a0Positive Money Europe<\/a>, una organizaci\u00f3n sin \u00e1nimo de lucro dedicada a la investigaci\u00f3n, la incidencia pol\u00edtica y a la realizaci\u00f3n de campa\u00f1as de inter\u00e9s p\u00fablico, cuyo objetivo es conseguir que el sistema monetario europeo cree las condiciones para una econom\u00eda justa, democr\u00e1tica y sostenible.<\/p>\n<p><a href=\"https:\/\/www.revoprosper.org\/\" target=\"_blank\" rel=\"noopener\">REVO Prosperidad Sostenible<\/a>\u00a0lidera la Campa\u00f1a Unlock en Espa\u00f1a. La lista completa de organizaciones de la coalici\u00f3n que apoya la campa\u00f1a son:<\/p>\n<p><a href=\"https:\/\/www.agirpourleclimat.net\/\" target=\"_blank\" rel=\"noopener\">Agir pour le climat<\/a>,\u00a0<a href=\"https:\/\/www.negawatt.org\/\" target=\"_blank\" rel=\"noopener\">Association n\u00e9gaWatt<\/a>,\u00a0<a href=\"https:\/\/www.asufin.com\/\" target=\"_blank\" rel=\"noopener\">Asufin<\/a>,\u00a0<a href=\"https:\/\/www.renovation-doremi.com\/fr\/\" target=\"_blank\" rel=\"noopener\">Dor\u00e9mi<\/a>, \u00a0<a href=\"http:\/\/spaingbc.org\/web\/\" target=\"_blank\" rel=\"noopener\">Green Building Council Espa\u00f1a<\/a>,\u00a0<a href=\"https:\/\/www.institut-negawatt.com\/\" target=\"_blank\" rel=\"noopener\">Institut n\u00e9gaWatt<\/a>,\u00a0<a href=\"https:\/\/www.veblen-institute.org\/\" target=\"_blank\" rel=\"noopener\">Institut Veblen<\/a>,\u00a0<a href=\"https:\/\/www.renovate-europe.eu\/\" target=\"_blank\" rel=\"noopener\">Renovate Europe<\/a>,\u00a0<a href=\"http:\/\/renovons.org\/\" target=\"_blank\" rel=\"noopener\">R\u00e9novons<\/a><\/p>\n<p>Nuestras financiadoras son\u00a0<a href=\"https:\/\/europeanclimate.org\/\">European Climate Foundation<\/a>\u00a0y\u00a0<a href=\"https:\/\/sunriseproject.org\/\" target=\"_blank\" rel=\"noopener\">The Sunrise Project<\/a>.<\/p>\n\n\n                                    <\/div>\n            <\/div>\n                    <div class=\"space-y-4\" data-accordion>\n                <button type=\"button\" class=\"flex text-left lg:text-center items-center justify-between w-full text-white appearance-none border border-white text-lg px-4 py-2\" data-toggle>\n                    <strong>\u00bfQu\u00e9 pide la campa\u00f1a Unlock?<\/strong>\n\n                    <span class=\"appearance-none text-white rotate-180\" data-toggle-indicator>\n                        &#9650;\n                    <\/span>\n                <\/button>\n\n                <div class=\"space-y-4 text-white [&#038;_a]:underline\" style=\"display: none\" data-content>\n                    <p>Pedimos al gobierno y al Banco de Espa\u00f1a que desbloqueen una financiaci\u00f3n asequible y accesible para la renovaci\u00f3n energ\u00e9tica de las viviendas. Es poco probable que los bancos den este paso por s\u00ed mismos. Tenemos que presionar a los gobiernos y a los reguladores para que obliguen a los bancos comerciales a controlar y mejorar la eficiencia energ\u00e9tica de las casas que garantizan sus pr\u00e9stamos hipotecarios, y para que desarrollen productos crediticios adecuados que permitan renovar las viviendas a un coste asequible. La Comisi\u00f3n Europea ya est\u00e1 dando pasos en esta direcci\u00f3n con su ambiciosa Estrategia Oleada de Renovaci\u00f3n(1).<\/p>\n\n\n                                            <div class=\"text-white italic text-sm !mt-12\">\n                            <p><em>1. Comunicaci\u00f3n de la Comisi\u00f3n Europea: Oleada de renovaci\u00f3n para Europa: ecologizar nuestros edificios, crear empleo y mejorar nuestras vidas (14-10-2020) accesible en: https:\/\/eur-lex.europa.eu\/legal-content\/ES\/TXT\/PDF\/?uri=CELEX:52020DC0662&amp;from=EN . Ver tambi\u00e9n el resumen (en ingl\u00e9s): https:\/\/energy.ec.europa.eu\/topics\/energy-efficiency\/energy-efficient-buildings\/renovation-wave_en<\/em><\/p>\n\n                        <\/div>\n                                    <\/div>\n            <\/div>\n                    <div class=\"space-y-4\" data-accordion>\n                <button type=\"button\" class=\"flex text-left lg:text-center items-center justify-between w-full text-white appearance-none border border-white text-lg px-4 py-2\" data-toggle>\n                    <strong>\u00bfPor qu\u00e9 el gobierno y el Banco de Espa\u00f1a deben hacer m\u00e1s?<\/strong>\n\n                    <span class=\"appearance-none text-white rotate-180\" data-toggle-indicator>\n                        &#9650;\n                    <\/span>\n                <\/button>\n\n                <div class=\"space-y-4 text-white [&#038;_a]:underline\" style=\"display: none\" data-content>\n                    <p>Los responsables pol\u00edticos est\u00e1n dando un apoyo decidido a la rehabilitaci\u00f3n energ\u00e9tica de edificios en Espa\u00f1a y en toda Europa ofreciendo subvenciones(2), desgravaciones fiscales(3) y otras actuaciones decisivas(4), pero actualmente existe un d\u00e9ficit de inversi\u00f3n de 275.000 millones de euros al a\u00f1o (5), una cantidad que los gobiernos no pueden cubrir por s\u00ed solos. Los bancos centrales, deben ofrecer pr\u00e9stamos con tipos de inter\u00e9s negativo a los bancos comerciales, con la condici\u00f3n de que ofrezcan pr\u00e9stamos accesibles y sin intereses para la rehabilitaci\u00f3n clim\u00e1tica de las viviendas.<\/p>\n<p>A su vez, el gobierno debe potenciar y acelerar la puesta en marcha de avales para familias vulnerables, la asistencia t\u00e9cnica gratuita a los hogares para ayudarles en sus proyectos de renovaci\u00f3n a trav\u00e9s de oficinas de ventanilla \u00fanica locales y la formaci\u00f3n de la mano de obra del sector de la construcci\u00f3n previstos.<\/p>\n\n\n                                            <div class=\"text-white italic text-sm !mt-12\">\n                            <p><em>2. <i>Ayudas por CCAA en materia de rehabilitaci\u00f3n residencial -A\u00fana- accesible en:<\/i>\u00a0<i>https:\/\/www.aunaforum.com\/actualidad\/ayudas\/<\/i><\/em><br \/>\n<em>3. <i>Deducciones por obras de mejora de la eficiencia energ\u00e9tica de las viviendas \u2013 AEAT \u2013 accesible en:<\/i>\u00a0<i>https:\/\/sede.agenciatributaria.gob.es\/Sede\/vivienda-otros-inmuebles\/deducciones-obras-mejora-eficiencia-energetica-viviendas.html<\/i><\/em><br \/>\n<em>4. <i>Aprobado el Real Decreto que impulsar\u00e1 la rehabilitaci\u00f3n de edificios y viviendas<\/i><i>\u00a0\u00a0\u00a0\u00a0<\/i><i>-Consejo superior de Colegios de Arquitectos de Espa\u00f1a (5\/10\/2021) accesible en:<\/i>\u00a0<i>http:\/\/cscae.com\/index.php\/conoce-cscae\/fondos-next-generation\/aprobado-el-real-decreto-que-impulsara-la-rehabilitacion-de-edificios-y-viviendas<\/i>#<br \/>\n5. Preguntas y Respuestas sobre la oleada de renovaciones \u2013 Comisi\u00f3n Europea https:\/\/ec.europa.eu\/commission\/presscorner\/detail\/en\/qanda_20_1836<\/em><\/p>\n\n                        <\/div>\n                                    <\/div>\n            <\/div>\n                    <div class=\"space-y-4\" data-accordion>\n                <button type=\"button\" class=\"flex text-left lg:text-center items-center justify-between w-full text-white appearance-none border border-white text-lg px-4 py-2\" data-toggle>\n                    <strong>\u00bfCu\u00e1les son las ventajas de las renovaciones energ\u00e9ticas para los hogares?<\/strong>\n\n                    <span class=\"appearance-none text-white rotate-180\" data-toggle-indicator>\n                        &#9650;\n                    <\/span>\n                <\/button>\n\n                <div class=\"space-y-4 text-white [&#038;_a]:underline\" style=\"display: none\" data-content>\n                    <p>Siete de cada 100 espa\u00f1oles\/as no pueden encender la calefacci\u00f3n en invierno (6). Y no solo por la guerra.\u00a0 Seg\u00fan un informe de la OCU de diciembre de 2021, la factura media de electricidad hab\u00eda ya aumentado un 41% en 2021, hasta los 949 euros anuales, frente a los 675 euros de 2020 (7). Las renovaciones energ\u00e9ticas reducen la factura energ\u00e9tica, por lo que las mejoras en el hogar se amortizan con el tiempo. Los \u00faltimos datos muestran que, con casas renovadas, los europeos podr\u00edan ahorrar hasta 1.100 euros al a\u00f1o (8). Para los 37 millones de hogares de la UE que viven en situaci\u00f3n de pobreza energ\u00e9tica, es una cifra enorme.<\/p>\n<p>Los hogares no s\u00f3lo ahorrar\u00e1n dinero, sino que, al vivir en casas m\u00e1s eficientes energ\u00e9ticamente y bien ventiladas, tambi\u00e9n se beneficiar\u00e1n de una mejor calidad del aire interior, mejorando su salud y calidad de vida.<\/p>\n\n\n                                            <div class=\"text-white italic text-sm !mt-12\">\n                            <p><em>6. Pobreza energ\u00e9tica: 7 de cada 100 espa\u00f1oles no tiene dinero para encender la calefacci\u00f3n (RTVE \u2013 7-1-2021) accesible en: https:\/\/www.rtve.es\/noticias\/20210107\/pobreza-energetica-espana-sin-calefaccion\/2062961.shtml<\/em><br \/>\n<em>7. Seguimiento precio electricidad: la factura de la luz de diciembre ser\u00e1 la m\u00e1s alta de la historia (OCU \u2013 31\/12\/2021) accesible en: https:\/\/www.ocu.org\/organizacion\/prensa\/notas-de-prensa\/2021\/precioluz301221<\/em><br \/>\n<em>8. The Renovation Wave can cut EU gas imports and reduce consumer bills ( Cambridge Econometrics \u2013 1\/10\/2021) accesible: https:\/\/www.camecon.com\/what\/our-work\/the-renovation-wave-can-cut-eu-gas-imports-and-reduce-consumer-bills\/#<\/em><\/p>\n\n                        <\/div>\n                                    <\/div>\n            <\/div>\n                    <div class=\"space-y-4\" data-accordion>\n                <button type=\"button\" class=\"flex text-left lg:text-center items-center justify-between w-full text-white appearance-none border border-white text-lg px-4 py-2\" data-toggle>\n                    <strong>\u00bfCu\u00e1les son las beneficios de las renovaciones para nuestro planeta?<\/strong>\n\n                    <span class=\"appearance-none text-white rotate-180\" data-toggle-indicator>\n                        &#9650;\n                    <\/span>\n                <\/button>\n\n                <div class=\"space-y-4 text-white [&#038;_a]:underline\" style=\"display: none\" data-content>\n                    <p>Nuestras casas tienen una enorme huella de carbono. En Espa\u00f1a, el 21% de las emisiones de gases de efecto invernadero se deben a los edificios, el 35% en las ciudades (9). La mejora de la eficiencia energ\u00e9tica en los hogares de toda Espa\u00f1a prepara las condiciones y facilita el paso a las fuentes de energ\u00eda verde y a la instalaci\u00f3n de bombas de calor para climatizaci\u00f3n, al reducir la demanda energ\u00e9tica total de los hogares.<\/p>\n\n\n                                            <div class=\"text-white italic text-sm !mt-12\">\n                            <p><em>9. Cuentas Medioambientales (Instituto Nacional de Estad\u00edstica \u2013 11\/11\/2020) accesible en: https:\/\/www.ine.es\/prensa\/cma_2019_ea.pdf<\/em><\/p>\n\n                        <\/div>\n                                    <\/div>\n            <\/div>\n                    <div class=\"space-y-4\" data-accordion>\n                <button type=\"button\" class=\"flex text-left lg:text-center items-center justify-between w-full text-white appearance-none border border-white text-lg px-4 py-2\" data-toggle>\n                    <strong>\u00bfCu\u00e1les son las beneficios de las renovaciones para nuestro econom\u00eda?<\/strong>\n\n                    <span class=\"appearance-none text-white rotate-180\" data-toggle-indicator>\n                        &#9650;\n                    <\/span>\n                <\/button>\n\n                <div class=\"space-y-4 text-white [&#038;_a]:underline\" style=\"display: none\" data-content>\n                    <p>La subida de precios a la que asistimos se debe sobre todo a la dependencia europea de energ\u00edas importadas como el gas y el petr\u00f3leo.<\/p>\n<p>Si los hogares europeos consumieran menos energ\u00eda, no s\u00f3lo Europa ser\u00eda m\u00e1s ecol\u00f3gica, sino que nuestra econom\u00eda ser\u00eda menos vulnerable a la volatilidad de los mercados mundiales y la geopol\u00edtica. La renovaci\u00f3n de los hogares es una de las v\u00edas clave hacia una econom\u00eda europea m\u00e1s resiliente y soberana.<\/p>\n<p>Invertir en la renovaci\u00f3n de viviendas tambi\u00e9n provocar\u00eda un efecto domin\u00f3 en el sector de la construcci\u00f3n y dar\u00eda un impulso al empleo en toda Espa\u00f1a. Estas inversiones en nuestro bienestar y nuestro futuro, generar\u00e1n hasta 108.000 nuevos puestos de trabajo estables y ecol\u00f3gicos (10).<\/p>\n\n\n                                            <div class=\"text-white italic text-sm !mt-12\">\n                            <p><em>10.\u00a0 La generaci\u00f3n de empleo en la rehabilitaci\u00f3n y modernizaci\u00f3n energ\u00e9tica de edificios y viviendas \u2013 2011 -CCOO accesible en: https:\/\/www.ccoo.es\/4b37b3c0b2a611804249579711cf9630000001.pdf<\/em><\/p>\n\n                        <\/div>\n                                    <\/div>\n            <\/div>\n                    <div class=\"space-y-4\" data-accordion>\n                <button type=\"button\" class=\"flex text-left lg:text-center items-center justify-between w-full text-white appearance-none border border-white text-lg px-4 py-2\" data-toggle>\n                    <strong>\u00bfPor qu\u00e9 esta es una petici\u00f3n razonable?<\/strong>\n\n                    <span class=\"appearance-none text-white rotate-180\" data-toggle-indicator>\n                        &#9650;\n                    <\/span>\n                <\/button>\n\n                <div class=\"space-y-4 text-white [&#038;_a]:underline\" style=\"display: none\" data-content>\n                    <p>Porque podemos abaratar mucho la renovaci\u00f3n ecol\u00f3gica cambiando la forma en que los bancos utilizan el dinero que reciben de los bancos centrales. Adem\u00e1s, existen precedentes: Durante la pandemia, los bancos centrales prestaron 2.000 millones de euros a los bancos. Los bancos ganaban dinero s\u00f3lo por pedir prestado al BCE, con muy pocas condiciones. Pedimos al BCE que haga un simple cambio en su pol\u00edtica monetaria: ofrecer tipos de inter\u00e9s m\u00e1s bajos a los bancos a condici\u00f3n de que pongan el dinero a disposici\u00f3n de las familias para la renovaci\u00f3n clim\u00e1tica de sus viviendas.<\/p>\n\n\n                                    <\/div>\n            <\/div>\n                    <div class=\"space-y-4\" data-accordion>\n                <button type=\"button\" class=\"flex text-left lg:text-center items-center justify-between w-full text-white appearance-none border border-white text-lg px-4 py-2\" data-toggle>\n                    <strong>\u00bfC\u00f3mo puede Espa\u00f1a alcanzar sus objetivos en renovaciones energ\u00e9ticas?<\/strong>\n\n                    <span class=\"appearance-none text-white rotate-180\" data-toggle-indicator>\n                        &#9650;\n                    <\/span>\n                <\/button>\n\n                <div class=\"space-y-4 text-white [&#038;_a]:underline\" style=\"display: none\" data-content>\n                    <p>Las renovaciones energ\u00e9ticas que mejoran la eficiencia energ\u00e9tica de un edificio en al menos un 60% se llevan a cabo anualmente en tan solo el 0,2% del parque inmobiliario(8) En la actualidad, Espa\u00f1a s\u00f3lo renueva 30.000 viviendas al a\u00f1o y menos de un tercio reduce el consumo de energ\u00eda del edificio. Sin embargo, para alcanzar el objetivo de neutralidad clim\u00e1tica en 2050, el pa\u00eds deber\u00eda aspirar a realizar 300.000 renovaciones al a\u00f1o para 2030 y mantener ese ritmo durante 20 a\u00f1os (9). Espa\u00f1a necesita renovar 17 millones de viviendas (10) y los nuevos fondos liberados por el \u201cPlan Espa\u00f1a Puede (11) s\u00f3lo facilitar\u00e1n 250.000 renovaciones adicionales, lo que sigue siendo muy inferior al objetivo.<\/p>\n\n\n                                            <div class=\"text-white italic text-sm !mt-12\">\n                            <p>(8) Preguntas y Respuestas sobre la oleada de renovaci\u00f3n &#8211; Comisi\u00f3n Europea: https:\/\/ec.europa.eu\/commission\/presscorner\/detail\/es\/qanda_20_1836<\/p>\n<p>(9) Plan nacional integrado de energ\u00eda y clima enero 2020 \u2013 p\u00e1gina 146: https:\/\/www.miteco.gob.es\/es\/prensa\/pniec.aspx<\/p>\n<p>(10) ERESEE 2020. Actualizaci\u00f3n 2020 de la Estrategia a largo plazo para la Rehabilitaci\u00f3n Energ\u00e9tica en el Sector de la Edificaci\u00f3n en Espa\u00f1a: https:\/\/www.miteco.gob.es\/es\/prensa\/pniec.aspx<\/p>\n<p>(11) Plan de Recuperaci\u00f3n y Resiliencia Espa\u00f1a Puede &#8211; 2020: https:\/\/www.lamoncloa.gob.es\/presidente\/actividades\/Paginas\/2020\/espana-puede.aspx<\/p>\n\n                        <\/div>\n                                    <\/div>\n            <\/div>\n                    <div class=\"space-y-4\" data-accordion>\n                <button type=\"button\" class=\"flex text-left lg:text-center items-center justify-between w-full text-white appearance-none border border-white text-lg px-4 py-2\" data-toggle>\n                    <strong>\u00bfPor qu\u00e9 necesitamos soberan\u00eda energ\u00e9tica?<\/strong>\n\n                    <span class=\"appearance-none text-white rotate-180\" data-toggle-indicator>\n                        &#9650;\n                    <\/span>\n                <\/button>\n\n                <div class=\"space-y-4 text-white [&#038;_a]:underline\" style=\"display: none\" data-content>\n                    <p>Espa\u00f1a depende del gas de pa\u00edses como Argelia, EEUU, Nigeria y Catar (12), por lo que sustituir el gas que importa desde Rusia con gas procedente de estos pa\u00edses no es una soluci\u00f3n al problema subyacente. No podemos seguir dependiendo de la situaci\u00f3n geopol\u00edtica para aclimatar nuestros hogares.<\/p>\n<p>Espa\u00f1a no deber\u00eda verse tentada por el aumento de su influencia geopol\u00edtica y econ\u00f3mica sobre Europa a trav\u00e9s del incremento de suministros procedentes de\u00a0 otros pa\u00edses. Esto solo exacerbar\u00e1 las tensiones existentes en la regi\u00f3n, lo que podr\u00eda colocar a Espa\u00f1a en una situaci\u00f3n complicada y exponer a sus ciudadanos a m\u00e1s subidas de precios(13). En su lugar, debe intentar desarrollar su independencia energ\u00e9tica a trav\u00e9s de la reducci\u00f3n del consumo de combustibles f\u00f3siles, la mejora de la eficiencia energ\u00e9tica y las energ\u00edas renovables.<\/p>\n\n\n                                            <div class=\"text-white italic text-sm !mt-12\">\n                            <p>(12) Espa\u00f1a importa gas de 16 pa\u00edses y cuatro veces m\u00e1s caro que hace un a\u00f1o. https:\/\/www.elindependiente.com\/economia\/2022\/04\/27\/espana-importa-gas-de-16-paises-y-cuatro-veces-mas-caro-que-hace-un-ano\/<\/p>\n<p>(13) Alreria threatens to cut gas contract with Spain. https:\/\/www.euractiv.com\/section\/global-europe\/news\/algeria-threatens-to-cut-gas-contract-with-spain\/<\/p>\n<p>&nbsp;<\/p>\n\n                        <\/div>\n                                    <\/div>\n            <\/div>\n            <\/div>\n<\/section>","protected":false},"excerpt":{"rendered":"","protected":false},"author":6,"featured_media":0,"parent":0,"menu_order":0,"comment_status":"closed","ping_status":"closed","template":"","meta":{"footnotes":""},"class_list":["post-23","page","type-page","status-publish","hentry"],"acf":[],"yoast_head":"<!-- This site is optimized with the Yoast SEO plugin v19.6.1 - https:\/\/yoast.com\/wordpress\/plugins\/seo\/ -->\n<title>FAQs - Unlock ES<\/title>\n<meta name=\"robots\" content=\"index, follow, max-snippet:-1, max-image-preview:large, max-video-preview:-1\" \/>\n<link rel=\"canonical\" href=\"https:\/\/unlock.green\/es\/faqs\/\" \/>\n<meta property=\"og:locale\" content=\"es_ES\" \/>\n<meta property=\"og:type\" content=\"article\" \/>\n<meta property=\"og:title\" content=\"FAQs - Unlock ES\" \/>\n<meta property=\"og:url\" content=\"https:\/\/unlock.green\/es\/faqs\/\" \/>\n<meta property=\"og:site_name\" content=\"Unlock ES\" \/>\n<meta property=\"article:modified_time\" content=\"2022-09-15T15:01:57+00:00\" \/>\n<meta name=\"twitter:card\" content=\"summary_large_image\" \/>\n<script type=\"application\/ld+json\" class=\"yoast-schema-graph\">{\"@context\":\"https:\/\/schema.org\",\"@graph\":[{\"@type\":\"WebPage\",\"@id\":\"https:\/\/unlock.green\/es\/faqs\/\",\"url\":\"https:\/\/unlock.green\/es\/faqs\/\",\"name\":\"FAQs - Unlock ES\",\"isPartOf\":{\"@id\":\"https:\/\/unlock.green\/es\/#website\"},\"datePublished\":\"2022-09-02T13:12:19+00:00\",\"dateModified\":\"2022-09-15T15:01:57+00:00\",\"breadcrumb\":{\"@id\":\"https:\/\/unlock.green\/es\/faqs\/#breadcrumb\"},\"inLanguage\":\"es\",\"potentialAction\":[{\"@type\":\"ReadAction\",\"target\":[\"https:\/\/unlock.green\/es\/faqs\/\"]}]},{\"@type\":\"BreadcrumbList\",\"@id\":\"https:\/\/unlock.green\/es\/faqs\/#breadcrumb\",\"itemListElement\":[{\"@type\":\"ListItem\",\"position\":1,\"name\":\"Home\",\"item\":\"https:\/\/unlock.green\/es\/\"},{\"@type\":\"ListItem\",\"position\":2,\"name\":\"FAQs\"}]},{\"@type\":\"WebSite\",\"@id\":\"https:\/\/unlock.green\/es\/#website\",\"url\":\"https:\/\/unlock.green\/es\/\",\"name\":\"Unlock ES\",\"description\":\"Just another Unlock Green Network site\",\"potentialAction\":[{\"@type\":\"SearchAction\",\"target\":{\"@type\":\"EntryPoint\",\"urlTemplate\":\"https:\/\/unlock.green\/es\/?s={search_term_string}\"},\"query-input\":\"required name=search_term_string\"}],\"inLanguage\":\"es\"}]}<\/script>\n<!-- \/ Yoast SEO plugin. -->","yoast_head_json":{"title":"FAQs - Unlock ES","robots":{"index":"index","follow":"follow","max-snippet":"max-snippet:-1","max-image-preview":"max-image-preview:large","max-video-preview":"max-video-preview:-1"},"canonical":"https:\/\/unlock.green\/es\/faqs\/","og_locale":"es_ES","og_type":"article","og_title":"FAQs - Unlock ES","og_url":"https:\/\/unlock.green\/es\/faqs\/","og_site_name":"Unlock ES","article_modified_time":"2022-09-15T15:01:57+00:00","twitter_card":"summary_large_image","schema":{"@context":"https:\/\/schema.org","@graph":[{"@type":"WebPage","@id":"https:\/\/unlock.green\/es\/faqs\/","url":"https:\/\/unlock.green\/es\/faqs\/","name":"FAQs - Unlock ES","isPartOf":{"@id":"https:\/\/unlock.green\/es\/#website"},"datePublished":"2022-09-02T13:12:19+00:00","dateModified":"2022-09-15T15:01:57+00:00","breadcrumb":{"@id":"https:\/\/unlock.green\/es\/faqs\/#breadcrumb"},"inLanguage":"es","potentialAction":[{"@type":"ReadAction","target":["https:\/\/unlock.green\/es\/faqs\/"]}]},{"@type":"BreadcrumbList","@id":"https:\/\/unlock.green\/es\/faqs\/#breadcrumb","itemListElement":[{"@type":"ListItem","position":1,"name":"Home","item":"https:\/\/unlock.green\/es\/"},{"@type":"ListItem","position":2,"name":"FAQs"}]},{"@type":"WebSite","@id":"https:\/\/unlock.green\/es\/#website","url":"https:\/\/unlock.green\/es\/","name":"Unlock ES","description":"Just another Unlock Green Network site","potentialAction":[{"@type":"SearchAction","target":{"@type":"EntryPoint","urlTemplate":"https:\/\/unlock.green\/es\/?s={search_term_string}"},"query-input":"required name=search_term_string"}],"inLanguage":"es"}]}},"_links":{"self":[{"href":"https:\/\/unlock.green\/es\/wp-json\/wp\/v2\/pages\/23","targetHints":{"allow":["GET"]}}],"collection":[{"href":"https:\/\/unlock.green\/es\/wp-json\/wp\/v2\/pages"}],"about":[{"href":"https:\/\/unlock.green\/es\/wp-json\/wp\/v2\/types\/page"}],"author":[{"embeddable":true,"href":"https:\/\/unlock.green\/es\/wp-json\/wp\/v2\/users\/6"}],"replies":[{"embeddable":true,"href":"https:\/\/unlock.green\/es\/wp-json\/wp\/v2\/comments?post=23"}],"version-history":[{"count":0,"href":"https:\/\/unlock.green\/es\/wp-json\/wp\/v2\/pages\/23\/revisions"}],"wp:attachment":[{"href":"https:\/\/unlock.green\/es\/wp-json\/wp\/v2\/media?parent=23"}],"curies":[{"name":"wp","href":"https:\/\/api.w.org\/{rel}","templated":true}]}}